{"id":3296,"date":"2025-11-04T08:06:31","date_gmt":"2025-11-04T08:06:31","guid":{"rendered":"https:\/\/mountlaser.com\/?post_type=product&#038;p=3296"},"modified":"2025-11-28T02:41:47","modified_gmt":"2025-11-28T02:41:47","slug":"bp001-ball-prism-with-magnetic-base","status":"publish","type":"product","link":"https:\/\/mountlaser.com\/es\/producto\/bp001-ball-prism-with-magnetic-base\/","title":{"rendered":"BP001 Prisma esf\u00e9rico con base magn\u00e9tica"},"content":{"rendered":"<p>Introducci\u00f3n del producto: prisma esf\u00e9rico con base magn\u00e9tica BP001<\/p>\n<p>El <a href=\"https:\/\/mountlaser.com\/es\/about-us\/\"><strong>BP001 Prisma esf\u00e9rico con base magn\u00e9tica<\/strong><\/a> Es un dise\u00f1o de precisi\u00f3n <a href=\"https:\/\/mountlaser.com\/es\/products\/\"><strong>prisma de monitoreo esf\u00e9rico<\/strong><\/a> Dise\u00f1ado para el seguimiento preciso de deformaciones, la alineaci\u00f3n y la monitorizaci\u00f3n estructural en entornos exigentes como t\u00faneles, obras y redes geod\u00e9sicas. Este prisma esf\u00e9rico BP001 de alta precisi\u00f3n con base magn\u00e9tica combina flexibilidad, estabilidad y repetibilidad, lo que lo convierte en la opci\u00f3n ideal para top\u00f3grafos profesionales e ingenieros de monitorizaci\u00f3n.<\/p>\n<p>Fabricado con una esfera de acero inoxidable resistente a la corrosi\u00f3n y equipado con un potente pedestal magn\u00e9tico, el prisma esf\u00e9rico de monitoreo garantiza un montaje r\u00e1pido y seguro en superficies met\u00e1licas sin necesidad de herramientas adicionales. Su base magn\u00e9tica permite un f\u00e1cil reposicionamiento para mediciones repetidas, manteniendo una precisi\u00f3n constante.<\/p>\n<p><img fetchpriority=\"high\" decoding=\"async\" class=\"aligncenter wp-image-3298\" src=\"https:\/\/mountlaser.com\/wp-content\/uploads\/2025\/11\/BP0012.webp\" alt=\"spherical monitoring prism\" width=\"500\" height=\"500\" srcset=\"https:\/\/mountlaser.com\/wp-content\/uploads\/2025\/11\/BP0012.webp 1000w, https:\/\/mountlaser.com\/wp-content\/uploads\/2025\/11\/BP0012-300x300.webp 300w, https:\/\/mountlaser.com\/wp-content\/uploads\/2025\/11\/BP0012-400x400.webp 400w, https:\/\/mountlaser.com\/wp-content\/uploads\/2025\/11\/BP0012-800x800.webp 800w, https:\/\/mountlaser.com\/wp-content\/uploads\/2025\/11\/BP0012-600x600.webp 600w, https:\/\/mountlaser.com\/wp-content\/uploads\/2025\/11\/BP0012-150x150.webp 150w, https:\/\/mountlaser.com\/wp-content\/uploads\/2025\/11\/BP0012-768x768.webp 768w, https:\/\/mountlaser.com\/wp-content\/uploads\/2025\/11\/BP0012-12x12.webp 12w\" sizes=\"(max-width: 500px) 100vw, 500px\" \/><\/p>\n<p>El <a href=\"https:\/\/mountlaser.com\/es\/contact-us\/\">Prisma esf\u00e9rico BP001 con base magn\u00e9tica<\/a> Est\u00e1 disponible en varias configuraciones:<\/p>\n<p>BP001A: Prisma \u00d817,8 mm, Bola \u00d830 mm<\/p>\n<p>BP001B: Prisma \u00d825,4 mm, Bola \u00d838,1 mm<\/p>\n<p>BP002A: Prisma \u00d817,8 mm, Bola \u00d830 mm con anillo de prisma negro<\/p>\n<p>BP002B: Prisma \u00d825,4 mm, Bola \u00d838,1 mm con anillo de prisma negro<\/p>\n<p>BP002C: Prisma \u00d825,4 mm, Bola \u00d845 mm con anillo de prisma negro<\/p>\n<p>Para necesidades de medici\u00f3n especializadas, este prisma de monitoreo esf\u00e9rico se puede suministrar con superficies de prisma revestidas de cobre o plata para un mejor retorno de se\u00f1al en condiciones de campo variables.<\/p>","protected":false},"excerpt":{"rendered":"<ul>\n<li>Construcci\u00f3n de alta resistencia: la esfera de acero inoxidable proporciona resistencia a la corrosi\u00f3n y durabilidad a largo plazo.<\/li>\n<li>Montaje magn\u00e9tico: la base magn\u00e9tica fuerte permite una colocaci\u00f3n r\u00e1pida y sin herramientas en superficies met\u00e1licas.<\/li>\n<li>Opciones de modelo flexible: M\u00faltiples tama\u00f1os de prismas y bolas para adaptarse a las configuraciones de monitoreo.<\/li>\n<li>Recubrimientos personalizables: Opciones de recubrimiento de cobre o plata para una reflectividad optimizada.<\/li>\n<\/ul>","protected":false},"featured_media":3302,"comment_status":"open","ping_status":"closed","template":"","meta":[],"product_brand":[],"product_cat":[72,112],"product_tag":[],"class_list":{"0":"post-3296","1":"product","2":"type-product","3":"status-publish","4":"has-post-thumbnail","6":"product_cat-reflective-target-prism","7":"product_cat-monitoring-prism","9":"first","10":"instock","11":"shipping-taxable","12":"product-type-simple"},"_links":{"self":[{"href":"https:\/\/mountlaser.com\/es\/wp-json\/wp\/v2\/product\/3296","targetHints":{"allow":["GET"]}}],"collection":[{"href":"https:\/\/mountlaser.com\/es\/wp-json\/wp\/v2\/product"}],"about":[{"href":"https:\/\/mountlaser.com\/es\/wp-json\/wp\/v2\/types\/product"}],"replies":[{"embeddable":true,"href":"https:\/\/mountlaser.com\/es\/wp-json\/wp\/v2\/comments?post=3296"}],"wp:featuredmedia":[{"embeddable":true,"href":"https:\/\/mountlaser.com\/es\/wp-json\/wp\/v2\/media\/3302"}],"wp:attachment":[{"href":"https:\/\/mountlaser.com\/es\/wp-json\/wp\/v2\/media?parent=3296"}],"wp:term":[{"taxonomy":"product_brand","embeddable":true,"href":"https:\/\/mountlaser.com\/es\/wp-json\/wp\/v2\/product_brand?post=3296"},{"taxonomy":"product_cat","embeddable":true,"href":"https:\/\/mountlaser.com\/es\/wp-json\/wp\/v2\/product_cat?post=3296"},{"taxonomy":"product_tag","embeddable":true,"href":"https:\/\/mountlaser.com\/es\/wp-json\/wp\/v2\/product_tag?post=3296"}],"curies":[{"name":"wp","href":"https:\/\/api.w.org\/{rel}","templated":true}]}}