{"id":3293,"date":"2025-11-04T07:46:37","date_gmt":"2025-11-04T07:46:37","guid":{"rendered":"https:\/\/mountlaser.com\/?post_type=product&#038;p=3293"},"modified":"2025-11-28T02:43:26","modified_gmt":"2025-11-28T02:43:26","slug":"premium-t-series-rtf30-fiberglass-tripod","status":"publish","type":"product","link":"https:\/\/mountlaser.com\/es\/producto\/premium-t-series-rtf30-fiberglass-tripod\/","title":{"rendered":"Tr\u00edpode de fibra de vidrio Premium Serie T RTF30"},"content":{"rendered":"<p>El <a href=\"https:\/\/mountlaser.com\/es\/\"><strong>Tr\u00edpode de fibra de vidrio Premium Serie T RTF30<\/strong><\/a> El tr\u00edpode Mount Laser establece un nuevo est\u00e1ndar de fiabilidad en entornos topogr\u00e1ficos exigentes. Dise\u00f1ado como un aut\u00e9ntico tr\u00edpode de fibra de vidrio de alta resistencia con patas redondas, este modelo ofrece una estabilidad excepcional para instrumentos de alta precisi\u00f3n como estaciones totales y esc\u00e1neres l\u00e1ser 3D.<\/p>\n<p>Con un dise\u00f1o de cabezal redondo grande, este robusto tr\u00edpode topogr\u00e1fico de fibra de vidrio est\u00e1 dise\u00f1ado para soportar el uso diario riguroso con una precisi\u00f3n milim\u00e9trica. Fabricado con fibra de vidrio de primera calidad, ofrece una resistencia superior al impacto y una gran durabilidad, lo que lo convierte en... <a href=\"https:\/\/mountlaser.com\/es\/products\/\"><strong>Tr\u00edpode de fibra de vidrio de alta resistencia con patas redondas<\/strong><\/a> La elecci\u00f3n ideal para sitios de construcci\u00f3n y estudios topogr\u00e1ficos desafiantes.<br \/>\nCon sus propiedades resistentes a la corrosi\u00f3n y construcci\u00f3n reforzada, este tr\u00edpode de topograf\u00eda profesional de fibra de vidrio garantiza un rendimiento a largo plazo en cualquier condici\u00f3n de trabajo.<\/p>\n<figure id=\"attachment_3295\" aria-describedby=\"caption-attachment-3295\" style=\"width: 500px\" class=\"wp-caption aligncenter\"><img fetchpriority=\"high\" decoding=\"async\" class=\"wp-image-3295\" src=\"https:\/\/mountlaser.com\/wp-content\/uploads\/2025\/11\/RTF30-BCD2.webp\" alt=\"Heavy Duty Fiberglass Round Leg Tripod\" width=\"500\" height=\"500\" srcset=\"https:\/\/mountlaser.com\/wp-content\/uploads\/2025\/11\/RTF30-BCD2.webp 1000w, https:\/\/mountlaser.com\/wp-content\/uploads\/2025\/11\/RTF30-BCD2-300x300.webp 300w, https:\/\/mountlaser.com\/wp-content\/uploads\/2025\/11\/RTF30-BCD2-400x400.webp 400w, https:\/\/mountlaser.com\/wp-content\/uploads\/2025\/11\/RTF30-BCD2-800x800.webp 800w, https:\/\/mountlaser.com\/wp-content\/uploads\/2025\/11\/RTF30-BCD2-600x600.webp 600w, https:\/\/mountlaser.com\/wp-content\/uploads\/2025\/11\/RTF30-BCD2-150x150.webp 150w, https:\/\/mountlaser.com\/wp-content\/uploads\/2025\/11\/RTF30-BCD2-768x768.webp 768w, https:\/\/mountlaser.com\/wp-content\/uploads\/2025\/11\/RTF30-BCD2-12x12.webp 12w\" sizes=\"(max-width: 500px) 100vw, 500px\" \/><figcaption id=\"caption-attachment-3295\" class=\"wp-caption-text\">Tr\u00edpode de fibra de vidrio de alta resistencia con patas redondas<\/figcaption><\/figure>\n<p>&nbsp;<\/p>\n<p><strong>Especificaciones del tr\u00edpode de fibra de vidrio Premium T Series RTF30<\/strong><\/p>\n<table style=\"border-collapse: collapse; width: 650.27pt;\" border=\"0\" width=\"867\" cellspacing=\"0\" cellpadding=\"0\">\n<tbody>\n<tr style=\"height: 14.25pt;\">\n<td class=\"et2\" style=\"height: 14.25pt; width: 122.25pt;\" width=\"163\" height=\"19\">N\u00daMERO<\/td>\n<td class=\"et2\" style=\"width: 97.50pt;\" width=\"130\">PIERNAS<\/td>\n<td class=\"et2\" style=\"width: 90.75pt;\" width=\"121\">CABEZA<\/td>\n<td class=\"et2\" style=\"width: 100.50pt;\" width=\"134\">TIPO DE BLOQUEO<\/td>\n<td class=\"et2\" style=\"width: 99.00pt;\" width=\"132\">HARDWARE<\/td>\n<td class=\"et2\" style=\"width: 86.25pt;\" width=\"115\">EXTENSI\u00d3N<\/td>\n<td class=\"et2\" style=\"width: 54.00pt;\" width=\"72\">noroeste<\/td>\n<\/tr>\n<tr style=\"height: 14.25pt;\">\n<td class=\"et2\" style=\"height: 14.25pt;\" height=\"19\">RTF30-BCD<\/td>\n<td class=\"et2\">Fibra de vidrio<\/td>\n<td class=\"et2\">166 mm redondo<\/td>\n<td class=\"et2\">Abrazadera doble<\/td>\n<td class=\"et2\">Negro<\/td>\n<td class=\"et2\">180 cent\u00edmetros<\/td>\n<td class=\"et2\">8,0 kilogramos<\/td>\n<\/tr>\n<\/tbody>\n<\/table>","protected":false},"excerpt":{"rendered":"<ul>\n<li>La construcci\u00f3n resistente de patas redondas de fibra de vidrio garantiza m\u00e1xima estabilidad y durabilidad.<\/li>\n<li>Excelente resistencia al impacto y durabilidad bajo tensi\u00f3n para una confiabilidad a largo plazo.<\/li>\n<li>La resistencia superior a la corrosi\u00f3n extiende la vida \u00fatil en entornos hostiles<\/li>\n<li>Tr\u00edpode de fibra de vidrio resistente con patas redondas. Incluye una c\u00f3moda correa de mano para transportarlo f\u00e1cilmente a diferentes lugares de trabajo.<\/li>\n<\/ul>","protected":false},"featured_media":3294,"comment_status":"open","ping_status":"closed","template":"","meta":[],"product_brand":[],"product_cat":[91,113],"product_tag":[],"class_list":{"0":"post-3293","1":"product","2":"type-product","3":"status-publish","4":"has-post-thumbnail","6":"product_cat-bipod-tripod","7":"product_cat-wood-fiberglass-tripods","9":"first","10":"instock","11":"shipping-taxable","12":"product-type-simple"},"_links":{"self":[{"href":"https:\/\/mountlaser.com\/es\/wp-json\/wp\/v2\/product\/3293","targetHints":{"allow":["GET"]}}],"collection":[{"href":"https:\/\/mountlaser.com\/es\/wp-json\/wp\/v2\/product"}],"about":[{"href":"https:\/\/mountlaser.com\/es\/wp-json\/wp\/v2\/types\/product"}],"replies":[{"embeddable":true,"href":"https:\/\/mountlaser.com\/es\/wp-json\/wp\/v2\/comments?post=3293"}],"wp:featuredmedia":[{"embeddable":true,"href":"https:\/\/mountlaser.com\/es\/wp-json\/wp\/v2\/media\/3294"}],"wp:attachment":[{"href":"https:\/\/mountlaser.com\/es\/wp-json\/wp\/v2\/media?parent=3293"}],"wp:term":[{"taxonomy":"product_brand","embeddable":true,"href":"https:\/\/mountlaser.com\/es\/wp-json\/wp\/v2\/product_brand?post=3293"},{"taxonomy":"product_cat","embeddable":true,"href":"https:\/\/mountlaser.com\/es\/wp-json\/wp\/v2\/product_cat?post=3293"},{"taxonomy":"product_tag","embeddable":true,"href":"https:\/\/mountlaser.com\/es\/wp-json\/wp\/v2\/product_tag?post=3293"}],"curies":[{"name":"wp","href":"https:\/\/api.w.org\/{rel}","templated":true}]}}