{"id":3280,"date":"2025-11-04T07:37:26","date_gmt":"2025-11-04T07:37:26","guid":{"rendered":"https:\/\/mountlaser.com\/?post_type=product&#038;p=3280"},"modified":"2025-11-28T02:53:40","modified_gmt":"2025-11-28T02:53:40","slug":"premium-t-series-rtw20a-wooden-tripod","status":"publish","type":"product","link":"https:\/\/mountlaser.com\/es\/producto\/premium-t-series-rtw20a-wooden-tripod\/","title":{"rendered":"Tr\u00edpode de madera RTW20A de la serie T premium"},"content":{"rendered":"<p>El <a href=\"https:\/\/mountlaser.com\/es\/\"><strong>Tr\u00edpode de madera RTW20A de la serie T premium<\/strong><\/a> El tr\u00edpode de madera de Mount Laser representa la s\u00edntesis perfecta entre la artesan\u00eda tradicional y las necesidades topogr\u00e1ficas modernas. Dise\u00f1ado como un fiable tr\u00edpode de madera de resistencia media, ofrece la excepcional estabilidad y amortiguaci\u00f3n de vibraciones en la que conf\u00edan los profesionales. Disponible en dos configuraciones: el tr\u00edpode de madera de cabeza plana RTW20A y el... <a href=\"https:\/\/mountlaser.com\/es\/products\/\">Tr\u00edpode de madera Big Round Head RTW20A<\/a> \u2013 Este modelo es ideal para usar con teodolitos y estaciones totales, lo que garantiza que sus instrumentos est\u00e9n montados de forma segura para obtener lecturas precisas.<\/p>\n<p><img fetchpriority=\"high\" decoding=\"async\" class=\"aligncenter wp-image-3282\" src=\"https:\/\/mountlaser.com\/wp-content\/uploads\/2025\/11\/rtw20a.webp\" alt=\"Medium-Duty Wooden Tripod\" width=\"500\" height=\"500\" srcset=\"https:\/\/mountlaser.com\/wp-content\/uploads\/2025\/11\/rtw20a.webp 800w, https:\/\/mountlaser.com\/wp-content\/uploads\/2025\/11\/rtw20a-300x300.webp 300w, https:\/\/mountlaser.com\/wp-content\/uploads\/2025\/11\/rtw20a-400x400.webp 400w, https:\/\/mountlaser.com\/wp-content\/uploads\/2025\/11\/rtw20a-600x600.webp 600w, https:\/\/mountlaser.com\/wp-content\/uploads\/2025\/11\/rtw20a-150x150.webp 150w, https:\/\/mountlaser.com\/wp-content\/uploads\/2025\/11\/rtw20a-768x768.webp 768w, https:\/\/mountlaser.com\/wp-content\/uploads\/2025\/11\/rtw20a-12x12.webp 12w\" sizes=\"(max-width: 500px) 100vw, 500px\" \/><\/p>\n<p>Fabricado con madera seleccionada de alta calidad, este tr\u00edpode de madera de precisi\u00f3n de resistencia media ofrece una estabilidad superior y un rendimiento antitorsi\u00f3n mejorado en comparaci\u00f3n con los modelos est\u00e1ndar. Su dise\u00f1o de tama\u00f1o mediano ofrece el equilibrio perfecto entre una base s\u00f3lida en el campo y una portabilidad relativa. Como vers\u00e1til tr\u00edpode de madera de resistencia media, est\u00e1 equipado con un perno de horquilla de lat\u00f3n est\u00e1ndar de 5\/8\u2033-11, lo que garantiza una amplia compatibilidad y resistencia a la corrosi\u00f3n. Para los top\u00f3grafos que valoran el rendimiento constante y la resistencia natural de la madera, el RTW20A es el tr\u00edpode de madera de precisi\u00f3n definitivo para una amplia gama de aplicaciones.<\/p>\n<p>&nbsp;<\/p>\n<p><strong><a href=\"https:\/\/mountlaser.com\/es\/contact-us\/\">Serie T Premium RTW20A<\/a> Especificaciones del tr\u00edpode de madera<\/strong><\/p>\n<table style=\"border-collapse: collapse; width: 650.27pt;\" border=\"0\" width=\"867\" cellspacing=\"0\" cellpadding=\"0\">\n<tbody>\n<tr style=\"height: 14.25pt;\">\n<td class=\"et2\" style=\"height: 14.25pt; width: 122.25pt;\" width=\"163\" height=\"19\">N\u00daMERO<\/td>\n<td class=\"et2\" style=\"width: 97.50pt;\" width=\"130\">PIERNAS<\/td>\n<td class=\"et2\" style=\"width: 90.75pt;\" width=\"121\">CABEZA<\/td>\n<td class=\"et2\" style=\"width: 100.50pt;\" width=\"134\">TIPO DE BLOQUEO<\/td>\n<td class=\"et2\" style=\"width: 99.00pt;\" width=\"132\">HARDWARE<\/td>\n<td class=\"et2\" style=\"width: 86.25pt;\" width=\"115\">EXTENSI\u00d3N<\/td>\n<td class=\"et2\" style=\"width: 54.00pt;\" width=\"72\">noroeste<\/td>\n<\/tr>\n<tr style=\"height: 14.25pt;\">\n<td class=\"et2\" style=\"height: 14.25pt;\" height=\"19\">RTW20A-FCTBK<\/td>\n<td class=\"et2\">Madera<\/td>\n<td class=\"et2\">160 mm plano<\/td>\n<td class=\"et2\">Abrazadera giratoria<\/td>\n<td class=\"et2\">Negro<\/td>\n<td class=\"et2\">172 cent\u00edmetros<\/td>\n<td class=\"et2\">5,8 kilos<\/td>\n<\/tr>\n<tr style=\"height: 14.25pt;\">\n<td class=\"et2\" style=\"height: 14.25pt;\" height=\"19\">RTW20A-FCDBK<\/td>\n<td class=\"et2\">Madera<\/td>\n<td class=\"et2\">160 mm plano<\/td>\n<td class=\"et2\">Abrazadera doble<\/td>\n<td class=\"et2\">Negro<\/td>\n<td class=\"et2\">167 cent\u00edmetros<\/td>\n<td class=\"et2\">6,2 kilos<\/td>\n<\/tr>\n<\/tbody>\n<\/table>","protected":false},"excerpt":{"rendered":"<ul>\n<li>Presenta un rendimiento antitorsi\u00f3n mejorado debido a su robusta construcci\u00f3n de patas de madera.<\/li>\n<li>El dise\u00f1o de servicio mediano proporciona un equilibrio \u00f3ptimo entre una plataforma resistente y portabilidad en el campo.<\/li>\n<li>La elecci\u00f3n ideal para profesionales que buscan un tr\u00edpode de madera de precisi\u00f3n confiable para mediciones cr\u00edticas.<\/li>\n<\/ul>","protected":false},"featured_media":3281,"comment_status":"open","ping_status":"closed","template":"","meta":[],"product_brand":[],"product_cat":[91,113],"product_tag":[],"class_list":{"0":"post-3280","1":"product","2":"type-product","3":"status-publish","4":"has-post-thumbnail","6":"product_cat-bipod-tripod","7":"product_cat-wood-fiberglass-tripods","9":"first","10":"instock","11":"shipping-taxable","12":"product-type-simple"},"_links":{"self":[{"href":"https:\/\/mountlaser.com\/es\/wp-json\/wp\/v2\/product\/3280","targetHints":{"allow":["GET"]}}],"collection":[{"href":"https:\/\/mountlaser.com\/es\/wp-json\/wp\/v2\/product"}],"about":[{"href":"https:\/\/mountlaser.com\/es\/wp-json\/wp\/v2\/types\/product"}],"replies":[{"embeddable":true,"href":"https:\/\/mountlaser.com\/es\/wp-json\/wp\/v2\/comments?post=3280"}],"wp:featuredmedia":[{"embeddable":true,"href":"https:\/\/mountlaser.com\/es\/wp-json\/wp\/v2\/media\/3281"}],"wp:attachment":[{"href":"https:\/\/mountlaser.com\/es\/wp-json\/wp\/v2\/media?parent=3280"}],"wp:term":[{"taxonomy":"product_brand","embeddable":true,"href":"https:\/\/mountlaser.com\/es\/wp-json\/wp\/v2\/product_brand?post=3280"},{"taxonomy":"product_cat","embeddable":true,"href":"https:\/\/mountlaser.com\/es\/wp-json\/wp\/v2\/product_cat?post=3280"},{"taxonomy":"product_tag","embeddable":true,"href":"https:\/\/mountlaser.com\/es\/wp-json\/wp\/v2\/product_tag?post=3280"}],"curies":[{"name":"wp","href":"https:\/\/api.w.org\/{rel}","templated":true}]}}