{"id":3279,"date":"2025-11-04T07:43:20","date_gmt":"2025-11-04T07:43:20","guid":{"rendered":"https:\/\/mountlaser.com\/?post_type=product&#038;p=3279"},"modified":"2025-11-28T02:52:06","modified_gmt":"2025-11-28T02:52:06","slug":"mp109-angled-mini-prism","status":"publish","type":"product","link":"https:\/\/mountlaser.com\/es\/producto\/mp109-angled-mini-prism\/","title":{"rendered":"MP109 Mini prisma en \u00e1ngulo"},"content":{"rendered":"<p>La serie MP109 de miniprismas angulares est\u00e1 dise\u00f1ada para la monitorizaci\u00f3n precisa y a largo plazo de estructuras y deformaciones en entornos exigentes como ferrocarriles, puentes y t\u00faneles. Disponible en dos modelos: MP109S, miniprisma retrorreflectivo simple, y MP109D. <a href=\"https:\/\/mountlaser.com\/es\/products\/\"><strong>Mini prisma retrorreflectante dual<\/strong><\/a> \u2014 Este sistema proporciona precisi\u00f3n confiable y opciones de instalaci\u00f3n flexibles para diversas aplicaciones de ingenier\u00eda.<\/p>\n<p>El <a href=\"https:\/\/mountlaser.com\/es\/\"><strong>Mini prisma de doble cara<\/strong><\/a> Su configuraci\u00f3n permite mediciones simult\u00e1neas desde m\u00faltiples direcciones, lo que garantiza alta precisi\u00f3n y eficiencia en la recopilaci\u00f3n de datos. Montado sobre una placa inclinada, el miniprisma de doble cara permite lecturas precisas incluso desde \u00e1ngulos de observaci\u00f3n oblicuos, lo que lo hace ideal para espacios reducidos o de acceso limitado.<\/p>\n<p><img fetchpriority=\"high\" decoding=\"async\" class=\"wp-image-3284 aligncenter\" src=\"https:\/\/mountlaser.com\/wp-content\/uploads\/2025\/11\/3-1MP1092.webp\" alt=\"mp109 Double side mini prism\" width=\"500\" height=\"500\" srcset=\"https:\/\/mountlaser.com\/wp-content\/uploads\/2025\/11\/3-1MP1092.webp 1000w, https:\/\/mountlaser.com\/wp-content\/uploads\/2025\/11\/3-1MP1092-300x300.webp 300w, https:\/\/mountlaser.com\/wp-content\/uploads\/2025\/11\/3-1MP1092-400x400.webp 400w, https:\/\/mountlaser.com\/wp-content\/uploads\/2025\/11\/3-1MP1092-800x800.webp 800w, https:\/\/mountlaser.com\/wp-content\/uploads\/2025\/11\/3-1MP1092-600x600.webp 600w, https:\/\/mountlaser.com\/wp-content\/uploads\/2025\/11\/3-1MP1092-150x150.webp 150w, https:\/\/mountlaser.com\/wp-content\/uploads\/2025\/11\/3-1MP1092-768x768.webp 768w, https:\/\/mountlaser.com\/wp-content\/uploads\/2025\/11\/3-1MP1092-12x12.webp 12w\" sizes=\"(max-width: 500px) 100vw, 500px\" \/><\/p>\n<p>Fabricado con materiales duraderos y resistentes a la intemperie, el <a href=\"https:\/\/mountlaser.com\/es\/contact-us\/\">Mini prisma de doble cara<\/a> Resiste condiciones exteriores adversas manteniendo la precisi\u00f3n \u00f3ptica. Su dise\u00f1o de montaje permanente permite realizar mediciones remotas sin interrumpir el tr\u00e1fico ni las actividades de construcci\u00f3n, ofreciendo seguridad y comodidad para proyectos de monitoreo a largo plazo.<\/p>","protected":false},"excerpt":{"rendered":"<ul>\n<li>Dise\u00f1o de montaje permanente: permite un monitoreo remoto y no intrusivo sin interrumpir el tr\u00e1fico.<\/li>\n<li>Montura de prisma en \u00e1ngulo: mejora la precisi\u00f3n de la medici\u00f3n desde varias direcciones de observaci\u00f3n.<\/li>\n<li>Configuraci\u00f3n dual: el mini prisma de doble cara proporciona una capacidad de medici\u00f3n bidireccional flexible.<\/li>\n<li>Durable y resistente a la intemperie: dise\u00f1ado para brindar estabilidad a largo plazo en entornos exteriores.<\/li>\n<li>Ideal para espacios confinados: eficaz en aplicaciones de monitoreo de ferrocarriles, t\u00faneles y puentes.<\/li>\n<\/ul>","protected":false},"featured_media":3284,"comment_status":"open","ping_status":"closed","template":"","meta":[],"product_brand":[],"product_cat":[72,112],"product_tag":[],"class_list":{"0":"post-3279","1":"product","2":"type-product","3":"status-publish","4":"has-post-thumbnail","6":"product_cat-reflective-target-prism","7":"product_cat-monitoring-prism","9":"first","10":"instock","11":"shipping-taxable","12":"product-type-simple"},"_links":{"self":[{"href":"https:\/\/mountlaser.com\/es\/wp-json\/wp\/v2\/product\/3279","targetHints":{"allow":["GET"]}}],"collection":[{"href":"https:\/\/mountlaser.com\/es\/wp-json\/wp\/v2\/product"}],"about":[{"href":"https:\/\/mountlaser.com\/es\/wp-json\/wp\/v2\/types\/product"}],"replies":[{"embeddable":true,"href":"https:\/\/mountlaser.com\/es\/wp-json\/wp\/v2\/comments?post=3279"}],"wp:featuredmedia":[{"embeddable":true,"href":"https:\/\/mountlaser.com\/es\/wp-json\/wp\/v2\/media\/3284"}],"wp:attachment":[{"href":"https:\/\/mountlaser.com\/es\/wp-json\/wp\/v2\/media?parent=3279"}],"wp:term":[{"taxonomy":"product_brand","embeddable":true,"href":"https:\/\/mountlaser.com\/es\/wp-json\/wp\/v2\/product_brand?post=3279"},{"taxonomy":"product_cat","embeddable":true,"href":"https:\/\/mountlaser.com\/es\/wp-json\/wp\/v2\/product_cat?post=3279"},{"taxonomy":"product_tag","embeddable":true,"href":"https:\/\/mountlaser.com\/es\/wp-json\/wp\/v2\/product_tag?post=3279"}],"curies":[{"name":"wp","href":"https:\/\/api.w.org\/{rel}","templated":true}]}}