{"id":3261,"date":"2025-11-04T06:28:51","date_gmt":"2025-11-04T06:28:51","guid":{"rendered":"https:\/\/mountlaser.com\/?post_type=product&#038;p=3261"},"modified":"2025-11-28T02:56:54","modified_gmt":"2025-11-28T02:56:54","slug":"premium-t-series-rtf20-fiberglass-tripod","status":"publish","type":"product","link":"https:\/\/mountlaser.com\/es\/producto\/premium-t-series-rtf20-fiberglass-tripod\/","title":{"rendered":"Tr\u00edpode de fibra de vidrio Premium Serie t RTF20"},"content":{"rendered":"<p><a href=\"https:\/\/mountlaser.com\/es\/\u3001\/\"><strong>Tr\u00edpode de fibra de vidrio Premium Serie T RTF20<\/strong><\/a> De Mount Laser: la opci\u00f3n definitiva para top\u00f3grafos que no sacrifican estabilidad ni durabilidad. Dise\u00f1ado como un robusto tr\u00edpode de fibra de vidrio de resistencia media, el RTF20 ofrece un rendimiento superior en diversas condiciones de campo. Tanto si elige el tr\u00edpode de fibra de vidrio RTF20 de cabeza plana como el de cabeza redonda grande, le garantizamos una configuraci\u00f3n fiable, ideal para usar con estaciones totales y otros instrumentos de precisi\u00f3n.<\/p>\n<p><img fetchpriority=\"high\" decoding=\"async\" class=\"aligncenter wp-image-3266\" src=\"https:\/\/mountlaser.com\/wp-content\/uploads\/2025\/11\/RTF20-FCD7.webp\" alt=\"Medium-duty Fiberglass Tripod\" width=\"500\" height=\"500\" srcset=\"https:\/\/mountlaser.com\/wp-content\/uploads\/2025\/11\/RTF20-FCD7.webp 1000w, https:\/\/mountlaser.com\/wp-content\/uploads\/2025\/11\/RTF20-FCD7-300x300.webp 300w, https:\/\/mountlaser.com\/wp-content\/uploads\/2025\/11\/RTF20-FCD7-400x400.webp 400w, https:\/\/mountlaser.com\/wp-content\/uploads\/2025\/11\/RTF20-FCD7-800x800.webp 800w, https:\/\/mountlaser.com\/wp-content\/uploads\/2025\/11\/RTF20-FCD7-600x600.webp 600w, https:\/\/mountlaser.com\/wp-content\/uploads\/2025\/11\/RTF20-FCD7-150x150.webp 150w, https:\/\/mountlaser.com\/wp-content\/uploads\/2025\/11\/RTF20-FCD7-768x768.webp 768w, https:\/\/mountlaser.com\/wp-content\/uploads\/2025\/11\/RTF20-FCD7-12x12.webp 12w\" sizes=\"(max-width: 500px) 100vw, 500px\" \/><\/p>\n<p>Fabricado con patas cuadradas de alta resistencia, este tr\u00edpode topogr\u00e1fico de fibra de vidrio proporciona mayor rigidez y resiste la torsi\u00f3n bajo carga. Fabricado con componentes de aleaci\u00f3n de aluminio de alta calidad., <a href=\"https:\/\/mountlaser.com\/es\/products\/\"><strong>tr\u00edpode de fibra de vidrio de servicio mediano<\/strong> <\/a>Ofrece una resistencia excepcional a los impactos, lo que garantiza un uso prolongado incluso en los lugares de trabajo m\u00e1s exigentes. Equipado con un perno de horquilla de lat\u00f3n universal de 5\/8\u2033-11, el RTF20 mantiene una amplia compatibilidad con diversos instrumentos topogr\u00e1ficos, lo que lo convierte en un instrumento vers\u00e1til y confiable. <a href=\"https:\/\/mountlaser.com\/es\/contact-us\/\">tr\u00edpode de fibra de vidrio de servicio mediano<\/a> Para todas sus necesidades profesionales.<\/p>\n<p>&nbsp;<\/p>\n<p>Especificaciones del tr\u00edpode de fibra de vidrio Premium T Series RTF20<\/p>\n<table style=\"border-collapse: collapse; width: 622.52pt;\" border=\"0\" width=\"830\" cellspacing=\"0\" cellpadding=\"0\">\n<tbody>\n<tr style=\"height: 14.25pt;\">\n<td class=\"et2\" style=\"height: 14.25pt; width: 94.50pt;\" width=\"126\" height=\"19\">N\u00daMERO<\/td>\n<td class=\"et2\" style=\"width: 97.50pt;\" width=\"130\">PIERNAS<\/td>\n<td class=\"et2\" style=\"width: 90.75pt;\" width=\"121\">CABEZA<\/td>\n<td class=\"et2\" style=\"width: 100.50pt;\" width=\"134\">TIPO DE BLOQUEO<\/td>\n<td class=\"et2\" style=\"width: 99.00pt;\" width=\"132\">HARDWARE<\/td>\n<td class=\"et2\" style=\"width: 86.25pt;\" width=\"115\">EXTENSI\u00d3N<\/td>\n<td class=\"et2\" style=\"width: 54.00pt;\" width=\"72\">noroeste<\/td>\n<\/tr>\n<tr style=\"height: 14.25pt;\">\n<td class=\"et2\" style=\"height: 14.25pt;\" height=\"19\">RTF20-FCD<\/td>\n<td class=\"et2\">Fibra de vidrio<\/td>\n<td class=\"et2\">160 mm plano<\/td>\n<td class=\"et2\">Abrazadera doble<\/td>\n<td class=\"et2\">Negro<\/td>\n<td class=\"et2\">165 cent\u00edmetros<\/td>\n<td class=\"et2\">5,6 kg<\/td>\n<\/tr>\n<tr style=\"height: 14.25pt;\">\n<td class=\"et2\" style=\"height: 14.25pt;\" height=\"19\">RTF20-BCD<\/td>\n<td class=\"et2\">Fibra de vidrio<\/td>\n<td class=\"et2\">166 mm redondo<\/td>\n<td class=\"et2\">Abrazadera doble<\/td>\n<td class=\"et2\">Negro<\/td>\n<td class=\"et2\">165 cent\u00edmetros<\/td>\n<td class=\"et2\">5,8 kilos<\/td>\n<\/tr>\n<\/tbody>\n<\/table>","protected":false},"excerpt":{"rendered":"<ul>\n<li>La construcci\u00f3n robusta soporta duras condiciones de campo sin comprometer la precisi\u00f3n.<\/li>\n<li>Construido con aleaci\u00f3n de aluminio para un equilibrio perfecto entre resistencia y resistencia al impacto.<\/li>\n<li>Un excelente y confiable ejemplo de un tr\u00edpode de topograf\u00eda de fibra de vidrio, que proporciona una base estable para mediciones de precisi\u00f3n.<\/li>\n<\/ul>","protected":false},"featured_media":3262,"comment_status":"open","ping_status":"closed","template":"","meta":[],"product_brand":[],"product_cat":[91,113],"product_tag":[],"class_list":{"0":"post-3261","1":"product","2":"type-product","3":"status-publish","4":"has-post-thumbnail","6":"product_cat-bipod-tripod","7":"product_cat-wood-fiberglass-tripods","9":"first","10":"instock","11":"shipping-taxable","12":"product-type-simple"},"_links":{"self":[{"href":"https:\/\/mountlaser.com\/es\/wp-json\/wp\/v2\/product\/3261","targetHints":{"allow":["GET"]}}],"collection":[{"href":"https:\/\/mountlaser.com\/es\/wp-json\/wp\/v2\/product"}],"about":[{"href":"https:\/\/mountlaser.com\/es\/wp-json\/wp\/v2\/types\/product"}],"replies":[{"embeddable":true,"href":"https:\/\/mountlaser.com\/es\/wp-json\/wp\/v2\/comments?post=3261"}],"wp:featuredmedia":[{"embeddable":true,"href":"https:\/\/mountlaser.com\/es\/wp-json\/wp\/v2\/media\/3262"}],"wp:attachment":[{"href":"https:\/\/mountlaser.com\/es\/wp-json\/wp\/v2\/media?parent=3261"}],"wp:term":[{"taxonomy":"product_brand","embeddable":true,"href":"https:\/\/mountlaser.com\/es\/wp-json\/wp\/v2\/product_brand?post=3261"},{"taxonomy":"product_cat","embeddable":true,"href":"https:\/\/mountlaser.com\/es\/wp-json\/wp\/v2\/product_cat?post=3261"},{"taxonomy":"product_tag","embeddable":true,"href":"https:\/\/mountlaser.com\/es\/wp-json\/wp\/v2\/product_tag?post=3261"}],"curies":[{"name":"wp","href":"https:\/\/api.w.org\/{rel}","templated":true}]}}