{"id":3259,"date":"2025-11-04T06:29:00","date_gmt":"2025-11-04T06:29:00","guid":{"rendered":"https:\/\/mountlaser.com\/?post_type=product&#038;p=3259"},"modified":"2025-11-28T02:55:50","modified_gmt":"2025-11-28T02:55:50","slug":"gmp101-mini-prism","status":"publish","type":"product","link":"https:\/\/mountlaser.com\/es\/producto\/gmp101-mini-prism\/","title":{"rendered":"Mini prisma GMP101"},"content":{"rendered":"<p>El <a href=\"https:\/\/mountlaser.com\/es\/\"><strong>Kit de mini prisma GMP101<\/strong><\/a> Es un miniprisma de alta precisi\u00f3n de calidad profesional, dise\u00f1ado para aplicaciones precisas de topograf\u00eda, construcci\u00f3n y monitoreo. Dise\u00f1ado con un prisma recubierto de cobre de 25,4 mm, este kit de miniprisma GMP101 ofrece una reflectividad de se\u00f1al y una precisi\u00f3n de medici\u00f3n excepcionales, lo que lo convierte en una opci\u00f3n confiable tanto para trabajo de campo como para tareas de monitoreo a largo plazo.<\/p>\n<p>Con una carcasa duradera de aluminio fundido a presi\u00f3n, el <a href=\"https:\/\/mountlaser.com\/es\/contact-us\/\"><strong>Mini prisma de alta precisi\u00f3n<\/strong><\/a> Garantiza un rendimiento constante incluso en entornos exteriores exigentes. La diana integrada con burbuja de nivel permite una alineaci\u00f3n f\u00e1cil y precisa, mientras que la robusta estaca proporciona una excelente estabilidad en terrenos irregulares.<\/p>\n<p><img fetchpriority=\"high\" decoding=\"async\" class=\"aligncenter wp-image-3272\" src=\"https:\/\/mountlaser.com\/wp-content\/uploads\/2025\/11\/5-5GMP1014.webp\" alt=\"GMP101 Mini Prism Kit\" width=\"500\" height=\"500\" srcset=\"https:\/\/mountlaser.com\/wp-content\/uploads\/2025\/11\/5-5GMP1014.webp 1000w, https:\/\/mountlaser.com\/wp-content\/uploads\/2025\/11\/5-5GMP1014-300x300.webp 300w, https:\/\/mountlaser.com\/wp-content\/uploads\/2025\/11\/5-5GMP1014-400x400.webp 400w, https:\/\/mountlaser.com\/wp-content\/uploads\/2025\/11\/5-5GMP1014-800x800.webp 800w, https:\/\/mountlaser.com\/wp-content\/uploads\/2025\/11\/5-5GMP1014-600x600.webp 600w, https:\/\/mountlaser.com\/wp-content\/uploads\/2025\/11\/5-5GMP1014-150x150.webp 150w, https:\/\/mountlaser.com\/wp-content\/uploads\/2025\/11\/5-5GMP1014-768x768.webp 768w, https:\/\/mountlaser.com\/wp-content\/uploads\/2025\/11\/5-5GMP1014-12x12.webp 12w\" sizes=\"(max-width: 500px) 100vw, 500px\" \/><\/p>\n<p>Disponible con opciones de precisi\u00f3n de 2\u2033, 3\u20134\u2033 o 5\u20138\u2033, el kit de miniprisma GMP101 satisface diversas necesidades de proyecto con una precisi\u00f3n de centrado de hasta \u00b12,0 mm y una constante de prisma de 17,5 mm (desplazamiento suizo). Este miniprisma de alta precisi\u00f3n tambi\u00e9n incluye una bolsa de transporte blanda para facilitar su transporte y protecci\u00f3n, ofreciendo el equilibrio perfecto entre precisi\u00f3n, durabilidad y portabilidad para profesionales de campo.<\/p>","protected":false},"excerpt":{"rendered":"<ul>\n<li>Burbuja de nivel incorporada: garantiza una alineaci\u00f3n de campo r\u00e1pida y precisa.<\/li>\n<li>Dise\u00f1o duradero: Cuerpo de aluminio fundido a presi\u00f3n para un uso resistente y duradero.<\/li>\n<li>Montaje estable: equipado con una estaca de tierra resistente para una instalaci\u00f3n firme.<\/li>\n<li>Kit pr\u00e1ctico: incluye bolsa de transporte para f\u00e1cil almacenamiento y movilidad.<\/li>\n<\/ul>","protected":false},"featured_media":3270,"comment_status":"open","ping_status":"closed","template":"","meta":[],"product_brand":[],"product_cat":[72,112],"product_tag":[],"class_list":{"0":"post-3259","1":"product","2":"type-product","3":"status-publish","4":"has-post-thumbnail","6":"product_cat-reflective-target-prism","7":"product_cat-monitoring-prism","9":"first","10":"instock","11":"shipping-taxable","12":"product-type-simple"},"_links":{"self":[{"href":"https:\/\/mountlaser.com\/es\/wp-json\/wp\/v2\/product\/3259","targetHints":{"allow":["GET"]}}],"collection":[{"href":"https:\/\/mountlaser.com\/es\/wp-json\/wp\/v2\/product"}],"about":[{"href":"https:\/\/mountlaser.com\/es\/wp-json\/wp\/v2\/types\/product"}],"replies":[{"embeddable":true,"href":"https:\/\/mountlaser.com\/es\/wp-json\/wp\/v2\/comments?post=3259"}],"wp:featuredmedia":[{"embeddable":true,"href":"https:\/\/mountlaser.com\/es\/wp-json\/wp\/v2\/media\/3270"}],"wp:attachment":[{"href":"https:\/\/mountlaser.com\/es\/wp-json\/wp\/v2\/media?parent=3259"}],"wp:term":[{"taxonomy":"product_brand","embeddable":true,"href":"https:\/\/mountlaser.com\/es\/wp-json\/wp\/v2\/product_brand?post=3259"},{"taxonomy":"product_cat","embeddable":true,"href":"https:\/\/mountlaser.com\/es\/wp-json\/wp\/v2\/product_cat?post=3259"},{"taxonomy":"product_tag","embeddable":true,"href":"https:\/\/mountlaser.com\/es\/wp-json\/wp\/v2\/product_tag?post=3259"}],"curies":[{"name":"wp","href":"https:\/\/api.w.org\/{rel}","templated":true}]}}