{"id":3248,"date":"2025-11-04T05:40:20","date_gmt":"2025-11-04T05:40:20","guid":{"rendered":"https:\/\/mountlaser.com\/?post_type=product&#038;p=3248"},"modified":"2025-11-28T02:57:56","modified_gmt":"2025-11-28T02:57:56","slug":"mp112-rod-monitoring-prism","status":"publish","type":"product","link":"https:\/\/mountlaser.com\/es\/producto\/mp112-rod-monitoring-prism\/","title":{"rendered":"Prisma de monitoreo de varilla MP112"},"content":{"rendered":"<p>Introducci\u00f3n del producto MP112 Metal Road Prism<\/p>\n<p>El prisma de carretera met\u00e1lico MP112 es un prisma de alta precisi\u00f3n <a href=\"https:\/\/mountlaser.com\/es\/\"><strong>mini prisma para vigilancia vial<\/strong><\/a>, Dise\u00f1ado para la observaci\u00f3n estructural a largo plazo y la medici\u00f3n de la estabilidad en infraestructuras cr\u00edticas. Dise\u00f1ado para integrarse perfectamente con los sistemas de estaciones totales motorizadas automatizadas (AMTS), el... <a href=\"https:\/\/mountlaser.com\/es\/products\/\"><strong>Prisma de monitoreo de varilla MP112<\/strong><\/a> Proporciona precisi\u00f3n constante y un rendimiento confiable para proyectos que involucran carreteras, pavimentos, t\u00faneles y edificios.<\/p>\n<p>Disponible en dos versiones: el miniprisma MP112 de una cara y el miniprisma MP112D de dos caras, este miniprisma para monitoreo vial ofrece opciones de instalaci\u00f3n flexibles que se adaptan a diversas condiciones del sitio. Fabricado con una carcasa de aluminio fundido a precisi\u00f3n, el prisma de monitoreo de varilla MP112 garantiza una durabilidad excepcional, resistencia a la corrosi\u00f3n y fiabilidad a largo plazo, incluso en condiciones ambientales adversas.<\/p>\n<p><img fetchpriority=\"high\" decoding=\"async\" class=\"aligncenter wp-image-3256\" src=\"https:\/\/mountlaser.com\/wp-content\/uploads\/2025\/11\/3-3MP1128.webp\" alt=\"MP112 rod monitoring prism\" width=\"500\" height=\"500\" srcset=\"https:\/\/mountlaser.com\/wp-content\/uploads\/2025\/11\/3-3MP1128.webp 1000w, https:\/\/mountlaser.com\/wp-content\/uploads\/2025\/11\/3-3MP1128-300x300.webp 300w, https:\/\/mountlaser.com\/wp-content\/uploads\/2025\/11\/3-3MP1128-400x400.webp 400w, https:\/\/mountlaser.com\/wp-content\/uploads\/2025\/11\/3-3MP1128-800x800.webp 800w, https:\/\/mountlaser.com\/wp-content\/uploads\/2025\/11\/3-3MP1128-600x600.webp 600w, https:\/\/mountlaser.com\/wp-content\/uploads\/2025\/11\/3-3MP1128-150x150.webp 150w, https:\/\/mountlaser.com\/wp-content\/uploads\/2025\/11\/3-3MP1128-768x768.webp 768w, https:\/\/mountlaser.com\/wp-content\/uploads\/2025\/11\/3-3MP1128-12x12.webp 12w\" sizes=\"(max-width: 500px) 100vw, 500px\" \/><\/p>\n<p>Con su perfil compacto e inclinaci\u00f3n de 10\u00b0, este mini prisma para monitoreo de carreteras permite una instalaci\u00f3n con baja visibilidad sin interferir con el tr\u00e1fico vial, manteniendo al mismo tiempo una alineaci\u00f3n perfecta para los sistemas AMTS. <a href=\"https:\/\/mountlaser.com\/es\/contact-us\/\">El prisma de monitoreo de varilla MP112<\/a> Proporciona datos de deformaci\u00f3n precisos, lo que favorece un monitoreo preciso de carreteras y estructuras durante per\u00edodos operativos prolongados.<\/p>","protected":false},"excerpt":{"rendered":"<ul>\n<li>Dos opciones de modelo: MP112 (un lado) y MP112D (doble lado) para configuraciones de monitoreo flexibles.<\/li>\n<li>Cuerpo de metal duradero<\/li>\n<li>Optimizado para AMTS<\/li>\n<li>Dise\u00f1o de perfil bajo<\/li>\n<li>Alta precisi\u00f3n<\/li>\n<\/ul>","protected":false},"featured_media":3249,"comment_status":"open","ping_status":"closed","template":"","meta":[],"product_brand":[],"product_cat":[72,112],"product_tag":[],"class_list":{"0":"post-3248","1":"product","2":"type-product","3":"status-publish","4":"has-post-thumbnail","6":"product_cat-reflective-target-prism","7":"product_cat-monitoring-prism","9":"first","10":"instock","11":"shipping-taxable","12":"product-type-simple"},"_links":{"self":[{"href":"https:\/\/mountlaser.com\/es\/wp-json\/wp\/v2\/product\/3248","targetHints":{"allow":["GET"]}}],"collection":[{"href":"https:\/\/mountlaser.com\/es\/wp-json\/wp\/v2\/product"}],"about":[{"href":"https:\/\/mountlaser.com\/es\/wp-json\/wp\/v2\/types\/product"}],"replies":[{"embeddable":true,"href":"https:\/\/mountlaser.com\/es\/wp-json\/wp\/v2\/comments?post=3248"}],"wp:featuredmedia":[{"embeddable":true,"href":"https:\/\/mountlaser.com\/es\/wp-json\/wp\/v2\/media\/3249"}],"wp:attachment":[{"href":"https:\/\/mountlaser.com\/es\/wp-json\/wp\/v2\/media?parent=3248"}],"wp:term":[{"taxonomy":"product_brand","embeddable":true,"href":"https:\/\/mountlaser.com\/es\/wp-json\/wp\/v2\/product_brand?post=3248"},{"taxonomy":"product_cat","embeddable":true,"href":"https:\/\/mountlaser.com\/es\/wp-json\/wp\/v2\/product_cat?post=3248"},{"taxonomy":"product_tag","embeddable":true,"href":"https:\/\/mountlaser.com\/es\/wp-json\/wp\/v2\/product_tag?post=3248"}],"curies":[{"name":"wp","href":"https:\/\/api.w.org\/{rel}","templated":true}]}}