{"id":3237,"date":"2025-11-04T03:07:54","date_gmt":"2025-11-04T03:07:54","guid":{"rendered":"https:\/\/mountlaser.com\/?post_type=product&#038;p=3237"},"modified":"2025-11-28T02:59:26","modified_gmt":"2025-11-28T02:59:26","slug":"mp111-road-monitoring-prism","status":"publish","type":"product","link":"https:\/\/mountlaser.com\/es\/producto\/mp111-road-monitoring-prism\/","title":{"rendered":"MP111 Prisma de vigilancia vial"},"content":{"rendered":"<p>MP111 Prisma de pl\u00e1stico para carreteras: Prisma fiable para la monitorizaci\u00f3n de carreteras en proyectos de infraestructura<\/p>\n<p>El <a href=\"https:\/\/mountlaser.com\/es\/products\/\"><strong>Prisma de carretera de pl\u00e1stico MP111<\/strong><\/a> Es un modelo compacto y duradero. <a href=\"https:\/\/mountlaser.com\/es\/about-us\/\"><strong>Prisma de vigilancia vial<\/strong><\/a> Dise\u00f1ado para ofrecer precisi\u00f3n y durabilidad en entornos de infraestructura exigentes como carreteras, metros y puentes. Dise\u00f1ado para una monitorizaci\u00f3n discreta y a largo plazo, este prisma de monitorizaci\u00f3n vial combina una estructura de perfil bajo con un rendimiento \u00f3ptico superior.<\/p>\n<p>Fabricado con ABS de alta resistencia y resistente al desgaste, el prisma de pl\u00e1stico MP111 para carreteras garantiza una larga durabilidad incluso en condiciones exteriores adversas. Su cubierta protectora resistente a ara\u00f1azos protege el prisma del polvo, los impactos y la abrasi\u00f3n, manteniendo una reflectividad n\u00edtida y una precisi\u00f3n de medici\u00f3n constante.<\/p>\n<p><img fetchpriority=\"high\" decoding=\"async\" class=\"aligncenter wp-image-3239\" src=\"https:\/\/mountlaser.com\/wp-content\/uploads\/2025\/11\/3-2MP1112.webp\" alt=\" MP111 Road Monitoring Prism\" width=\"500\" height=\"500\" srcset=\"https:\/\/mountlaser.com\/wp-content\/uploads\/2025\/11\/3-2MP1112.webp 1000w, https:\/\/mountlaser.com\/wp-content\/uploads\/2025\/11\/3-2MP1112-300x300.webp 300w, https:\/\/mountlaser.com\/wp-content\/uploads\/2025\/11\/3-2MP1112-400x400.webp 400w, https:\/\/mountlaser.com\/wp-content\/uploads\/2025\/11\/3-2MP1112-800x800.webp 800w, https:\/\/mountlaser.com\/wp-content\/uploads\/2025\/11\/3-2MP1112-600x600.webp 600w, https:\/\/mountlaser.com\/wp-content\/uploads\/2025\/11\/3-2MP1112-150x150.webp 150w, https:\/\/mountlaser.com\/wp-content\/uploads\/2025\/11\/3-2MP1112-768x768.webp 768w, https:\/\/mountlaser.com\/wp-content\/uploads\/2025\/11\/3-2MP1112-12x12.webp 12w\" sizes=\"(max-width: 500px) 100vw, 500px\" \/><\/p>\n<p>Este <a href=\"https:\/\/mountlaser.com\/es\/\">Prisma de vigilancia vial<\/a> Presenta un dise\u00f1o ultraplano (solo 20 mm de altura y 145 mm de di\u00e1metro), lo que permite una instalaci\u00f3n segura sin interferir con el tr\u00e1fico peatonal ni vehicular. Equipado con un prisma recubierto de cobre de 12,7 mm y cuatro orificios de montaje seguros, el prisma de pl\u00e1stico para carreteras MP111 garantiza una instalaci\u00f3n estable y a prueba de manipulaciones. Su inclinaci\u00f3n vertical de 10\u00b0 proporciona una visibilidad optimizada y una captura de datos precisa, incluso en configuraciones de monitoreo con \u00e1ngulos bajos.<\/p>","protected":false},"excerpt":{"rendered":"<ul>\n<li>Permite una monitorizaci\u00f3n precisa y a largo plazo de carreteras y puentes.<\/li>\n<li>Resiste inclemencias del tiempo y estr\u00e9s mec\u00e1nico.<\/li>\n<li>La estructura de perfil bajo garantiza seguridad y visibilidad m\u00ednima.<\/li>\n<li>El prisma recubierto de cobre proporciona mediciones estables y de alta reflectividad.<\/li>\n<li>Instalaci\u00f3n f\u00e1cil y segura<\/li>\n<\/ul>","protected":false},"featured_media":3240,"comment_status":"open","ping_status":"closed","template":"","meta":[],"product_brand":[],"product_cat":[72,112],"product_tag":[],"class_list":{"0":"post-3237","1":"product","2":"type-product","3":"status-publish","4":"has-post-thumbnail","6":"product_cat-reflective-target-prism","7":"product_cat-monitoring-prism","9":"first","10":"instock","11":"shipping-taxable","12":"product-type-simple"},"_links":{"self":[{"href":"https:\/\/mountlaser.com\/es\/wp-json\/wp\/v2\/product\/3237","targetHints":{"allow":["GET"]}}],"collection":[{"href":"https:\/\/mountlaser.com\/es\/wp-json\/wp\/v2\/product"}],"about":[{"href":"https:\/\/mountlaser.com\/es\/wp-json\/wp\/v2\/types\/product"}],"replies":[{"embeddable":true,"href":"https:\/\/mountlaser.com\/es\/wp-json\/wp\/v2\/comments?post=3237"}],"wp:featuredmedia":[{"embeddable":true,"href":"https:\/\/mountlaser.com\/es\/wp-json\/wp\/v2\/media\/3240"}],"wp:attachment":[{"href":"https:\/\/mountlaser.com\/es\/wp-json\/wp\/v2\/media?parent=3237"}],"wp:term":[{"taxonomy":"product_brand","embeddable":true,"href":"https:\/\/mountlaser.com\/es\/wp-json\/wp\/v2\/product_brand?post=3237"},{"taxonomy":"product_cat","embeddable":true,"href":"https:\/\/mountlaser.com\/es\/wp-json\/wp\/v2\/product_cat?post=3237"},{"taxonomy":"product_tag","embeddable":true,"href":"https:\/\/mountlaser.com\/es\/wp-json\/wp\/v2\/product_tag?post=3237"}],"curies":[{"name":"wp","href":"https:\/\/api.w.org\/{rel}","templated":true}]}}