{"id":3227,"date":"2025-11-03T09:21:41","date_gmt":"2025-11-03T09:21:41","guid":{"rendered":"https:\/\/mountlaser.com\/?post_type=product&#038;p=3227"},"modified":"2025-11-28T03:00:58","modified_gmt":"2025-11-28T03:00:58","slug":"pfa1-series-aluminum-tripod","status":"publish","type":"product","link":"https:\/\/mountlaser.com\/es\/producto\/pfa1-series-aluminum-tripod\/","title":{"rendered":"Tr\u00edpode de aluminio serie PFA1"},"content":{"rendered":"<p><a href=\"https:\/\/mountlaser.com\/es\/\"><strong>Tr\u00edpode de aluminio serie PFA1<\/strong><\/a>, Una base robusta y fiable para sus instrumentos topogr\u00e1ficos de precisi\u00f3n. Dise\u00f1ado para profesionales que exigen excelencia, este tr\u00edpode de aluminio de tubo dorado estilo Sok est\u00e1 disponible con dos tipos de cabezal vers\u00e1tiles: plano y de c\u00fapula, para garantizar una compatibilidad y configuraci\u00f3n \u00f3ptimas para diversas aplicaciones.<\/p>\n<p><img fetchpriority=\"high\" decoding=\"async\" class=\"aligncenter wp-image-3234\" src=\"https:\/\/mountlaser.com\/wp-content\/uploads\/2025\/11\/PFA1-FCT7.webp\" alt=\"Sok Style Golden Tube Aluminum Tripod\" width=\"500\" height=\"500\" srcset=\"https:\/\/mountlaser.com\/wp-content\/uploads\/2025\/11\/PFA1-FCT7.webp 1000w, https:\/\/mountlaser.com\/wp-content\/uploads\/2025\/11\/PFA1-FCT7-300x300.webp 300w, https:\/\/mountlaser.com\/wp-content\/uploads\/2025\/11\/PFA1-FCT7-400x400.webp 400w, https:\/\/mountlaser.com\/wp-content\/uploads\/2025\/11\/PFA1-FCT7-800x800.webp 800w, https:\/\/mountlaser.com\/wp-content\/uploads\/2025\/11\/PFA1-FCT7-600x600.webp 600w, https:\/\/mountlaser.com\/wp-content\/uploads\/2025\/11\/PFA1-FCT7-150x150.webp 150w, https:\/\/mountlaser.com\/wp-content\/uploads\/2025\/11\/PFA1-FCT7-768x768.webp 768w, https:\/\/mountlaser.com\/wp-content\/uploads\/2025\/11\/PFA1-FCT7-12x12.webp 12w\" sizes=\"(max-width: 500px) 100vw, 500px\" \/><\/p>\n<p>Su caracter\u00edstica m\u00e1s destacada es su construcci\u00f3n de patas cuadradas, que proporciona mayor estabilidad y rigidez en cualquier terreno. Fabricado con un dise\u00f1o robusto de aleaci\u00f3n de aluminio de alta calidad, este tr\u00edpode de extensi\u00f3n de aluminio PFA1 soporta cualquier condici\u00f3n de campo rigurosa y ofrece una excelente resistencia a los impactos. El perno de horquilla de lat\u00f3n integrado de 5\/8\u2033-11 lo hace compatible con una amplia gama de instrumentos, incluidas las estaciones totales. Para profesionales que buscan la combinaci\u00f3n perfecta de durabilidad tradicional y rendimiento moderno, este... <a href=\"https:\/\/mountlaser.com\/es\/products\/\"><strong>Tr\u00edpode de aluminio de tubo dorado estilo Sok<\/strong><\/a> es la elecci\u00f3n definitiva.<\/p>\n<p>Conf\u00ede en el tr\u00edpode de extensi\u00f3n de aluminio PFA1 para obtener un soporte firme en todas sus tareas de topograf\u00eda.<\/p>\n<p>&nbsp;<\/p>\n<p><strong>Especificaciones del tr\u00edpode de aluminio de la serie PFA1<\/strong><\/p>\n<table style=\"border-collapse: collapse; width: 622.52pt;\" border=\"0\" width=\"830\" cellspacing=\"0\" cellpadding=\"0\">\n<tbody>\n<tr style=\"height: 14.25pt;\">\n<td class=\"et2\" style=\"height: 14.25pt; width: 94.50pt;\" width=\"126\" height=\"19\">N\u00daMERO<\/td>\n<td class=\"et2\" style=\"width: 97.50pt;\" width=\"130\">PIERNAS<\/td>\n<td class=\"et2\" style=\"width: 90.75pt;\" width=\"121\">CABEZA<\/td>\n<td class=\"et2\" style=\"width: 100.50pt;\" width=\"134\">TIPO DE BLOQUEO<\/td>\n<td class=\"et2\" style=\"width: 99.00pt;\" width=\"132\">HARDWARE<\/td>\n<td class=\"et2\" style=\"width: 86.25pt;\" width=\"115\">EXTENSI\u00d3N<\/td>\n<td class=\"et2\" style=\"width: 54.00pt;\" width=\"72\">noroeste<\/td>\n<\/tr>\n<tr style=\"height: 14.25pt;\">\n<td class=\"et2\" style=\"height: 14.25pt;\" height=\"19\">PFA1-FCT<\/td>\n<td class=\"et2\">Aluminio<\/td>\n<td class=\"et2\">160 mm plano<\/td>\n<td class=\"et2\">Abrazadera giratoria<\/td>\n<td class=\"et2\">Gris<\/td>\n<td class=\"et2\">165 cent\u00edmetros<\/td>\n<td class=\"et2\">3,4 kilogramos<\/td>\n<\/tr>\n<tr style=\"height: 14.25pt;\">\n<td class=\"et2\" style=\"height: 14.25pt;\" height=\"19\">PFA1-DCT<\/td>\n<td class=\"et2\">Aluminio<\/td>\n<td class=\"et2\">C\u00fapula de 160 mm<\/td>\n<td class=\"et2\">Abrazadera giratoria<\/td>\n<td class=\"et2\">Gris<\/td>\n<td class=\"et2\">165 cent\u00edmetros<\/td>\n<td class=\"et2\">3,4 kilogramos<\/td>\n<\/tr>\n<\/tbody>\n<\/table>","protected":false},"excerpt":{"rendered":"<ul>\n<li>Proporcionar una plataforma estable y r\u00edgida para instrumentos topogr\u00e1ficos como estaciones totales utilizando su construcci\u00f3n de patas cuadradas.<\/li>\n<li>Ofrecer una excelente resistencia al impacto y durabilidad en condiciones de campo dif\u00edciles a trav\u00e9s de su construcci\u00f3n de aleaci\u00f3n de aluminio de alta resistencia.<\/li>\n<li>Para garantizar una amplia compatibilidad con varios instrumentos a trav\u00e9s de un perno de horquilla de lat\u00f3n est\u00e1ndar de 5\/8\u2033-11.<\/li>\n<\/ul>","protected":false},"featured_media":3230,"comment_status":"open","ping_status":"closed","template":"","meta":[],"product_brand":[],"product_cat":[91,111],"product_tag":[],"class_list":{"0":"post-3227","1":"product","2":"type-product","3":"status-publish","4":"has-post-thumbnail","6":"product_cat-bipod-tripod","7":"product_cat-aluminum-surveying-tripod","9":"first","10":"instock","11":"shipping-taxable","12":"product-type-simple"},"_links":{"self":[{"href":"https:\/\/mountlaser.com\/es\/wp-json\/wp\/v2\/product\/3227","targetHints":{"allow":["GET"]}}],"collection":[{"href":"https:\/\/mountlaser.com\/es\/wp-json\/wp\/v2\/product"}],"about":[{"href":"https:\/\/mountlaser.com\/es\/wp-json\/wp\/v2\/types\/product"}],"replies":[{"embeddable":true,"href":"https:\/\/mountlaser.com\/es\/wp-json\/wp\/v2\/comments?post=3227"}],"wp:featuredmedia":[{"embeddable":true,"href":"https:\/\/mountlaser.com\/es\/wp-json\/wp\/v2\/media\/3230"}],"wp:attachment":[{"href":"https:\/\/mountlaser.com\/es\/wp-json\/wp\/v2\/media?parent=3227"}],"wp:term":[{"taxonomy":"product_brand","embeddable":true,"href":"https:\/\/mountlaser.com\/es\/wp-json\/wp\/v2\/product_brand?post=3227"},{"taxonomy":"product_cat","embeddable":true,"href":"https:\/\/mountlaser.com\/es\/wp-json\/wp\/v2\/product_cat?post=3227"},{"taxonomy":"product_tag","embeddable":true,"href":"https:\/\/mountlaser.com\/es\/wp-json\/wp\/v2\/product_tag?post=3227"}],"curies":[{"name":"wp","href":"https:\/\/api.w.org\/{rel}","templated":true}]}}