{"id":3218,"date":"2025-11-03T09:09:42","date_gmt":"2025-11-03T09:09:42","guid":{"rendered":"https:\/\/mountlaser.com\/?post_type=product&#038;p=3218"},"modified":"2025-11-28T03:04:21","modified_gmt":"2025-11-28T03:04:21","slug":"premium-t-series-heavy-duty-aluminum-tripod","status":"publish","type":"product","link":"https:\/\/mountlaser.com\/es\/producto\/premium-t-series-heavy-duty-aluminum-tripod\/","title":{"rendered":"Tr\u00edpode de aluminio resistente de la serie T Premium"},"content":{"rendered":"<p>Serie T Premium <a href=\"https:\/\/mountlaser.com\/es\/\"><strong>Tr\u00edpode de aluminio resistente STA30<\/strong><\/a>, Un tr\u00edpode topogr\u00e1fico de aluminio de alta resistencia y alta gama, dise\u00f1ado para ofrecer precisi\u00f3n y resistencia. Este robusto tr\u00edpode topogr\u00e1fico de aluminio con patas cuadradas est\u00e1 disponible en tres tipos de cabezal: plano, de c\u00fapula y redondo grande, para adaptarse perfectamente a su instrumento, lo que lo hace ideal para estaciones totales.<\/p>\n<p>Dise\u00f1ado con un dise\u00f1o de base \u00fanico y patas cuadradas, ofrece una estabilidad superior en cualquier terreno. Nuestro avanzado mecanismo de bloqueo r\u00e1pido reduce la tensi\u00f3n durante el uso y garantiza una mayor durabilidad. Fabricado con aleaci\u00f3n de aluminio de alta resistencia, este tr\u00edpode de aluminio para topograf\u00eda ofrece una excelente resistencia a los impactos.<\/p>\n<p><img fetchpriority=\"high\" decoding=\"async\" class=\"aligncenter wp-image-3221\" src=\"https:\/\/mountlaser.com\/wp-content\/uploads\/2025\/11\/STA30-DCD2.webp\" alt=\"Square Leg Surveying Aluminum Tripod\" width=\"500\" height=\"500\" srcset=\"https:\/\/mountlaser.com\/wp-content\/uploads\/2025\/11\/STA30-DCD2.webp 1000w, https:\/\/mountlaser.com\/wp-content\/uploads\/2025\/11\/STA30-DCD2-300x300.webp 300w, https:\/\/mountlaser.com\/wp-content\/uploads\/2025\/11\/STA30-DCD2-400x400.webp 400w, https:\/\/mountlaser.com\/wp-content\/uploads\/2025\/11\/STA30-DCD2-800x800.webp 800w, https:\/\/mountlaser.com\/wp-content\/uploads\/2025\/11\/STA30-DCD2-600x600.webp 600w, https:\/\/mountlaser.com\/wp-content\/uploads\/2025\/11\/STA30-DCD2-150x150.webp 150w, https:\/\/mountlaser.com\/wp-content\/uploads\/2025\/11\/STA30-DCD2-768x768.webp 768w, https:\/\/mountlaser.com\/wp-content\/uploads\/2025\/11\/STA30-DCD2-12x12.webp 12w\" sizes=\"(max-width: 500px) 100vw, 500px\" \/><br \/>\nViene equipado con un mecanismo de autobloqueo est\u00e1ndar para facilitar su transporte y un perno de horquilla de lat\u00f3n de 5\/8\u2033-11 para compatibilidad universal. Como un producto vers\u00e1til <a href=\"https:\/\/mountlaser.com\/es\/about-us\/\"><strong>Tr\u00edpode de aluminio para topograf\u00eda con patas cuadradas<\/strong><\/a>, Tambi\u00e9n ofrecemos colores y alturas personalizados a pedido para satisfacer las demandas espec\u00edficas de su proyecto.<\/p>\n<p>&nbsp;<\/p>\n<p><strong>Especificaciones del tr\u00edpode de aluminio de alta resistencia Premium T Series STA30<\/strong><\/p>\n<table style=\"border-collapse: collapse; width: 622.52pt;\" border=\"0\" width=\"830\" cellspacing=\"0\" cellpadding=\"0\">\n<tbody>\n<tr style=\"height: 14.25pt;\">\n<td class=\"et2\" style=\"height: 14.25pt; width: 94.50pt;\" width=\"126\" height=\"19\">N\u00daMERO<\/td>\n<td class=\"et2\" style=\"width: 97.50pt;\" width=\"130\">PIERNAS<\/td>\n<td class=\"et2\" style=\"width: 90.75pt;\" width=\"121\">CABEZA<\/td>\n<td class=\"et2\" style=\"width: 100.50pt;\" width=\"134\">TIPO DE BLOQUEO<\/td>\n<td class=\"et2\" style=\"width: 99.00pt;\" width=\"132\">HARDWARE<\/td>\n<td class=\"et2\" style=\"width: 86.25pt;\" width=\"115\">EXTENSI\u00d3N<\/td>\n<td class=\"et2\" style=\"width: 54.00pt;\" width=\"72\">noroeste<\/td>\n<\/tr>\n<tr style=\"height: 14.25pt;\">\n<td class=\"et2\" style=\"height: 14.25pt;\" height=\"19\">STA30-FCTSYL<\/td>\n<td class=\"et2\">Aluminio<\/td>\n<td class=\"et2\">160 mm plano<\/td>\n<td class=\"et2\">Abrazadera giratoria<\/td>\n<td class=\"et2\">Amarillo<\/td>\n<td class=\"et2\">174 cent\u00edmetros<\/td>\n<td class=\"et2\">4,5 kilos<\/td>\n<\/tr>\n<tr style=\"height: 14.25pt;\">\n<td class=\"et2\" style=\"height: 14.25pt;\" height=\"19\">STA30-FCDSYL<\/td>\n<td class=\"et2\">Aluminio<\/td>\n<td class=\"et2\">160 mm plano<\/td>\n<td class=\"et2\">Abrazadera doble<\/td>\n<td class=\"et2\">Amarillo<\/td>\n<td class=\"et2\">168 cent\u00edmetros<\/td>\n<td class=\"et2\">5,1 kilogramos<\/td>\n<\/tr>\n<\/tbody>\n<\/table>","protected":false},"excerpt":{"rendered":"<ul>\n<li>Garantiza una instalaci\u00f3n r\u00e1pida y segura y un ajuste de altura sin esfuerzo con un mecanismo de bloqueo r\u00e1pido avanzado.<\/li>\n<li>Resiste condiciones de campo rigurosas debido a su construcci\u00f3n de aleaci\u00f3n de aluminio de alta resistencia.<\/li>\n<li>Ofrece una amplia compatibilidad de instrumentos con un perno de yugo de lat\u00f3n est\u00e1ndar de 5\/8\u2033-11.<\/li>\n<\/ul>","protected":false},"featured_media":3219,"comment_status":"open","ping_status":"closed","template":"","meta":[],"product_brand":[],"product_cat":[91,111],"product_tag":[],"class_list":{"0":"post-3218","1":"product","2":"type-product","3":"status-publish","4":"has-post-thumbnail","6":"product_cat-bipod-tripod","7":"product_cat-aluminum-surveying-tripod","9":"first","10":"instock","11":"shipping-taxable","12":"product-type-simple"},"_links":{"self":[{"href":"https:\/\/mountlaser.com\/es\/wp-json\/wp\/v2\/product\/3218","targetHints":{"allow":["GET"]}}],"collection":[{"href":"https:\/\/mountlaser.com\/es\/wp-json\/wp\/v2\/product"}],"about":[{"href":"https:\/\/mountlaser.com\/es\/wp-json\/wp\/v2\/types\/product"}],"replies":[{"embeddable":true,"href":"https:\/\/mountlaser.com\/es\/wp-json\/wp\/v2\/comments?post=3218"}],"wp:featuredmedia":[{"embeddable":true,"href":"https:\/\/mountlaser.com\/es\/wp-json\/wp\/v2\/media\/3219"}],"wp:attachment":[{"href":"https:\/\/mountlaser.com\/es\/wp-json\/wp\/v2\/media?parent=3218"}],"wp:term":[{"taxonomy":"product_brand","embeddable":true,"href":"https:\/\/mountlaser.com\/es\/wp-json\/wp\/v2\/product_brand?post=3218"},{"taxonomy":"product_cat","embeddable":true,"href":"https:\/\/mountlaser.com\/es\/wp-json\/wp\/v2\/product_cat?post=3218"},{"taxonomy":"product_tag","embeddable":true,"href":"https:\/\/mountlaser.com\/es\/wp-json\/wp\/v2\/product_tag?post=3218"}],"curies":[{"name":"wp","href":"https:\/\/api.w.org\/{rel}","templated":true}]}}