{"id":3216,"date":"2025-11-03T08:57:28","date_gmt":"2025-11-03T08:57:28","guid":{"rendered":"https:\/\/mountlaser.com\/?post_type=product&#038;p=3216"},"modified":"2025-11-28T03:05:22","modified_gmt":"2025-11-28T03:05:22","slug":"standard-j-series-sja30-heavy-duty-aluminum-tripod","status":"publish","type":"product","link":"https:\/\/mountlaser.com\/es\/producto\/standard-j-series-sja30-heavy-duty-aluminum-tripod\/","title":{"rendered":"Tr\u00edpode de aluminio resistente SJA30 de la serie J est\u00e1ndar"},"content":{"rendered":"<p>Mount Laser: uno de los m\u00e1s confiables<a href=\"https:\/\/mountlaser.com\/es\/\"><strong> Proveedores de tr\u00edpodes de aluminio SJA30<\/strong><\/a>\u2014presenta el Standard J Series SJA30, el tr\u00edpode de aluminio para contratistas de servicio pesado dise\u00f1ado para equipos que se niegan a hacer concesiones.<\/p>\n<p><img fetchpriority=\"high\" decoding=\"async\" class=\"aligncenter wp-image-3217\" src=\"https:\/\/mountlaser.com\/wp-content\/uploads\/2025\/11\/\u672a\u6807\u9898-1.webp\" alt=\"Aluminum Heavy Duty Contractor Tripod\" width=\"500\" height=\"500\" srcset=\"https:\/\/mountlaser.com\/wp-content\/uploads\/2025\/11\/\u672a\u6807\u9898-1.webp 800w, https:\/\/mountlaser.com\/wp-content\/uploads\/2025\/11\/\u672a\u6807\u9898-1-300x300.webp 300w, https:\/\/mountlaser.com\/wp-content\/uploads\/2025\/11\/\u672a\u6807\u9898-1-400x400.webp 400w, https:\/\/mountlaser.com\/wp-content\/uploads\/2025\/11\/\u672a\u6807\u9898-1-600x600.webp 600w, https:\/\/mountlaser.com\/wp-content\/uploads\/2025\/11\/\u672a\u6807\u9898-1-150x150.webp 150w, https:\/\/mountlaser.com\/wp-content\/uploads\/2025\/11\/\u672a\u6807\u9898-1-768x768.webp 768w, https:\/\/mountlaser.com\/wp-content\/uploads\/2025\/11\/\u672a\u6807\u9898-1-12x12.webp 12w\" sizes=\"(max-width: 500px) 100vw, 500px\" \/><br \/>\nLa configuraci\u00f3n de cabeza plana se combina perfectamente con cualquier estaci\u00f3n total, mientras que la geometr\u00eda de patas cuadradas le da a esta <a href=\"https:\/\/mountlaser.com\/es\/products\/\"><strong>Tr\u00edpode de aluminio para contratistas de alta resistencia<\/strong> <\/a>Rigidez torsional inigualable en terrenos rocosos o plataformas con viento. Fabricado en aleaci\u00f3n de aluminio de alta calidad, el SJA30 resiste los impactos y las vibraciones, y el perno de horquilla de lat\u00f3n de 5\/8\u2033-11 se instala directamente en el instrumento sin necesidad de adaptadores.<br \/>\nCuando los proveedores de tr\u00edpodes de aluminio SJA30 hablan de \u201ctrabajo pesado\u201d, se refieren al SJA30: un tr\u00edpode dise\u00f1ado para sobrevivir a\u00f1os de abuso diario por parte de los contratistas.<\/p>\n<p><strong>Especificaciones del tr\u00edpode de aluminio resistente SJA30 de la serie J est\u00e1ndar:<\/strong><\/p>\n<table style=\"border-collapse: collapse; width: 622.52pt;\" border=\"0\" width=\"830\" cellspacing=\"0\" cellpadding=\"0\">\n<tbody>\n<tr style=\"height: 14.25pt;\">\n<td class=\"et2\" style=\"height: 14.25pt; width: 94.50pt;\" width=\"126\" height=\"19\">N\u00daMERO<\/td>\n<td class=\"et2\" style=\"width: 97.50pt;\" width=\"130\">PIERNAS<\/td>\n<td class=\"et2\" style=\"width: 90.75pt;\" width=\"121\">CABEZA<\/td>\n<td class=\"et2\" style=\"width: 100.50pt;\" width=\"134\">TIPO DE BLOQUEO<\/td>\n<td class=\"et2\" style=\"width: 99.00pt;\" width=\"132\">HARDWARE<\/td>\n<td class=\"et2\" style=\"width: 86.25pt;\" width=\"115\">EXTENSI\u00d3N<\/td>\n<td class=\"et2\" style=\"width: 54.00pt;\" width=\"72\">noroeste<\/td>\n<\/tr>\n<tr style=\"height: 14.25pt;\">\n<td class=\"et2\" style=\"height: 14.25pt;\" height=\"19\">SJA30-FCDOR<\/td>\n<td class=\"et2\">Aluminio<\/td>\n<td class=\"et2\">160 mm plano<\/td>\n<td class=\"et2\">Abrazadera doble<\/td>\n<td class=\"et2\">Naranja<\/td>\n<td class=\"et2\">161 cent\u00edmetros<\/td>\n<td class=\"et2\">4,5 kilos<\/td>\n<\/tr>\n<\/tbody>\n<\/table>","protected":false},"excerpt":{"rendered":"<ul>\n<li>Las patas cuadradas se bloquean de forma s\u00f3lida como una roca, lo que elimina torceduras y balanceos incluso cuando se gira un telescopio de 30x al m\u00e1ximo aumento.<\/li>\n<li>El cabezal plano y ancho distribuye el peso del instrumento de manera uniforme, mientras que las abrazaderas de gran tama\u00f1o se ajustan con manos enguantadas en segundos.<\/li>\n<\/ul>","protected":false},"featured_media":3217,"comment_status":"open","ping_status":"closed","template":"","meta":[],"product_brand":[],"product_cat":[91,111],"product_tag":[],"class_list":{"0":"post-3216","1":"product","2":"type-product","3":"status-publish","4":"has-post-thumbnail","6":"product_cat-bipod-tripod","7":"product_cat-aluminum-surveying-tripod","9":"first","10":"instock","11":"shipping-taxable","12":"product-type-simple"},"_links":{"self":[{"href":"https:\/\/mountlaser.com\/es\/wp-json\/wp\/v2\/product\/3216","targetHints":{"allow":["GET"]}}],"collection":[{"href":"https:\/\/mountlaser.com\/es\/wp-json\/wp\/v2\/product"}],"about":[{"href":"https:\/\/mountlaser.com\/es\/wp-json\/wp\/v2\/types\/product"}],"replies":[{"embeddable":true,"href":"https:\/\/mountlaser.com\/es\/wp-json\/wp\/v2\/comments?post=3216"}],"wp:featuredmedia":[{"embeddable":true,"href":"https:\/\/mountlaser.com\/es\/wp-json\/wp\/v2\/media\/3217"}],"wp:attachment":[{"href":"https:\/\/mountlaser.com\/es\/wp-json\/wp\/v2\/media?parent=3216"}],"wp:term":[{"taxonomy":"product_brand","embeddable":true,"href":"https:\/\/mountlaser.com\/es\/wp-json\/wp\/v2\/product_brand?post=3216"},{"taxonomy":"product_cat","embeddable":true,"href":"https:\/\/mountlaser.com\/es\/wp-json\/wp\/v2\/product_cat?post=3216"},{"taxonomy":"product_tag","embeddable":true,"href":"https:\/\/mountlaser.com\/es\/wp-json\/wp\/v2\/product_tag?post=3216"}],"curies":[{"name":"wp","href":"https:\/\/api.w.org\/{rel}","templated":true}]}}