{"id":3205,"date":"2025-11-03T09:10:57","date_gmt":"2025-11-03T09:10:57","guid":{"rendered":"https:\/\/mountlaser.com\/?post_type=product&#038;p=3205"},"modified":"2025-11-28T03:02:14","modified_gmt":"2025-11-28T03:02:14","slug":"mp108-mini-prism","status":"publish","type":"product","link":"https:\/\/mountlaser.com\/es\/producto\/mp108-mini-prism\/","title":{"rendered":"Mini prisma MP108"},"content":{"rendered":"<p>Mini prisma MP108: prisma de monitoreo de alta precisi\u00f3n para aplicaciones de corto alcance<\/p>\n<p>El <a href=\"https:\/\/mountlaser.com\/es\/about-us\/\"><strong>Mini prisma MP108<\/strong><\/a> Es un prisma de monitoreo de alta precisi\u00f3n dise\u00f1ado para mediciones precisas en entornos exigentes como puentes, t\u00faneles, ferrocarriles y metros. Dise\u00f1ado para monitoreo de corto alcance, este... <a href=\"https:\/\/mountlaser.com\/es\/products\/\"><strong>Prisma de monitoreo de alta precisi\u00f3n<\/strong><\/a> Proporciona una durabilidad excepcional y un rendimiento constante en condiciones extremas.<\/p>\n<p>Disponible en dos tama\u00f1os de prisma: MP108A (\u00d825,4 mm) y MP108B (\u00d838,1 mm), el mini prisma MP108 cuenta con un prisma mecanizado con precisi\u00f3n, sellado herm\u00e9ticamente en un recipiente met\u00e1lico a prueba de golpes e agua para garantizar la estabilidad a largo plazo y la protecci\u00f3n contra los impactos ambientales.<\/p>\n<p><img fetchpriority=\"high\" decoding=\"async\" class=\"aligncenter wp-image-3214\" src=\"https:\/\/mountlaser.com\/wp-content\/uploads\/2025\/11\/5-1MP1089.webp\" alt=\"MP108 mini prism\" width=\"500\" height=\"500\" srcset=\"https:\/\/mountlaser.com\/wp-content\/uploads\/2025\/11\/5-1MP1089.webp 1000w, https:\/\/mountlaser.com\/wp-content\/uploads\/2025\/11\/5-1MP1089-300x300.webp 300w, https:\/\/mountlaser.com\/wp-content\/uploads\/2025\/11\/5-1MP1089-400x400.webp 400w, https:\/\/mountlaser.com\/wp-content\/uploads\/2025\/11\/5-1MP1089-800x800.webp 800w, https:\/\/mountlaser.com\/wp-content\/uploads\/2025\/11\/5-1MP1089-600x600.webp 600w, https:\/\/mountlaser.com\/wp-content\/uploads\/2025\/11\/5-1MP1089-150x150.webp 150w, https:\/\/mountlaser.com\/wp-content\/uploads\/2025\/11\/5-1MP1089-768x768.webp 768w, https:\/\/mountlaser.com\/wp-content\/uploads\/2025\/11\/5-1MP1089-12x12.webp 12w\" sizes=\"(max-width: 500px) 100vw, 500px\" \/><\/p>\n<p>Los usuarios pueden seleccionar entre opciones de precisi\u00f3n personalizables (2\u2033, 3\u20134\u2033 o 5\u20138\u2033) y opciones de recubrimiento (cobre o plata) para lograr una reflectividad y una precisi\u00f3n de medici\u00f3n \u00f3ptimas. Con una precisi\u00f3n de rotaci\u00f3n de 360\u00b0 de \u00b10,2 mm, este <a href=\"https:\/\/mountlaser.com\/es\/contact-us\/\">Prisma de monitoreo de alta precisi\u00f3n<\/a> garantiza lecturas confiables desde cualquier direcci\u00f3n, lo que lo convierte en una soluci\u00f3n confiable para el monitoreo cr\u00edtico de infraestructura e industria.<\/p>","protected":false},"excerpt":{"rendered":"<ul>\n<li>Proporciona monitoreo de alta precisi\u00f3n para infraestructura y aplicaciones industriales.<\/li>\n<li>La carcasa met\u00e1lica herm\u00e9ticamente sellada garantiza un rendimiento a prueba de agua y golpes.<\/li>\n<li>La precisi\u00f3n del prisma personalizable (de 2\u2033 a 8\u2033) se adapta a una variedad de necesidades de proyectos.<\/li>\n<li>El recubrimiento de cobre o plata mejora la reflectividad y la intensidad de la se\u00f1al.<\/li>\n<li>La precisi\u00f3n rotacional proporciona lecturas consistentes desde todos los \u00e1ngulos.<\/li>\n<\/ul>","protected":false},"featured_media":3206,"comment_status":"open","ping_status":"closed","template":"","meta":[],"product_brand":[],"product_cat":[72,112],"product_tag":[],"class_list":{"0":"post-3205","1":"product","2":"type-product","3":"status-publish","4":"has-post-thumbnail","6":"product_cat-reflective-target-prism","7":"product_cat-monitoring-prism","9":"first","10":"instock","11":"shipping-taxable","12":"product-type-simple"},"_links":{"self":[{"href":"https:\/\/mountlaser.com\/es\/wp-json\/wp\/v2\/product\/3205","targetHints":{"allow":["GET"]}}],"collection":[{"href":"https:\/\/mountlaser.com\/es\/wp-json\/wp\/v2\/product"}],"about":[{"href":"https:\/\/mountlaser.com\/es\/wp-json\/wp\/v2\/types\/product"}],"replies":[{"embeddable":true,"href":"https:\/\/mountlaser.com\/es\/wp-json\/wp\/v2\/comments?post=3205"}],"wp:featuredmedia":[{"embeddable":true,"href":"https:\/\/mountlaser.com\/es\/wp-json\/wp\/v2\/media\/3206"}],"wp:attachment":[{"href":"https:\/\/mountlaser.com\/es\/wp-json\/wp\/v2\/media?parent=3205"}],"wp:term":[{"taxonomy":"product_brand","embeddable":true,"href":"https:\/\/mountlaser.com\/es\/wp-json\/wp\/v2\/product_brand?post=3205"},{"taxonomy":"product_cat","embeddable":true,"href":"https:\/\/mountlaser.com\/es\/wp-json\/wp\/v2\/product_cat?post=3205"},{"taxonomy":"product_tag","embeddable":true,"href":"https:\/\/mountlaser.com\/es\/wp-json\/wp\/v2\/product_tag?post=3205"}],"curies":[{"name":"wp","href":"https:\/\/api.w.org\/{rel}","templated":true}]}}