{"id":3187,"date":"2025-11-03T08:34:14","date_gmt":"2025-11-03T08:34:14","guid":{"rendered":"https:\/\/mountlaser.com\/?post_type=product&#038;p=3187"},"modified":"2025-11-28T03:06:41","modified_gmt":"2025-11-28T03:06:41","slug":"premium-t-series-rta20-medium-duty-aluminum-tripod","status":"publish","type":"product","link":"https:\/\/mountlaser.com\/es\/producto\/premium-t-series-rta20-medium-duty-aluminum-tripod\/","title":{"rendered":"Tr\u00edpode de aluminio de uso mediano Premium T Series RTA20"},"content":{"rendered":"<p>Tr\u00edpode de aluminio de servicio mediano Premium T Series RTA20, el <a href=\"https:\/\/mountlaser.com\/es\/\"><strong>Tr\u00edpode de aluminio para topograf\u00eda con patas redondas<\/strong><\/a> En los que los equipos de campo conf\u00edan cuando cada mil\u00edmetro cuenta.<\/p>\n<p>Disponible con opciones de cabeza plana, cabeza abovedada o cabeza redonda grande, el<a href=\"https:\/\/mountlaser.com\/es\/products\/\"><strong> Tr\u00edpode de aluminio para topograf\u00eda mediana RTA20<\/strong> <\/a>Combina patas de aleaci\u00f3n de aluminio s\u00f3lidas como una roca con un dise\u00f1o de pie \u00fanico que se adapta a cualquier terreno.<\/p>\n<p><img fetchpriority=\"high\" decoding=\"async\" class=\"aligncenter wp-image-3202\" src=\"https:\/\/mountlaser.com\/wp-content\/uploads\/2025\/11\/RTA20-DCD7.webp\" alt=\"Round Leg Surveying Aluminum Tripod\" width=\"500\" height=\"500\" srcset=\"https:\/\/mountlaser.com\/wp-content\/uploads\/2025\/11\/RTA20-DCD7.webp 1000w, https:\/\/mountlaser.com\/wp-content\/uploads\/2025\/11\/RTA20-DCD7-300x300.webp 300w, https:\/\/mountlaser.com\/wp-content\/uploads\/2025\/11\/RTA20-DCD7-400x400.webp 400w, https:\/\/mountlaser.com\/wp-content\/uploads\/2025\/11\/RTA20-DCD7-800x800.webp 800w, https:\/\/mountlaser.com\/wp-content\/uploads\/2025\/11\/RTA20-DCD7-600x600.webp 600w, https:\/\/mountlaser.com\/wp-content\/uploads\/2025\/11\/RTA20-DCD7-150x150.webp 150w, https:\/\/mountlaser.com\/wp-content\/uploads\/2025\/11\/RTA20-DCD7-768x768.webp 768w, https:\/\/mountlaser.com\/wp-content\/uploads\/2025\/11\/RTA20-DCD7-12x12.webp 12w\" sizes=\"(max-width: 500px) 100vw, 500px\" \/><\/p>\n<p>Un perno de horquilla de lat\u00f3n de 5\/8\u2033-11 garantiza la compatibilidad universal con instrumentos, mientras que el avanzado mecanismo de bloqueo r\u00e1pido de este tr\u00edpode de aluminio para topograf\u00eda con patas redondas reduce el tiempo de configuraci\u00f3n y la fatiga del operador. \u00bfNecesita colores o alturas personalizados? Nosotros lo fabricamos. <a href=\"https:\/\/mountlaser.com\/es\/contact-us\/\">Tr\u00edpode de aluminio para topograf\u00eda mediana RTA20<\/a> seg\u00fan sus especificaciones, y el sistema de autobloqueo incorporado (S) le permite llevar el tr\u00edpode sin correas, sin que las patas sueltas se muevan con el viento.<\/p>","protected":false},"excerpt":{"rendered":"<ul>\n<li>El RTA20 Serie T Premium ofrece estabilidad sin vibraciones para estaciones totales, teodolitos y l\u00e1seres. Su geometr\u00eda de patas redondeadas distribuye la carga uniformemente.<\/li>\n<li>lo que le otorga al tr\u00edpode de aluminio de patas redondas una rigidez torsional superior sobre pavimento, grava o c\u00e9sped.<\/li>\n<li>Las abrazaderas de bloqueo r\u00e1pido con una mano extienden o retraen cada pata en segundos, y el sistema de bloqueo autom\u00e1tico mantiene todo ajustado durante el transporte, sin necesidad de correas.<\/li>\n<\/ul>","protected":false},"featured_media":3201,"comment_status":"open","ping_status":"closed","template":"","meta":[],"product_brand":[],"product_cat":[91,111],"product_tag":[],"class_list":{"0":"post-3187","1":"product","2":"type-product","3":"status-publish","4":"has-post-thumbnail","6":"product_cat-bipod-tripod","7":"product_cat-aluminum-surveying-tripod","9":"first","10":"instock","11":"shipping-taxable","12":"product-type-simple"},"_links":{"self":[{"href":"https:\/\/mountlaser.com\/es\/wp-json\/wp\/v2\/product\/3187","targetHints":{"allow":["GET"]}}],"collection":[{"href":"https:\/\/mountlaser.com\/es\/wp-json\/wp\/v2\/product"}],"about":[{"href":"https:\/\/mountlaser.com\/es\/wp-json\/wp\/v2\/types\/product"}],"replies":[{"embeddable":true,"href":"https:\/\/mountlaser.com\/es\/wp-json\/wp\/v2\/comments?post=3187"}],"wp:featuredmedia":[{"embeddable":true,"href":"https:\/\/mountlaser.com\/es\/wp-json\/wp\/v2\/media\/3201"}],"wp:attachment":[{"href":"https:\/\/mountlaser.com\/es\/wp-json\/wp\/v2\/media?parent=3187"}],"wp:term":[{"taxonomy":"product_brand","embeddable":true,"href":"https:\/\/mountlaser.com\/es\/wp-json\/wp\/v2\/product_brand?post=3187"},{"taxonomy":"product_cat","embeddable":true,"href":"https:\/\/mountlaser.com\/es\/wp-json\/wp\/v2\/product_cat?post=3187"},{"taxonomy":"product_tag","embeddable":true,"href":"https:\/\/mountlaser.com\/es\/wp-json\/wp\/v2\/product_tag?post=3187"}],"curies":[{"name":"wp","href":"https:\/\/api.w.org\/{rel}","templated":true}]}}