{"id":3186,"date":"2025-11-03T08:23:15","date_gmt":"2025-11-03T08:23:15","guid":{"rendered":"https:\/\/mountlaser.com\/?post_type=product&#038;p=3186"},"modified":"2025-11-28T03:07:39","modified_gmt":"2025-11-28T03:07:39","slug":"mp105-mini-prism","status":"publish","type":"product","link":"https:\/\/mountlaser.com\/es\/producto\/mp105-mini-prism\/","title":{"rendered":"MP105 Mini Prisma"},"content":{"rendered":"<p>MP105 Mini Prism: Monitoreo de alta precisi\u00f3n para aplicaciones industriales<\/p>\n<p>El <a href=\"https:\/\/mountlaser.com\/es\/\"><strong>Mini prisma MP105<\/strong><\/a> es un <a href=\"https:\/\/mountlaser.com\/es\/products\/\"><strong>Mini prisma de monitoreo amarillo<\/strong><\/a> Dise\u00f1ado para una precisi\u00f3n y durabilidad excepcionales en el monitoreo industrial y geot\u00e9cnico a largo plazo. Disponible con prismas de 25,4 mm y 38,1 mm, este miniprisma de monitoreo amarillo garantiza un rendimiento fiable y estable en entornos de campo exigentes.<\/p>\n<p>Fabricado con un soporte de pl\u00e1stico resistente a la intemperie y de alta resistencia, el miniprisma MP105 cuenta con una montura giratoria de 360\u00b0 para un posicionamiento flexible y una alineaci\u00f3n precisa. Su dise\u00f1o pivotante sin oscilaciones mejora la precisi\u00f3n de la medici\u00f3n, mientras que la altura del eje de inclinaci\u00f3n de 86 mm mantiene una geometr\u00eda uniforme para una monitorizaci\u00f3n precisa.<\/p>\n<p><img fetchpriority=\"high\" decoding=\"async\" class=\"aligncenter wp-image-3188\" src=\"https:\/\/mountlaser.com\/wp-content\/uploads\/2025\/11\/2-9MP1051.webp\" alt=\"MP105 mini prism\" width=\"500\" height=\"500\" srcset=\"https:\/\/mountlaser.com\/wp-content\/uploads\/2025\/11\/2-9MP1051.webp 1000w, https:\/\/mountlaser.com\/wp-content\/uploads\/2025\/11\/2-9MP1051-300x300.webp 300w, https:\/\/mountlaser.com\/wp-content\/uploads\/2025\/11\/2-9MP1051-400x400.webp 400w, https:\/\/mountlaser.com\/wp-content\/uploads\/2025\/11\/2-9MP1051-800x800.webp 800w, https:\/\/mountlaser.com\/wp-content\/uploads\/2025\/11\/2-9MP1051-600x600.webp 600w, https:\/\/mountlaser.com\/wp-content\/uploads\/2025\/11\/2-9MP1051-150x150.webp 150w, https:\/\/mountlaser.com\/wp-content\/uploads\/2025\/11\/2-9MP1051-768x768.webp 768w, https:\/\/mountlaser.com\/wp-content\/uploads\/2025\/11\/2-9MP1051-12x12.webp 12w\" sizes=\"(max-width: 500px) 100vw, 500px\" \/><\/p>\n<p>El <a href=\"https:\/\/mountlaser.com\/es\/contact-us\/\">Mini prisma MP105<\/a> El sistema ofrece m\u00faltiples configuraciones de adaptadores (roscas de 5\/8\u2033, 3\/8\u2033 y M8) para garantizar una instalaci\u00f3n vers\u00e1til en diversas configuraciones. Con constantes de prisma absolutas y de tipo suizo, el miniprisma de monitoreo amarillo se adapta a diferentes sistemas de estaciones totales y requisitos de proyecto, garantizando una estabilidad excepcional a largo plazo.<\/p>","protected":false},"excerpt":{"rendered":"<ul>\n<li>Proporciona mediciones de alta precisi\u00f3n para tareas de monitoreo industrial y geot\u00e9cnico.<\/li>\n<li>El soporte ajustable permite una orientaci\u00f3n y alineaci\u00f3n flexibles.<\/li>\n<li>La estructura resistente a la intemperie garantiza un funcionamiento confiable en condiciones adversas.<\/li>\n<li>El montaje estable minimiza la vibraci\u00f3n y la deriva de la medici\u00f3n.<\/li>\n<li>Compatible con varios adaptadores de rosca para aplicaciones de montaje universal.<\/li>\n<\/ul>","protected":false},"featured_media":3193,"comment_status":"open","ping_status":"closed","template":"","meta":[],"product_brand":[],"product_cat":[72,112],"product_tag":[],"class_list":{"0":"post-3186","1":"product","2":"type-product","3":"status-publish","4":"has-post-thumbnail","6":"product_cat-reflective-target-prism","7":"product_cat-monitoring-prism","9":"first","10":"instock","11":"shipping-taxable","12":"product-type-simple"},"_links":{"self":[{"href":"https:\/\/mountlaser.com\/es\/wp-json\/wp\/v2\/product\/3186","targetHints":{"allow":["GET"]}}],"collection":[{"href":"https:\/\/mountlaser.com\/es\/wp-json\/wp\/v2\/product"}],"about":[{"href":"https:\/\/mountlaser.com\/es\/wp-json\/wp\/v2\/types\/product"}],"replies":[{"embeddable":true,"href":"https:\/\/mountlaser.com\/es\/wp-json\/wp\/v2\/comments?post=3186"}],"wp:featuredmedia":[{"embeddable":true,"href":"https:\/\/mountlaser.com\/es\/wp-json\/wp\/v2\/media\/3193"}],"wp:attachment":[{"href":"https:\/\/mountlaser.com\/es\/wp-json\/wp\/v2\/media?parent=3186"}],"wp:term":[{"taxonomy":"product_brand","embeddable":true,"href":"https:\/\/mountlaser.com\/es\/wp-json\/wp\/v2\/product_brand?post=3186"},{"taxonomy":"product_cat","embeddable":true,"href":"https:\/\/mountlaser.com\/es\/wp-json\/wp\/v2\/product_cat?post=3186"},{"taxonomy":"product_tag","embeddable":true,"href":"https:\/\/mountlaser.com\/es\/wp-json\/wp\/v2\/product_tag?post=3186"}],"curies":[{"name":"wp","href":"https:\/\/api.w.org\/{rel}","templated":true}]}}