{"id":3173,"date":"2025-11-03T07:54:36","date_gmt":"2025-11-03T07:54:36","guid":{"rendered":"https:\/\/mountlaser.com\/?post_type=product&#038;p=3173"},"modified":"2025-11-28T03:19:32","modified_gmt":"2025-11-28T03:19:32","slug":"standard-j-series-rja20-medium-duty-aluminum-tripod","status":"publish","type":"product","link":"https:\/\/mountlaser.com\/es\/producto\/standard-j-series-rja20-medium-duty-aluminum-tripod\/","title":{"rendered":"Tr\u00edpode de aluminio de uso mediano RJA20 de la serie J est\u00e1ndar"},"content":{"rendered":"<p>En Mount Laser, nos especializamos en accesorios de medici\u00f3n de precisi\u00f3n, y el tr\u00edpode de aluminio de servicio mediano RJA20 de la serie J est\u00e1ndar no es una excepci\u00f3n.<\/p>\n<figure id=\"attachment_3182\" aria-describedby=\"caption-attachment-3182\" style=\"width: 300px\" class=\"wp-caption aligncenter\"><img fetchpriority=\"high\" decoding=\"async\" class=\"wp-image-3182 size-medium\" src=\"https:\/\/mountlaser.com\/wp-content\/uploads\/2025\/11\/RJA20-FAT6-300x300.webp\" alt=\"Precision Medium-Duty Aluminum Tripod\" width=\"300\" height=\"300\" srcset=\"https:\/\/mountlaser.com\/wp-content\/uploads\/2025\/11\/RJA20-FAT6-300x300.webp 300w, https:\/\/mountlaser.com\/wp-content\/uploads\/2025\/11\/RJA20-FAT6-400x400.webp 400w, https:\/\/mountlaser.com\/wp-content\/uploads\/2025\/11\/RJA20-FAT6-800x800.webp 800w, https:\/\/mountlaser.com\/wp-content\/uploads\/2025\/11\/RJA20-FAT6-600x600.webp 600w, https:\/\/mountlaser.com\/wp-content\/uploads\/2025\/11\/RJA20-FAT6-150x150.webp 150w, https:\/\/mountlaser.com\/wp-content\/uploads\/2025\/11\/RJA20-FAT6-768x768.webp 768w, https:\/\/mountlaser.com\/wp-content\/uploads\/2025\/11\/RJA20-FAT6-12x12.webp 12w, https:\/\/mountlaser.com\/wp-content\/uploads\/2025\/11\/RJA20-FAT6.webp 1000w\" sizes=\"(max-width: 300px) 100vw, 300px\" \/><figcaption id=\"caption-attachment-3182\" class=\"wp-caption-text\">Tr\u00edpode de aluminio de cabeza plana RJA20 para trabajo mediano<\/figcaption><\/figure>\n<p>&nbsp;<\/p>\n<p>Dise\u00f1ado para profesionales que exigen confiabilidad, este <a href=\"https:\/\/mountlaser.com\/es\/\"><strong>Tr\u00edpode de aluminio de precisi\u00f3n para trabajo mediano<\/strong><\/a> Est\u00e1 disponible en tres estilos de cabezal: plano, de c\u00fapula y redondo grande, lo que garantiza su compatibilidad con teodolitos y estaciones totales. Fabricado en aleaci\u00f3n de aluminio de alta resistencia, el RJA20 ofrece una excelente resistencia a los impactos e incorpora un perno de horquilla de lat\u00f3n de 5\/8\u2033-11 para un ajuste universal. Ya sea que elija la versi\u00f3n de abrazadera giratoria, de liberaci\u00f3n r\u00e1pida o de doble abrazadera, este tr\u00edpode de aluminio de resistencia media con abrazadera r\u00e1pida ofrece un montaje r\u00e1pido y una estabilidad excepcional. Disponemos de mecanismo de autobloqueo opcional (S) y colores o alturas personalizados a pedido.<\/p>\n<p>&nbsp;<\/p>\n<figure id=\"attachment_3180\" aria-describedby=\"caption-attachment-3180\" style=\"width: 300px\" class=\"wp-caption aligncenter\"><img decoding=\"async\" class=\"wp-image-3180 size-medium\" src=\"https:\/\/mountlaser.com\/wp-content\/uploads\/2025\/11\/RJA20-DAD7-300x300.webp\" alt=\"Precision Medium-Duty Aluminum Tripod\" width=\"300\" height=\"300\" srcset=\"https:\/\/mountlaser.com\/wp-content\/uploads\/2025\/11\/RJA20-DAD7-300x300.webp 300w, https:\/\/mountlaser.com\/wp-content\/uploads\/2025\/11\/RJA20-DAD7-400x400.webp 400w, https:\/\/mountlaser.com\/wp-content\/uploads\/2025\/11\/RJA20-DAD7-800x800.webp 800w, https:\/\/mountlaser.com\/wp-content\/uploads\/2025\/11\/RJA20-DAD7-600x600.webp 600w, https:\/\/mountlaser.com\/wp-content\/uploads\/2025\/11\/RJA20-DAD7-150x150.webp 150w, https:\/\/mountlaser.com\/wp-content\/uploads\/2025\/11\/RJA20-DAD7-768x768.webp 768w, https:\/\/mountlaser.com\/wp-content\/uploads\/2025\/11\/RJA20-DAD7-12x12.webp 12w, https:\/\/mountlaser.com\/wp-content\/uploads\/2025\/11\/RJA20-DAD7.webp 1000w\" sizes=\"(max-width: 300px) 100vw, 300px\" \/><figcaption id=\"caption-attachment-3180\" class=\"wp-caption-text\">Tr\u00edpode de aluminio de uso mediano con cabezal de domo RJA20<\/figcaption><\/figure>\n<p>&nbsp;<\/p>\n<figure id=\"attachment_3178\" aria-describedby=\"caption-attachment-3178\" style=\"width: 300px\" class=\"wp-caption aligncenter\"><img decoding=\"async\" class=\"wp-image-3178 size-medium\" src=\"https:\/\/mountlaser.com\/wp-content\/uploads\/2025\/11\/RJA20-BAD7-300x300.webp\" alt=\"Precision Medium-Duty Aluminum Tripod\" width=\"300\" height=\"300\" srcset=\"https:\/\/mountlaser.com\/wp-content\/uploads\/2025\/11\/RJA20-BAD7-300x300.webp 300w, https:\/\/mountlaser.com\/wp-content\/uploads\/2025\/11\/RJA20-BAD7-400x400.webp 400w, https:\/\/mountlaser.com\/wp-content\/uploads\/2025\/11\/RJA20-BAD7-800x800.webp 800w, https:\/\/mountlaser.com\/wp-content\/uploads\/2025\/11\/RJA20-BAD7-600x600.webp 600w, https:\/\/mountlaser.com\/wp-content\/uploads\/2025\/11\/RJA20-BAD7-150x150.webp 150w, https:\/\/mountlaser.com\/wp-content\/uploads\/2025\/11\/RJA20-BAD7-768x768.webp 768w, https:\/\/mountlaser.com\/wp-content\/uploads\/2025\/11\/RJA20-BAD7-12x12.webp 12w, https:\/\/mountlaser.com\/wp-content\/uploads\/2025\/11\/RJA20-BAD7.webp 1000w\" sizes=\"(max-width: 300px) 100vw, 300px\" \/><figcaption id=\"caption-attachment-3178\" class=\"wp-caption-text\">Tr\u00edpode de aluminio de alta resistencia RJA20 con cabezal redondo grande<\/figcaption><\/figure>\n<p>El <a href=\"https:\/\/mountlaser.com\/es\/products\/\"><strong>Tr\u00edpode de aluminio de uso mediano RJA20<\/strong> <\/a>Proporciona un soporte seguro y sin vibraciones para instrumentos de precisi\u00f3n en campo. Su dise\u00f1o ligero y resistente facilita su transporte sin sacrificar la resistencia. El tr\u00edpode de aluminio de precisi\u00f3n de resistencia media garantiza una precisi\u00f3n constante, mientras que el tr\u00edpode de aluminio de resistencia media con abrazadera r\u00e1pida permite un despliegue y ajuste r\u00e1pidos, ahorrando tiempo valioso en el sitio.<\/p>\n<p>&nbsp;<\/p>\n<p><strong>Especificaciones del tr\u00edpode de aluminio de servicio mediano RJA20 de la serie J est\u00e1ndar<\/strong><\/p>\n<table width=\"830\">\n<tbody>\n<tr>\n<td width=\"126\">N\u00daMERO<\/td>\n<td width=\"130\">PIERNAS<\/td>\n<td width=\"121\">CABEZA<\/td>\n<td width=\"134\">TIPO DE BLOQUEO<\/td>\n<td width=\"132\">HARDWARE<\/td>\n<td width=\"115\">EXTENSI\u00d3N<\/td>\n<td width=\"72\">noroeste<\/td>\n<\/tr>\n<tr>\n<td>RJA20-FCTOR<\/td>\n<td>Aluminio<\/td>\n<td>160 mm plano<\/td>\n<td>Abrazadera giratoria<\/td>\n<td>Naranja<\/td>\n<td>170 cent\u00edmetros<\/td>\n<td>3,7 kilos<\/td>\n<\/tr>\n<tr>\n<td>RJA20-FCDOR<\/td>\n<td>Aluminio<\/td>\n<td>160 mm plano<\/td>\n<td>Abrazadera doble<\/td>\n<td>Naranja<\/td>\n<td>160 cent\u00edmetros<\/td>\n<td>4,3 kilos<\/td>\n<\/tr>\n<\/tbody>\n<\/table>","protected":false},"excerpt":{"rendered":"<ul>\n<li>Para top\u00f3grafos e ingenieros que requieren un sistema de soporte confiable y personalizable<\/li>\n<li>El tr\u00edpode de aluminio de servicio mediano RJA20 de la serie J est\u00e1ndar es la elecci\u00f3n ideal.<\/li>\n<li>Con m\u00faltiples opciones de cabezal, estilos de abrazadera y la durabilidad de un tr\u00edpode de aluminio de precisi\u00f3n de servicio mediano<\/li>\n<\/ul>","protected":false},"featured_media":3174,"comment_status":"open","ping_status":"closed","template":"","meta":[],"product_brand":[],"product_cat":[91,111],"product_tag":[],"class_list":{"0":"post-3173","1":"product","2":"type-product","3":"status-publish","4":"has-post-thumbnail","6":"product_cat-bipod-tripod","7":"product_cat-aluminum-surveying-tripod","9":"first","10":"instock","11":"shipping-taxable","12":"product-type-simple"},"_links":{"self":[{"href":"https:\/\/mountlaser.com\/es\/wp-json\/wp\/v2\/product\/3173","targetHints":{"allow":["GET"]}}],"collection":[{"href":"https:\/\/mountlaser.com\/es\/wp-json\/wp\/v2\/product"}],"about":[{"href":"https:\/\/mountlaser.com\/es\/wp-json\/wp\/v2\/types\/product"}],"replies":[{"embeddable":true,"href":"https:\/\/mountlaser.com\/es\/wp-json\/wp\/v2\/comments?post=3173"}],"wp:featuredmedia":[{"embeddable":true,"href":"https:\/\/mountlaser.com\/es\/wp-json\/wp\/v2\/media\/3174"}],"wp:attachment":[{"href":"https:\/\/mountlaser.com\/es\/wp-json\/wp\/v2\/media?parent=3173"}],"wp:term":[{"taxonomy":"product_brand","embeddable":true,"href":"https:\/\/mountlaser.com\/es\/wp-json\/wp\/v2\/product_brand?post=3173"},{"taxonomy":"product_cat","embeddable":true,"href":"https:\/\/mountlaser.com\/es\/wp-json\/wp\/v2\/product_cat?post=3173"},{"taxonomy":"product_tag","embeddable":true,"href":"https:\/\/mountlaser.com\/es\/wp-json\/wp\/v2\/product_tag?post=3173"}],"curies":[{"name":"wp","href":"https:\/\/api.w.org\/{rel}","templated":true}]}}