{"id":3167,"date":"2025-11-03T07:50:02","date_gmt":"2025-11-03T07:50:02","guid":{"rendered":"https:\/\/mountlaser.com\/?post_type=product&#038;p=3167"},"modified":"2025-11-28T03:21:56","modified_gmt":"2025-11-28T03:21:56","slug":"mp104-monitoring-prism","status":"publish","type":"product","link":"https:\/\/mountlaser.com\/es\/producto\/mp104-monitoring-prism\/","title":{"rendered":"Prisma de monitoreo MP104"},"content":{"rendered":"<p>MP104 mini prisma: Mini prisma de monitoreo blanco resistente a la intemperie para precisi\u00f3n a largo plazo<\/p>\n<p>El <a href=\"https:\/\/mountlaser.com\/es\/\"><strong>Mini prisma MP104<\/strong><\/a> es de calidad profesional <a href=\"https:\/\/mountlaser.com\/es\/about-us\/\"><strong>mini prisma de monitoreo blanco<\/strong><\/a> Dise\u00f1ado para el monitoreo preciso y a largo plazo de la deformaci\u00f3n en proyectos de construcci\u00f3n, geot\u00e9cnicos y de salud estructural. Fabricado para funcionar en condiciones de campo rigurosas, este prisma garantiza una recopilaci\u00f3n de datos estable y precisa durante largos per\u00edodos de monitoreo.<\/p>\n<p>Fabricado con un prisma de alta precisi\u00f3n de 25,4 mm y una altura de eje de inclinaci\u00f3n de 86 mm, el miniprisma MP104 ofrece una compensaci\u00f3n de -17,5 mm, lo que proporciona resultados fiables para tareas topogr\u00e1ficas cr\u00edticas. Su dise\u00f1o resistente a la intemperie incluye una cubierta protectora y un vidrio con tratamiento especial, lo que le proporciona una resistencia excepcional a factores ambientales como la lluvia, el polvo y las fluctuaciones de temperatura.<\/p>\n<p>&nbsp;<\/p>\n<p><img fetchpriority=\"high\" decoding=\"async\" class=\"aligncenter wp-image-3169\" src=\"https:\/\/mountlaser.com\/wp-content\/uploads\/2025\/11\/2-8MP1042.webp\" alt=\"MP104 MINI prism\" width=\"500\" height=\"500\" srcset=\"https:\/\/mountlaser.com\/wp-content\/uploads\/2025\/11\/2-8MP1042.webp 1000w, https:\/\/mountlaser.com\/wp-content\/uploads\/2025\/11\/2-8MP1042-300x300.webp 300w, https:\/\/mountlaser.com\/wp-content\/uploads\/2025\/11\/2-8MP1042-400x400.webp 400w, https:\/\/mountlaser.com\/wp-content\/uploads\/2025\/11\/2-8MP1042-800x800.webp 800w, https:\/\/mountlaser.com\/wp-content\/uploads\/2025\/11\/2-8MP1042-600x600.webp 600w, https:\/\/mountlaser.com\/wp-content\/uploads\/2025\/11\/2-8MP1042-150x150.webp 150w, https:\/\/mountlaser.com\/wp-content\/uploads\/2025\/11\/2-8MP1042-768x768.webp 768w, https:\/\/mountlaser.com\/wp-content\/uploads\/2025\/11\/2-8MP1042-12x12.webp 12w\" sizes=\"(max-width: 500px) 100vw, 500px\" \/><\/p>\n<p>El miniprisma de monitoreo blanco cuenta con una carcasa de pl\u00e1stico de estilo suizo de alta resistencia, que combina ligereza y durabilidad a largo plazo. Tambi\u00e9n est\u00e1 disponible con prismas recubiertos de cobre o plata, lo que permite optimizar el retorno de la se\u00f1al seg\u00fan las condiciones ambientales y de reflexi\u00f3n.<\/p>\n<p>Para una instalaci\u00f3n flexible, el <a href=\"https:\/\/mountlaser.com\/es\/products\/\">Mini prisma MP104<\/a> Incluye tres opciones de adaptador:<\/p>\n<p>MP104-A01 \u2013 Adaptador de rosca de 5\/8\u2033<\/p>\n<p>MP104-A02 \u2013 Adaptador de rosca de 3\/8\u2033<\/p>\n<p>MP104-A03 \u2013 Adaptador de rosca M8<\/p>\n<p>Estas opciones hacen que el mini prisma de monitoreo blanco sea compatible con una variedad de configuraciones de montaje, brindando m\u00e1xima versatilidad en el campo.<\/p>","protected":false},"excerpt":{"rendered":"<ul>\n<li>Carcasa protegida contra la intemperie y vidrio tratado para mayor durabilidad en exteriores.<\/li>\n<li>Soporte de pl\u00e1stico estilo suizo de alta resistencia para una estabilidad a largo plazo<\/li>\n<li>Disponible con revestimientos de cobre o plata para una mejor reflexi\u00f3n.<\/li>\n<li>M\u00faltiples opciones de adaptadores para una instalaci\u00f3n universal<\/li>\n<\/ul>","protected":false},"featured_media":3168,"comment_status":"open","ping_status":"closed","template":"","meta":[],"product_brand":[],"product_cat":[72,112],"product_tag":[],"class_list":{"0":"post-3167","1":"product","2":"type-product","3":"status-publish","4":"has-post-thumbnail","6":"product_cat-reflective-target-prism","7":"product_cat-monitoring-prism","9":"first","10":"instock","11":"shipping-taxable","12":"product-type-simple"},"_links":{"self":[{"href":"https:\/\/mountlaser.com\/es\/wp-json\/wp\/v2\/product\/3167","targetHints":{"allow":["GET"]}}],"collection":[{"href":"https:\/\/mountlaser.com\/es\/wp-json\/wp\/v2\/product"}],"about":[{"href":"https:\/\/mountlaser.com\/es\/wp-json\/wp\/v2\/types\/product"}],"replies":[{"embeddable":true,"href":"https:\/\/mountlaser.com\/es\/wp-json\/wp\/v2\/comments?post=3167"}],"wp:featuredmedia":[{"embeddable":true,"href":"https:\/\/mountlaser.com\/es\/wp-json\/wp\/v2\/media\/3168"}],"wp:attachment":[{"href":"https:\/\/mountlaser.com\/es\/wp-json\/wp\/v2\/media?parent=3167"}],"wp:term":[{"taxonomy":"product_brand","embeddable":true,"href":"https:\/\/mountlaser.com\/es\/wp-json\/wp\/v2\/product_brand?post=3167"},{"taxonomy":"product_cat","embeddable":true,"href":"https:\/\/mountlaser.com\/es\/wp-json\/wp\/v2\/product_cat?post=3167"},{"taxonomy":"product_tag","embeddable":true,"href":"https:\/\/mountlaser.com\/es\/wp-json\/wp\/v2\/product_tag?post=3167"}],"curies":[{"name":"wp","href":"https:\/\/api.w.org\/{rel}","templated":true}]}}