{"id":3155,"date":"2025-11-03T05:29:54","date_gmt":"2025-11-03T05:29:54","guid":{"rendered":"https:\/\/mountlaser.com\/?post_type=product&#038;p=3155"},"modified":"2025-11-28T03:23:39","modified_gmt":"2025-11-28T03:23:39","slug":"rt108-magnetic-rotary-reflective-target","status":"publish","type":"product","link":"https:\/\/mountlaser.com\/es\/producto\/rt108-magnetic-rotary-reflective-target\/","title":{"rendered":"Objetivo reflectante giratorio magn\u00e9tico RT108"},"content":{"rendered":"<p>Objetivo magn\u00e9tico reflectante giratorio RT108: precisi\u00f3n de 360\u00b0 para una alineaci\u00f3n profesional<\/p>\n<p>El RT108 <a href=\"https:\/\/mountlaser.com\/es\/\"><strong>Objetivo reflectante giratorio con l\u00e1mina magn\u00e9tica<\/strong><\/a> El objetivo de Mount Laser est\u00e1 dise\u00f1ado para aplicaciones de alineaci\u00f3n, dise\u00f1o y monitoreo de alta precisi\u00f3n. Disponible en dos modelos: RT108-50 con l\u00e1mina reflectante de 50\u00d750 mm y RT108-90 con l\u00e1mina reflectante de 90\u00d790 mm, este objetivo ofrece opciones flexibles para diferentes necesidades de medici\u00f3n.<\/p>\n<p>Con un dise\u00f1o giratorio de 360 grados, el objetivo reflectante giratorio con l\u00e1mina magn\u00e9tica permite un f\u00e1cil ajuste en todas las direcciones, garantizando una reflexi\u00f3n l\u00e1ser precisa desde cualquier \u00e1ngulo. Fabricado con un cuerpo principal de aluminio resistente, garantiza estabilidad y rendimiento a largo plazo en entornos industriales exigentes.<\/p>\n<p><img fetchpriority=\"high\" decoding=\"async\" class=\"aligncenter wp-image-3134\" src=\"https:\/\/mountlaser.com\/wp-content\/uploads\/2025\/10\/1-9RT1083.webp\" alt=\"RT108 Rotary Reflective Target With Magnetic Sheet\" width=\"500\" height=\"500\" srcset=\"https:\/\/mountlaser.com\/wp-content\/uploads\/2025\/10\/1-9RT1083.webp 1000w, https:\/\/mountlaser.com\/wp-content\/uploads\/2025\/10\/1-9RT1083-300x300.webp 300w, https:\/\/mountlaser.com\/wp-content\/uploads\/2025\/10\/1-9RT1083-400x400.webp 400w, https:\/\/mountlaser.com\/wp-content\/uploads\/2025\/10\/1-9RT1083-800x800.webp 800w, https:\/\/mountlaser.com\/wp-content\/uploads\/2025\/10\/1-9RT1083-600x600.webp 600w, https:\/\/mountlaser.com\/wp-content\/uploads\/2025\/10\/1-9RT1083-150x150.webp 150w, https:\/\/mountlaser.com\/wp-content\/uploads\/2025\/10\/1-9RT1083-768x768.webp 768w, https:\/\/mountlaser.com\/wp-content\/uploads\/2025\/10\/1-9RT1083-12x12.webp 12w\" sizes=\"(max-width: 500px) 100vw, 500px\" \/><\/p>\n<p>Equipado con una l\u00e1mina adhesiva reflectante 3M de alta visibilidad, el objetivo reflectante giratorio con l\u00e1mina magn\u00e9tica ofrece una reflectividad superior para sistemas l\u00e1ser y de estaciones totales. Su robusta base magn\u00e9tica permite un montaje r\u00e1pido y seguro directamente sobre superficies met\u00e1licas o puntos de medici\u00f3n, lo que lo hace ideal para estructuras de acero, maquinaria pesada y tareas de dise\u00f1o de precisi\u00f3n.<\/p>\n<p>El <a href=\"https:\/\/mountlaser.com\/es\/products\/\"><strong>Nuevo objetivo reflectante giratorio magn\u00e9tico<\/strong><\/a> Combina la tecnolog\u00eda reflectante 3M con la versatilidad magn\u00e9tica, ofreciendo a los profesionales el equilibrio perfecto entre durabilidad, eficiencia y precisi\u00f3n de medici\u00f3n.<\/p>","protected":false},"excerpt":{"rendered":"<ul>\n<li>Alineaci\u00f3n l\u00e1ser flexible<\/li>\n<li>Dos modelos: RT108-50 (50\u00d750 mm) y RT108-90 (90\u00d790 mm)<\/li>\n<li>L\u00e1mina reflectante de alta visibilidad 3M para una mejor reflexi\u00f3n de la se\u00f1al<\/li>\n<li>Montaje seguro en superficies met\u00e1licas<\/li>\n<li>Cuerpo principal de aluminio duradero para una estabilidad a largo plazo en entornos hostiles.<\/li>\n<li>Para construcci\u00f3n, monitoreo y alineaci\u00f3n de m\u00e1quinas<\/li>\n<\/ul>","protected":false},"featured_media":3137,"comment_status":"open","ping_status":"closed","template":"","meta":[],"product_brand":[],"product_cat":[72,104],"product_tag":[],"class_list":{"0":"post-3155","1":"product","2":"type-product","3":"status-publish","4":"has-post-thumbnail","6":"product_cat-reflective-target-prism","7":"product_cat-reflective-target","9":"first","10":"instock","11":"shipping-taxable","12":"product-type-simple"},"_links":{"self":[{"href":"https:\/\/mountlaser.com\/es\/wp-json\/wp\/v2\/product\/3155","targetHints":{"allow":["GET"]}}],"collection":[{"href":"https:\/\/mountlaser.com\/es\/wp-json\/wp\/v2\/product"}],"about":[{"href":"https:\/\/mountlaser.com\/es\/wp-json\/wp\/v2\/types\/product"}],"replies":[{"embeddable":true,"href":"https:\/\/mountlaser.com\/es\/wp-json\/wp\/v2\/comments?post=3155"}],"wp:featuredmedia":[{"embeddable":true,"href":"https:\/\/mountlaser.com\/es\/wp-json\/wp\/v2\/media\/3137"}],"wp:attachment":[{"href":"https:\/\/mountlaser.com\/es\/wp-json\/wp\/v2\/media?parent=3155"}],"wp:term":[{"taxonomy":"product_brand","embeddable":true,"href":"https:\/\/mountlaser.com\/es\/wp-json\/wp\/v2\/product_brand?post=3155"},{"taxonomy":"product_cat","embeddable":true,"href":"https:\/\/mountlaser.com\/es\/wp-json\/wp\/v2\/product_cat?post=3155"},{"taxonomy":"product_tag","embeddable":true,"href":"https:\/\/mountlaser.com\/es\/wp-json\/wp\/v2\/product_tag?post=3155"}],"curies":[{"name":"wp","href":"https:\/\/api.w.org\/{rel}","templated":true}]}}