{"id":3112,"date":"2025-10-31T09:18:04","date_gmt":"2025-10-31T09:18:04","guid":{"rendered":"https:\/\/mountlaser.com\/?post_type=product&#038;p=3112"},"modified":"2025-11-28T03:26:02","modified_gmt":"2025-11-28T03:26:02","slug":"premium-t-series-rta10-aluminum-tripod","status":"publish","type":"product","link":"https:\/\/mountlaser.com\/es\/producto\/premium-t-series-rta10-aluminum-tripod\/","title":{"rendered":"Tr\u00edpode de aluminio Premium Serie T RTA10"},"content":{"rendered":"<p>El <a href=\"https:\/\/mountlaser.com\/es\/\"><strong>Tr\u00edpode de aluminio Premium Serie T RTA10<\/strong> <\/a>Representa la cumbre de la excelencia en ingenier\u00eda en sistemas de soporte topogr\u00e1fico, estableciendo nuevos est\u00e1ndares de fiabilidad y rendimiento. Este excepcional tr\u00edpode de aluminio de cabezal plano est\u00e1 meticulosamente dise\u00f1ado para satisfacer las exigentes necesidades de los top\u00f3grafos profesionales que no sacrifican estabilidad ni precisi\u00f3n.<br \/>\nPresenta una configuraci\u00f3n de cabeza plana especializada que garantiza una estabilidad \u00f3ptima del instrumento y un montaje seguro.<br \/>\nEquipado con perno de horquilla de aluminio est\u00e1ndar de 5\/8\u2033-11 para una integraci\u00f3n perfecta con niveles autom\u00e1ticos y l\u00e1seres rotatorios<\/p>\n<p><img fetchpriority=\"high\" decoding=\"async\" class=\"aligncenter wp-image-3115\" src=\"https:\/\/mountlaser.com\/wp-content\/uploads\/2025\/10\/RTA10-FCD3.webp\" alt=\"Flat Head Aluminum Tripod\" width=\"500\" height=\"500\" srcset=\"https:\/\/mountlaser.com\/wp-content\/uploads\/2025\/10\/RTA10-FCD3.webp 1000w, https:\/\/mountlaser.com\/wp-content\/uploads\/2025\/10\/RTA10-FCD3-300x300.webp 300w, https:\/\/mountlaser.com\/wp-content\/uploads\/2025\/10\/RTA10-FCD3-400x400.webp 400w, https:\/\/mountlaser.com\/wp-content\/uploads\/2025\/10\/RTA10-FCD3-800x800.webp 800w, https:\/\/mountlaser.com\/wp-content\/uploads\/2025\/10\/RTA10-FCD3-600x600.webp 600w, https:\/\/mountlaser.com\/wp-content\/uploads\/2025\/10\/RTA10-FCD3-150x150.webp 150w, https:\/\/mountlaser.com\/wp-content\/uploads\/2025\/10\/RTA10-FCD3-768x768.webp 768w, https:\/\/mountlaser.com\/wp-content\/uploads\/2025\/10\/RTA10-FCD3-12x12.webp 12w\" sizes=\"(max-width: 500px) 100vw, 500px\" \/><br \/>\nComo un sofisticado tr\u00edpode de aluminio con bloqueo autom\u00e1tico, el RTA10 incorpora mecanismos de bloqueo avanzados que garantizan un posicionamiento s\u00f3lido del instrumento durante sesiones de medici\u00f3n prolongadas.<br \/>\nEl dise\u00f1o innovador de este <a href=\"https:\/\/mountlaser.com\/es\/products\/\"><strong>tr\u00edpode de aluminio de cabeza plana<\/strong> <\/a>Ofrece una compatibilidad inigualable con diversos instrumentos topogr\u00e1ficos, manteniendo la portabilidad que requieren los t\u00e9cnicos de campo. Dise\u00f1ado para ofrecer durabilidad y comodidad, este tr\u00edpode de aluminio con autobloqueo demuestra el compromiso de Mountlaser de ofrecer soluciones topogr\u00e1ficas superiores que mejoran la productividad y la precisi\u00f3n de las mediciones en entornos de trabajo exigentes.<\/p>\n<p><img decoding=\"async\" class=\"aligncenter wp-image-3118\" src=\"https:\/\/mountlaser.com\/wp-content\/uploads\/2025\/10\/RTA10-FCD6.webp\" alt=\"Flat Head Aluminum Tripod\" width=\"500\" height=\"500\" srcset=\"https:\/\/mountlaser.com\/wp-content\/uploads\/2025\/10\/RTA10-FCD6.webp 1000w, https:\/\/mountlaser.com\/wp-content\/uploads\/2025\/10\/RTA10-FCD6-300x300.webp 300w, https:\/\/mountlaser.com\/wp-content\/uploads\/2025\/10\/RTA10-FCD6-400x400.webp 400w, https:\/\/mountlaser.com\/wp-content\/uploads\/2025\/10\/RTA10-FCD6-800x800.webp 800w, https:\/\/mountlaser.com\/wp-content\/uploads\/2025\/10\/RTA10-FCD6-600x600.webp 600w, https:\/\/mountlaser.com\/wp-content\/uploads\/2025\/10\/RTA10-FCD6-150x150.webp 150w, https:\/\/mountlaser.com\/wp-content\/uploads\/2025\/10\/RTA10-FCD6-768x768.webp 768w, https:\/\/mountlaser.com\/wp-content\/uploads\/2025\/10\/RTA10-FCD6-12x12.webp 12w\" sizes=\"(max-width: 500px) 100vw, 500px\" \/><\/p>\n<p>&nbsp;<\/p>\n<p><strong><a href=\"https:\/\/mountlaser.com\/es\/contact-us\/\">Tr\u00edpode de aluminio Premium Serie T RTA10<\/a> Presupuesto<\/strong><\/p>\n<table style=\"border-collapse: collapse; width: 622.52pt;\" border=\"0\" width=\"830\" cellspacing=\"0\" cellpadding=\"0\">\n<tbody>\n<tr style=\"height: 14.25pt;\">\n<td class=\"et2\" style=\"height: 14.25pt; width: 94.50pt;\" width=\"126\" height=\"19\">N\u00daMERO<\/td>\n<td class=\"et2\" style=\"width: 97.50pt;\" width=\"130\">PIERNAS<\/td>\n<td class=\"et2\" style=\"width: 90.75pt;\" width=\"121\">CABEZA<\/td>\n<td class=\"et2\" style=\"width: 100.50pt;\" width=\"134\">TIPO DE BLOQUEO<\/td>\n<td class=\"et2\" style=\"width: 99.00pt;\" width=\"132\">HARDWARE<\/td>\n<td class=\"et2\" style=\"width: 86.25pt;\" width=\"115\">EXTENSI\u00d3N<\/td>\n<td class=\"et2\" style=\"width: 54.00pt;\" width=\"72\">noroeste<\/td>\n<\/tr>\n<tr style=\"height: 14.25pt;\">\n<td class=\"et2\" style=\"height: 14.25pt;\" height=\"19\">RTA10-FATYL<\/td>\n<td class=\"et2\">Aluminio<\/td>\n<td class=\"et2\">140 mm plano<\/td>\n<td class=\"et2\">Abrazadera giratoria<\/td>\n<td class=\"et2\">Amarillo<\/td>\n<td class=\"et2\">170 cent\u00edmetros<\/td>\n<td class=\"et2\">3,0 kilogramos<\/td>\n<\/tr>\n<tr style=\"height: 14.25pt;\">\n<td class=\"et2\" style=\"height: 14.25pt;\" height=\"19\">RTA10-FADYL<\/td>\n<td class=\"et2\">Aluminio<\/td>\n<td class=\"et2\">140 mm plano<\/td>\n<td class=\"et2\">Abrazadera doble<\/td>\n<td class=\"et2\">Amarillo<\/td>\n<td class=\"et2\">165 cent\u00edmetros<\/td>\n<td class=\"et2\">3,6 kg<\/td>\n<\/tr>\n<\/tbody>\n<\/table>","protected":false},"excerpt":{"rendered":"<p>\u2022 Construcci\u00f3n de aluminio de calidad aeron\u00e1utica: Fabricado con aleaci\u00f3n de aluminio de alta resistencia que proporciona una resistencia al impacto excepcional<br \/>\n\u2022 M\u00faltiples opciones de abrazadera: Disponible con configuraciones de abrazadera giratoria, abrazadera de liberaci\u00f3n r\u00e1pida o abrazadera doble<br \/>\n\u2022 Especificaciones personalizables: ofrece colores y alturas personalizados a pedido para adaptarse a los requisitos espec\u00edficos del proyecto.<\/p>","protected":false},"featured_media":3117,"comment_status":"open","ping_status":"closed","template":"","meta":[],"product_brand":[],"product_cat":[91,111],"product_tag":[],"class_list":{"0":"post-3112","1":"product","2":"type-product","3":"status-publish","4":"has-post-thumbnail","6":"product_cat-bipod-tripod","7":"product_cat-aluminum-surveying-tripod","9":"first","10":"instock","11":"shipping-taxable","12":"product-type-simple"},"_links":{"self":[{"href":"https:\/\/mountlaser.com\/es\/wp-json\/wp\/v2\/product\/3112","targetHints":{"allow":["GET"]}}],"collection":[{"href":"https:\/\/mountlaser.com\/es\/wp-json\/wp\/v2\/product"}],"about":[{"href":"https:\/\/mountlaser.com\/es\/wp-json\/wp\/v2\/types\/product"}],"replies":[{"embeddable":true,"href":"https:\/\/mountlaser.com\/es\/wp-json\/wp\/v2\/comments?post=3112"}],"wp:featuredmedia":[{"embeddable":true,"href":"https:\/\/mountlaser.com\/es\/wp-json\/wp\/v2\/media\/3117"}],"wp:attachment":[{"href":"https:\/\/mountlaser.com\/es\/wp-json\/wp\/v2\/media?parent=3112"}],"wp:term":[{"taxonomy":"product_brand","embeddable":true,"href":"https:\/\/mountlaser.com\/es\/wp-json\/wp\/v2\/product_brand?post=3112"},{"taxonomy":"product_cat","embeddable":true,"href":"https:\/\/mountlaser.com\/es\/wp-json\/wp\/v2\/product_cat?post=3112"},{"taxonomy":"product_tag","embeddable":true,"href":"https:\/\/mountlaser.com\/es\/wp-json\/wp\/v2\/product_tag?post=3112"}],"curies":[{"name":"wp","href":"https:\/\/api.w.org\/{rel}","templated":true}]}}