{"id":3088,"date":"2025-10-31T07:44:32","date_gmt":"2025-10-31T07:44:32","guid":{"rendered":"https:\/\/mountlaser.com\/?post_type=product&#038;p=3088"},"modified":"2025-11-28T03:28:07","modified_gmt":"2025-11-28T03:28:07","slug":"rt105-reflective-target","status":"publish","type":"product","link":"https:\/\/mountlaser.com\/es\/producto\/rt105-reflective-target\/","title":{"rendered":"Objetivo reflectante RT105"},"content":{"rendered":"<p>El <a href=\"https:\/\/mountlaser.com\/es\/\"><strong>L\u00e1mina de objetivo reflectante RT105<\/strong><\/a> de Mount Laser es un profesional <a href=\"https:\/\/mountlaser.com\/es\/products\/\"><strong>Hoja de objetivos de la estaci\u00f3n total<\/strong><\/a> Dise\u00f1ado para ofrecer alineaci\u00f3n l\u00e1ser y medici\u00f3n de alta precisi\u00f3n. Fabricado con aut\u00e9ntico material reflectante 3M y un cuerpo de nailon de alta resistencia, este modelo garantiza una reflectividad fiable, una durabilidad excepcional y una larga vida \u00fatil en condiciones de campo exigentes.<\/p>\n<p>Con una superficie reflectante de 60 mm de di\u00e1metro, la l\u00e1mina reflectante RT105 proporciona una visibilidad n\u00edtida y de alto contraste para una orientaci\u00f3n precisa y un retorno de se\u00f1al r\u00e1pido. Su sistema de montaje de liberaci\u00f3n r\u00e1pida permite una instalaci\u00f3n y extracci\u00f3n r\u00e1pidas, lo que la hace muy eficiente para usuarios que reubican frecuentemente la l\u00e1mina reflectante de su estaci\u00f3n total en diversos entornos de trabajo.<\/p>\n<p>Dise\u00f1ada para aplicaciones de construcci\u00f3n, topograf\u00eda e industriales, la l\u00e1mina reflectante RT105 garantiza un rendimiento estable incluso en condiciones exteriores adversas. La combinaci\u00f3n de tecnolog\u00eda reflectante 3M y una robusta carcasa de nailon garantiza una alineaci\u00f3n \u00f3ptima y precisi\u00f3n de medici\u00f3n.<\/p>\n<p><img fetchpriority=\"high\" decoding=\"async\" class=\"aligncenter wp-image-3093\" src=\"https:\/\/mountlaser.com\/wp-content\/uploads\/2025\/10\/1-6RT1055.webp\" alt=\"RT105 Total Station Target Sheet\" width=\"500\" height=\"500\" srcset=\"https:\/\/mountlaser.com\/wp-content\/uploads\/2025\/10\/1-6RT1055.webp 1000w, https:\/\/mountlaser.com\/wp-content\/uploads\/2025\/10\/1-6RT1055-300x300.webp 300w, https:\/\/mountlaser.com\/wp-content\/uploads\/2025\/10\/1-6RT1055-400x400.webp 400w, https:\/\/mountlaser.com\/wp-content\/uploads\/2025\/10\/1-6RT1055-800x800.webp 800w, https:\/\/mountlaser.com\/wp-content\/uploads\/2025\/10\/1-6RT1055-600x600.webp 600w, https:\/\/mountlaser.com\/wp-content\/uploads\/2025\/10\/1-6RT1055-150x150.webp 150w, https:\/\/mountlaser.com\/wp-content\/uploads\/2025\/10\/1-6RT1055-768x768.webp 768w, https:\/\/mountlaser.com\/wp-content\/uploads\/2025\/10\/1-6RT1055-12x12.webp 12w\" sizes=\"(max-width: 500px) 100vw, 500px\" \/><\/p>\n<p>Monte Laser <a href=\"https:\/\/mountlaser.com\/es\/about-us\/\">L\u00e1mina de objetivo reflectante RT105<\/a> Combina la precisi\u00f3n reflectante 3M con una estructura de nailon ligera y de liberaci\u00f3n r\u00e1pida para crear una l\u00e1mina de objetivo para estaci\u00f3n total confiable. Dise\u00f1ada para profesionales que valoran la velocidad, la durabilidad y la precisi\u00f3n, ofrece un rendimiento consistente y eficiente en todas las aplicaciones de medici\u00f3n.<\/p>","protected":false},"excerpt":{"rendered":"<ul>\n<li>Alto rendimiento<\/li>\n<li>Retorno de se\u00f1al superior<\/li>\n<li>Dise\u00f1o de liberaci\u00f3n r\u00e1pida<\/li>\n<li>Hoja de objetivo de estaci\u00f3n total ideal para tareas de construcci\u00f3n, topograf\u00eda y alineaci\u00f3n<\/li>\n<\/ul>","protected":false},"featured_media":3091,"comment_status":"open","ping_status":"closed","template":"","meta":[],"product_brand":[],"product_cat":[72,104],"product_tag":[],"class_list":{"0":"post-3088","1":"product","2":"type-product","3":"status-publish","4":"has-post-thumbnail","6":"product_cat-reflective-target-prism","7":"product_cat-reflective-target","9":"first","10":"instock","11":"shipping-taxable","12":"product-type-simple"},"_links":{"self":[{"href":"https:\/\/mountlaser.com\/es\/wp-json\/wp\/v2\/product\/3088","targetHints":{"allow":["GET"]}}],"collection":[{"href":"https:\/\/mountlaser.com\/es\/wp-json\/wp\/v2\/product"}],"about":[{"href":"https:\/\/mountlaser.com\/es\/wp-json\/wp\/v2\/types\/product"}],"replies":[{"embeddable":true,"href":"https:\/\/mountlaser.com\/es\/wp-json\/wp\/v2\/comments?post=3088"}],"wp:featuredmedia":[{"embeddable":true,"href":"https:\/\/mountlaser.com\/es\/wp-json\/wp\/v2\/media\/3091"}],"wp:attachment":[{"href":"https:\/\/mountlaser.com\/es\/wp-json\/wp\/v2\/media?parent=3088"}],"wp:term":[{"taxonomy":"product_brand","embeddable":true,"href":"https:\/\/mountlaser.com\/es\/wp-json\/wp\/v2\/product_brand?post=3088"},{"taxonomy":"product_cat","embeddable":true,"href":"https:\/\/mountlaser.com\/es\/wp-json\/wp\/v2\/product_cat?post=3088"},{"taxonomy":"product_tag","embeddable":true,"href":"https:\/\/mountlaser.com\/es\/wp-json\/wp\/v2\/product_tag?post=3088"}],"curies":[{"name":"wp","href":"https:\/\/api.w.org\/{rel}","templated":true}]}}