{"id":3077,"date":"2025-10-31T07:29:54","date_gmt":"2025-10-31T07:29:54","guid":{"rendered":"https:\/\/mountlaser.com\/?post_type=product&#038;p=3077"},"modified":"2025-11-28T03:29:48","modified_gmt":"2025-11-28T03:29:48","slug":"rt104-reflective-target","status":"publish","type":"product","link":"https:\/\/mountlaser.com\/es\/producto\/rt104-reflective-target\/","title":{"rendered":"RT104 Objetivo reflectante"},"content":{"rendered":"<p>Objetivo reflectante RT104: l\u00e1mina de objetivo de precisi\u00f3n de aluminio para estaci\u00f3n total<\/p>\n<p>El <a href=\"https:\/\/mountlaser.com\/es\/\"><strong>RT104 Objetivo reflectante<\/strong><\/a> Mount Laser es una l\u00e1mina de objetivo para estaci\u00f3n total de calidad profesional, dise\u00f1ada para aplicaciones de medici\u00f3n l\u00e1ser, alineaci\u00f3n y topograf\u00eda de alta precisi\u00f3n. Dise\u00f1ada con material reflectante 3M de primera calidad, garantiza una reflectividad superior y un retorno de se\u00f1al confiable incluso en condiciones de iluminaci\u00f3n dif\u00edciles o a larga distancia.<\/p>\n<p>Fabricado en aluminio duradero, el <a href=\"https:\/\/mountlaser.com\/es\/products\/\"><strong>hoja de objetivo de estaci\u00f3n total<\/strong> <\/a>Ofrece excelente estabilidad y resistencia a impactos, lo que lo hace ideal para uso en campo. Su superficie reflectante de 60\u00d760 mm proporciona un punto de referencia claro y de alta visibilidad, mientras que el soporte roscado de 5\/8\u2033-11 facilita su instalaci\u00f3n en tr\u00edpodes, bastones u otros equipos est\u00e1ndar.<\/p>\n<p>Como hoja de referencia fiable para estaciones totales, este modelo mejora la precisi\u00f3n y la repetibilidad durante las mediciones, garantizando resultados consistentes para ingenieros y top\u00f3grafos. Ya sea para dise\u00f1o de obras, alineaci\u00f3n industrial o levantamientos geod\u00e9sicos, el RT104 ofrece un rendimiento duradero y una precisi\u00f3n excepcional.<\/p>\n<p><img fetchpriority=\"high\" decoding=\"async\" class=\"aligncenter wp-image-3082\" src=\"https:\/\/mountlaser.com\/wp-content\/uploads\/2025\/10\/1-5RT1044.webp\" alt=\"RT104 Reflective target\" width=\"500\" height=\"500\" srcset=\"https:\/\/mountlaser.com\/wp-content\/uploads\/2025\/10\/1-5RT1044.webp 1000w, https:\/\/mountlaser.com\/wp-content\/uploads\/2025\/10\/1-5RT1044-300x300.webp 300w, https:\/\/mountlaser.com\/wp-content\/uploads\/2025\/10\/1-5RT1044-400x400.webp 400w, https:\/\/mountlaser.com\/wp-content\/uploads\/2025\/10\/1-5RT1044-800x800.webp 800w, https:\/\/mountlaser.com\/wp-content\/uploads\/2025\/10\/1-5RT1044-600x600.webp 600w, https:\/\/mountlaser.com\/wp-content\/uploads\/2025\/10\/1-5RT1044-150x150.webp 150w, https:\/\/mountlaser.com\/wp-content\/uploads\/2025\/10\/1-5RT1044-768x768.webp 768w, https:\/\/mountlaser.com\/wp-content\/uploads\/2025\/10\/1-5RT1044-12x12.webp 12w\" sizes=\"(max-width: 500px) 100vw, 500px\" \/><\/p>\n<p>Monte Laser <a href=\"https:\/\/mountlaser.com\/es\/contact-us\/\">RT104 Objetivo reflectante<\/a> Combina el rendimiento reflectante de 3M con un dise\u00f1o de aluminio duradero para crear una l\u00e1mina de objetivo confiable para estaci\u00f3n total. Dise\u00f1ada para brindar precisi\u00f3n, estabilidad y larga vida \u00fatil, es una opci\u00f3n confiable para profesionales que valoran la precisi\u00f3n en cada medici\u00f3n.<\/p>","protected":false},"excerpt":{"rendered":"<ul>\n<li>Objetivo reflectante RT104 de alta precisi\u00f3n para sistemas de estaci\u00f3n total<\/li>\n<li>Compatible con tr\u00edpodes y bastones<\/li>\n<li>Hoja de objetivo de estaci\u00f3n total ideal para tareas de topograf\u00eda y alineaci\u00f3n<\/li>\n<\/ul>","protected":false},"featured_media":3079,"comment_status":"open","ping_status":"closed","template":"","meta":[],"product_brand":[],"product_cat":[104,72],"product_tag":[],"class_list":{"0":"post-3077","1":"product","2":"type-product","3":"status-publish","4":"has-post-thumbnail","6":"product_cat-reflective-target","7":"product_cat-reflective-target-prism","9":"first","10":"instock","11":"shipping-taxable","12":"product-type-simple"},"_links":{"self":[{"href":"https:\/\/mountlaser.com\/es\/wp-json\/wp\/v2\/product\/3077","targetHints":{"allow":["GET"]}}],"collection":[{"href":"https:\/\/mountlaser.com\/es\/wp-json\/wp\/v2\/product"}],"about":[{"href":"https:\/\/mountlaser.com\/es\/wp-json\/wp\/v2\/types\/product"}],"replies":[{"embeddable":true,"href":"https:\/\/mountlaser.com\/es\/wp-json\/wp\/v2\/comments?post=3077"}],"wp:featuredmedia":[{"embeddable":true,"href":"https:\/\/mountlaser.com\/es\/wp-json\/wp\/v2\/media\/3079"}],"wp:attachment":[{"href":"https:\/\/mountlaser.com\/es\/wp-json\/wp\/v2\/media?parent=3077"}],"wp:term":[{"taxonomy":"product_brand","embeddable":true,"href":"https:\/\/mountlaser.com\/es\/wp-json\/wp\/v2\/product_brand?post=3077"},{"taxonomy":"product_cat","embeddable":true,"href":"https:\/\/mountlaser.com\/es\/wp-json\/wp\/v2\/product_cat?post=3077"},{"taxonomy":"product_tag","embeddable":true,"href":"https:\/\/mountlaser.com\/es\/wp-json\/wp\/v2\/product_tag?post=3077"}],"curies":[{"name":"wp","href":"https:\/\/api.w.org\/{rel}","templated":true}]}}