{"id":3055,"date":"2025-10-31T06:15:20","date_gmt":"2025-10-31T06:15:20","guid":{"rendered":"https:\/\/mountlaser.com\/?post_type=product&#038;p=3055"},"modified":"2025-11-28T03:30:54","modified_gmt":"2025-11-28T03:30:54","slug":"rt102-103-reflective-target","status":"publish","type":"product","link":"https:\/\/mountlaser.com\/es\/producto\/rt102-103-reflective-target\/","title":{"rendered":"Objetivo reflectante RT102\/103"},"content":{"rendered":"<p>L\u00e1mina de objetivo reflectante RT102\/RT103 con soporte: alineaci\u00f3n precisa, duradera<\/p>\n<p>El RT102 \/ RT103 <a href=\"https:\/\/mountlaser.com\/es\/\"><strong>Hoja de objetivo reflectante con soporte<\/strong> <\/a>La serie Mount Laser ofrece precisi\u00f3n y durabilidad profesionales para aplicaciones de alineaci\u00f3n l\u00e1ser, topograf\u00eda y medici\u00f3n. Fabricadas con material reflectante 3M de alta calidad y carcasa de nailon de alta resistencia, estas dianas est\u00e1n dise\u00f1adas para un rendimiento constante en todas las condiciones de trabajo.<\/p>\n<p>La l\u00e1mina de objetivo reflectante RT102 con soporte presenta una superficie reflectante blanca y un objetivo de 50 mm de di\u00e1metro, lo que proporciona un reflejo n\u00edtido para aplicaciones l\u00e1ser de corto a medio alcance. Est\u00e1 disponible en tres opciones de montaje: 5\/8\u2033-11, 3\/8\u2033-19 y M8, para adaptarse a diferentes tr\u00edpodes y configuraciones de medici\u00f3n.<\/p>\n<p>La l\u00e1mina reflectante RT103 con soporte ofrece una superficie reflectante amarilla con un objetivo de 60 mm de di\u00e1metro, lo que mejora la visibilidad en diversas condiciones de iluminaci\u00f3n. Incluye modelos con espiga suiza (base redonda) y las mismas variantes de montaje para una f\u00e1cil adaptaci\u00f3n sobre el terreno.<\/p>\n<p>Cada <a href=\"https:\/\/mountlaser.com\/es\/products\/\"><strong>Hoja de objetivo reflectante con cruz impresa<\/strong><\/a> Garantiza una punter\u00eda l\u00e1ser precisa, lo que permite una focalizaci\u00f3n precisa y una mayor eficiencia de medici\u00f3n. La combinaci\u00f3n de la tecnolog\u00eda reflectante 3M y su robusta construcci\u00f3n de nailon hace que estos objetivos sean fiables tanto para interiores como para exteriores.<\/p>\n<p><img fetchpriority=\"high\" decoding=\"async\" class=\"aligncenter wp-image-3063\" src=\"https:\/\/mountlaser.com\/wp-content\/uploads\/2025\/10\/1-3RT1026.webp\" alt=\"rt102 Reflective Target sheet with holder\" width=\"500\" height=\"500\" srcset=\"https:\/\/mountlaser.com\/wp-content\/uploads\/2025\/10\/1-3RT1026.webp 1000w, https:\/\/mountlaser.com\/wp-content\/uploads\/2025\/10\/1-3RT1026-300x300.webp 300w, https:\/\/mountlaser.com\/wp-content\/uploads\/2025\/10\/1-3RT1026-400x400.webp 400w, https:\/\/mountlaser.com\/wp-content\/uploads\/2025\/10\/1-3RT1026-800x800.webp 800w, https:\/\/mountlaser.com\/wp-content\/uploads\/2025\/10\/1-3RT1026-600x600.webp 600w, https:\/\/mountlaser.com\/wp-content\/uploads\/2025\/10\/1-3RT1026-150x150.webp 150w, https:\/\/mountlaser.com\/wp-content\/uploads\/2025\/10\/1-3RT1026-768x768.webp 768w, https:\/\/mountlaser.com\/wp-content\/uploads\/2025\/10\/1-3RT1026-12x12.webp 12w\" sizes=\"(max-width: 500px) 100vw, 500px\" \/><\/p>\n<p>Montaje del l\u00e1ser RT102 \/ RT103<a href=\"https:\/\/mountlaser.com\/es\/contact-us\/\"> Hoja de objetivo reflectante con soporte<\/a> Combina la precisi\u00f3n reflectante 3M con un dise\u00f1o de nailon resistente, ofreciendo una visibilidad n\u00edtida y una alineaci\u00f3n precisa. La l\u00e1mina reflectante con ret\u00edcula impresa garantiza mediciones precisas en diferentes distancias y entornos: una opci\u00f3n fiable para profesionales que exigen precisi\u00f3n y resistencia.<\/p>","protected":false},"excerpt":{"rendered":"<ul>\n<li>L\u00e1mina reflectante profesional con soporte fabricada en material reflectante 3M<\/li>\n<li>Disponible en superficies reflectantes blancas (RT102) y amarillas (RT103).<\/li>\n<li>Hoja de objetivo reflectante con cruz impresa para una alineaci\u00f3n l\u00e1ser precisa<\/li>\n<\/ul>","protected":false},"featured_media":3057,"comment_status":"open","ping_status":"closed","template":"","meta":[],"product_brand":[],"product_cat":[72,104],"product_tag":[],"class_list":{"0":"post-3055","1":"product","2":"type-product","3":"status-publish","4":"has-post-thumbnail","6":"product_cat-reflective-target-prism","7":"product_cat-reflective-target","9":"first","10":"instock","11":"shipping-taxable","12":"product-type-simple"},"_links":{"self":[{"href":"https:\/\/mountlaser.com\/es\/wp-json\/wp\/v2\/product\/3055","targetHints":{"allow":["GET"]}}],"collection":[{"href":"https:\/\/mountlaser.com\/es\/wp-json\/wp\/v2\/product"}],"about":[{"href":"https:\/\/mountlaser.com\/es\/wp-json\/wp\/v2\/types\/product"}],"replies":[{"embeddable":true,"href":"https:\/\/mountlaser.com\/es\/wp-json\/wp\/v2\/comments?post=3055"}],"wp:featuredmedia":[{"embeddable":true,"href":"https:\/\/mountlaser.com\/es\/wp-json\/wp\/v2\/media\/3057"}],"wp:attachment":[{"href":"https:\/\/mountlaser.com\/es\/wp-json\/wp\/v2\/media?parent=3055"}],"wp:term":[{"taxonomy":"product_brand","embeddable":true,"href":"https:\/\/mountlaser.com\/es\/wp-json\/wp\/v2\/product_brand?post=3055"},{"taxonomy":"product_cat","embeddable":true,"href":"https:\/\/mountlaser.com\/es\/wp-json\/wp\/v2\/product_cat?post=3055"},{"taxonomy":"product_tag","embeddable":true,"href":"https:\/\/mountlaser.com\/es\/wp-json\/wp\/v2\/product_tag?post=3055"}],"curies":[{"name":"wp","href":"https:\/\/api.w.org\/{rel}","templated":true}]}}