{"id":3042,"date":"2025-10-31T05:17:25","date_gmt":"2025-10-31T05:17:25","guid":{"rendered":"https:\/\/mountlaser.com\/?post_type=product&#038;p=3042"},"modified":"2025-11-28T04:49:09","modified_gmt":"2025-11-28T04:49:09","slug":"rt-reflective-target","status":"publish","type":"product","link":"https:\/\/mountlaser.com\/es\/producto\/rt-reflective-target\/","title":{"rendered":"Objetivo reflectante RT101"},"content":{"rendered":"<p>Objetivo reflectante RT101 RT: precisi\u00f3n y durabilidad<\/p>\n<p>El RT101 <a href=\"https:\/\/mountlaser.com\/es\/\"><strong>Serie de objetivos reflectantes RT<\/strong><\/a> El l\u00e1ser Mount Laser est\u00e1 dise\u00f1ado para profesionales que exigen precisi\u00f3n, estabilidad y fiabilidad en la alineaci\u00f3n y medici\u00f3n l\u00e1ser. Fabricado con materiales de primera calidad. <a href=\"https:\/\/mountlaser.com\/es\/products\/\"><strong>Objetivo reflectante 3M<\/strong><\/a> Fabricado con un material de alta calidad y un cuerpo de nailon de alta resistencia, el RT101 ofrece una reflectividad excepcional y un rendimiento duradero en el campo.<\/p>\n<p>La serie incluye tres modelos adaptados a diferentes necesidades de trabajo:<\/p>\n<p>RT101S \u2013 Dise\u00f1o de una sola cara, \u00e1rea reflectante de 30\u00d730 mm, compacto y liviano.<\/p>\n<p>RT101D \u2013 Modelo de doble cara para una mayor flexibilidad y un rango de reflexi\u00f3n m\u00e1s amplio.<\/p>\n<p>RT101SD \u2013 Configuraci\u00f3n de doble cara con estructura mejorada para una mayor durabilidad y precisi\u00f3n.<\/p>\n<p>Cada objetivo reflectante RT tiene un cuerpo principal de 100 \u00d7 35 \u00d7 30 mm, lo que proporciona una estructura s\u00f3lida y resistente a impactos que soporta entornos hostiles. El material reflectante 3M garantiza una alta visibilidad y una se\u00f1al l\u00e1ser precisa incluso a largas distancias, lo que lo hace ideal para aplicaciones de construcci\u00f3n, topograf\u00eda y calibraci\u00f3n industrial.<\/p>\n<p><img fetchpriority=\"high\" decoding=\"async\" class=\"aligncenter wp-image-3050\" src=\"https:\/\/mountlaser.com\/wp-content\/uploads\/2025\/10\/1-2RT1017.webp\" alt=\"RT101S Laser reflective target\" width=\"500\" height=\"500\" srcset=\"https:\/\/mountlaser.com\/wp-content\/uploads\/2025\/10\/1-2RT1017.webp 1000w, https:\/\/mountlaser.com\/wp-content\/uploads\/2025\/10\/1-2RT1017-300x300.webp 300w, https:\/\/mountlaser.com\/wp-content\/uploads\/2025\/10\/1-2RT1017-400x400.webp 400w, https:\/\/mountlaser.com\/wp-content\/uploads\/2025\/10\/1-2RT1017-800x800.webp 800w, https:\/\/mountlaser.com\/wp-content\/uploads\/2025\/10\/1-2RT1017-600x600.webp 600w, https:\/\/mountlaser.com\/wp-content\/uploads\/2025\/10\/1-2RT1017-150x150.webp 150w, https:\/\/mountlaser.com\/wp-content\/uploads\/2025\/10\/1-2RT1017-768x768.webp 768w, https:\/\/mountlaser.com\/wp-content\/uploads\/2025\/10\/1-2RT1017-12x12.webp 12w\" sizes=\"(max-width: 500px) 100vw, 500px\" \/>Monte Laser<a href=\"https:\/\/mountlaser.com\/es\/contact-us\/\"> Objetivo reflectante RT101 RT<\/a> Combina la tecnolog\u00eda de objetivo reflectante 3M con una robusta construcci\u00f3n de nailon para proporcionar una reflexi\u00f3n estable y de alta visibilidad para tareas de medici\u00f3n profesionales. Una soluci\u00f3n perfecta para ingenieros y top\u00f3grafos que buscan precisi\u00f3n confiable y durabilidad a largo plazo.<\/p>","protected":false},"excerpt":{"rendered":"<ul>\n<li>Material de objetivo reflectante 3M genuino para una reflexi\u00f3n l\u00e1ser constante<\/li>\n<li>Disponible en modelos de una o dos caras (RT101S, RT101D, RT101SD)<\/li>\n<li>Cuerpo de nailon de alta resistencia para una excelente durabilidad.<\/li>\n<li>Rendimiento confiable en diversas condiciones de medici\u00f3n<\/li>\n<\/ul>","protected":false},"featured_media":3046,"comment_status":"open","ping_status":"closed","template":"","meta":[],"product_brand":[],"product_cat":[72,104],"product_tag":[],"class_list":{"0":"post-3042","1":"product","2":"type-product","3":"status-publish","4":"has-post-thumbnail","6":"product_cat-reflective-target-prism","7":"product_cat-reflective-target","9":"first","10":"instock","11":"shipping-taxable","12":"product-type-simple"},"_links":{"self":[{"href":"https:\/\/mountlaser.com\/es\/wp-json\/wp\/v2\/product\/3042","targetHints":{"allow":["GET"]}}],"collection":[{"href":"https:\/\/mountlaser.com\/es\/wp-json\/wp\/v2\/product"}],"about":[{"href":"https:\/\/mountlaser.com\/es\/wp-json\/wp\/v2\/types\/product"}],"replies":[{"embeddable":true,"href":"https:\/\/mountlaser.com\/es\/wp-json\/wp\/v2\/comments?post=3042"}],"wp:featuredmedia":[{"embeddable":true,"href":"https:\/\/mountlaser.com\/es\/wp-json\/wp\/v2\/media\/3046"}],"wp:attachment":[{"href":"https:\/\/mountlaser.com\/es\/wp-json\/wp\/v2\/media?parent=3042"}],"wp:term":[{"taxonomy":"product_brand","embeddable":true,"href":"https:\/\/mountlaser.com\/es\/wp-json\/wp\/v2\/product_brand?post=3042"},{"taxonomy":"product_cat","embeddable":true,"href":"https:\/\/mountlaser.com\/es\/wp-json\/wp\/v2\/product_cat?post=3042"},{"taxonomy":"product_tag","embeddable":true,"href":"https:\/\/mountlaser.com\/es\/wp-json\/wp\/v2\/product_tag?post=3042"}],"curies":[{"name":"wp","href":"https:\/\/api.w.org\/{rel}","templated":true}]}}