{"id":3032,"date":"2025-10-30T09:13:49","date_gmt":"2025-10-30T09:13:49","guid":{"rendered":"https:\/\/mountlaser.com\/?post_type=product&#038;p=3032"},"modified":"2025-11-28T04:52:13","modified_gmt":"2025-11-28T04:52:13","slug":"rt010-reflective-sheet","status":"publish","type":"product","link":"https:\/\/mountlaser.com\/es\/producto\/rt010-reflective-sheet\/","title":{"rendered":"RT010 L\u00e1mina reflectante"},"content":{"rendered":"<p>Aseg\u00farese de que sus objetivos topogr\u00e1ficos se vean con la m\u00e1xima claridad y precisi\u00f3n con MountLaser <a href=\"https:\/\/mountlaser.com\/es\/\"><strong>RT010 L\u00e1mina reflectante<\/strong><\/a>. Dise\u00f1ada para profesionales que exigen una visibilidad absoluta, esta l\u00e1mina de alto rendimiento utiliza material genuino. <a href=\"https:\/\/mountlaser.com\/es\/products\/\"><strong>L\u00e1mina reflectante 3M<\/strong><\/a> Material, l\u00edder en tecnolog\u00eda retrorreflectiva. Disponible en amarillo de alta visibilidad y blanco est\u00e1ndar, la l\u00e1mina reflectante RT010 proporciona un retorno de se\u00f1al excepcional para una amplia gama de instrumentos de medici\u00f3n electr\u00f3nicos, lo que la convierte en una l\u00e1mina reflectante de alta visibilidad esencial para todo su trabajo de campo.<\/p>\n<p><img fetchpriority=\"high\" decoding=\"async\" class=\"aligncenter wp-image-3035\" src=\"https:\/\/mountlaser.com\/wp-content\/uploads\/2025\/10\/03.webp\" alt=\"3m reflective sheet\" width=\"500\" height=\"500\" srcset=\"https:\/\/mountlaser.com\/wp-content\/uploads\/2025\/10\/03.webp 1000w, https:\/\/mountlaser.com\/wp-content\/uploads\/2025\/10\/03-300x300.webp 300w, https:\/\/mountlaser.com\/wp-content\/uploads\/2025\/10\/03-400x400.webp 400w, https:\/\/mountlaser.com\/wp-content\/uploads\/2025\/10\/03-800x800.webp 800w, https:\/\/mountlaser.com\/wp-content\/uploads\/2025\/10\/03-600x600.webp 600w, https:\/\/mountlaser.com\/wp-content\/uploads\/2025\/10\/03-150x150.webp 150w, https:\/\/mountlaser.com\/wp-content\/uploads\/2025\/10\/03-768x768.webp 768w, https:\/\/mountlaser.com\/wp-content\/uploads\/2025\/10\/03-12x12.webp 12w\" sizes=\"(max-width: 500px) 100vw, 500px\" \/><\/p>\n<p>La base del rendimiento de este producto es su calidad premium. <a href=\"https:\/\/mountlaser.com\/es\/contact-us\/\">L\u00e1mina reflectante 3M<\/a> Recubrimiento que ofrece un brillo intenso y una detecci\u00f3n de largo alcance, incluso en condiciones de poca luz. Esto garantiza que sus prismas y objetivos sean f\u00e1cilmente detectados por estaciones totales y esc\u00e1neres l\u00e1ser, lo que aumenta la eficiencia y la precisi\u00f3n en el lugar de trabajo. Como l\u00e1mina reflectante de alta visibilidad vers\u00e1til, la RT010 se suministra con un fuerte reverso adhesivo que permite una adhesi\u00f3n r\u00e1pida y permanente a diversas superficies limpias y secas. Si bien el tama\u00f1o est\u00e1ndar del objetivo es de 10 x 10 mm, ofrecemos una flexibilidad inigualable con una amplia gama de tama\u00f1os opcionales de 20\/30\/40\/50\/60\/80\/100\/150 mm, lo que le garantiza la l\u00e1mina reflectante 3M perfecta para cualquier aplicaci\u00f3n espec\u00edfica.<\/p>","protected":false},"excerpt":{"rendered":"<ul>\n<li>Ofrece un brillo intenso y una visibilidad superior de largo alcance para instrumentos de topograf\u00eda.<\/li>\n<li>Disponible en amarillo de alta visibilidad y blanco est\u00e1ndar para diferentes necesidades de aplicaci\u00f3n y fondos.<\/li>\n<li>Eficiencia de topograf\u00eda mejorada: mejora la velocidad y precisi\u00f3n de bloqueo del instrumento, lo que reduce el tiempo dedicado a la adquisici\u00f3n de objetivos.<\/li>\n<\/ul>","protected":false},"featured_media":3033,"comment_status":"open","ping_status":"closed","template":"","meta":[],"product_brand":[],"product_cat":[72,104],"product_tag":[],"class_list":{"0":"post-3032","1":"product","2":"type-product","3":"status-publish","4":"has-post-thumbnail","6":"product_cat-reflective-target-prism","7":"product_cat-reflective-target","9":"first","10":"instock","11":"shipping-taxable","12":"product-type-simple"},"_links":{"self":[{"href":"https:\/\/mountlaser.com\/es\/wp-json\/wp\/v2\/product\/3032","targetHints":{"allow":["GET"]}}],"collection":[{"href":"https:\/\/mountlaser.com\/es\/wp-json\/wp\/v2\/product"}],"about":[{"href":"https:\/\/mountlaser.com\/es\/wp-json\/wp\/v2\/types\/product"}],"replies":[{"embeddable":true,"href":"https:\/\/mountlaser.com\/es\/wp-json\/wp\/v2\/comments?post=3032"}],"wp:featuredmedia":[{"embeddable":true,"href":"https:\/\/mountlaser.com\/es\/wp-json\/wp\/v2\/media\/3033"}],"wp:attachment":[{"href":"https:\/\/mountlaser.com\/es\/wp-json\/wp\/v2\/media?parent=3032"}],"wp:term":[{"taxonomy":"product_brand","embeddable":true,"href":"https:\/\/mountlaser.com\/es\/wp-json\/wp\/v2\/product_brand?post=3032"},{"taxonomy":"product_cat","embeddable":true,"href":"https:\/\/mountlaser.com\/es\/wp-json\/wp\/v2\/product_cat?post=3032"},{"taxonomy":"product_tag","embeddable":true,"href":"https:\/\/mountlaser.com\/es\/wp-json\/wp\/v2\/product_tag?post=3032"}],"curies":[{"name":"wp","href":"https:\/\/api.w.org\/{rel}","templated":true}]}}