{"id":3031,"date":"2025-10-30T08:41:56","date_gmt":"2025-10-30T08:41:56","guid":{"rendered":"https:\/\/mountlaser.com\/?post_type=product&#038;p=3031"},"modified":"2025-11-28T04:53:35","modified_gmt":"2025-11-28T04:53:35","slug":"n22002-heavy-duty-carbon-fiber-tripod","status":"publish","type":"product","link":"https:\/\/mountlaser.com\/es\/producto\/n22002-heavy-duty-carbon-fiber-tripod\/","title":{"rendered":"Tr\u00edpode de fibra de carbono de alta resistencia N22002"},"content":{"rendered":"<p>Aumente la precisi\u00f3n de sus mediciones topogr\u00e1ficas con MountLaser <a href=\"https:\/\/mountlaser.com\/es\/\"><strong>Tr\u00edpode de fibra de carbono de alta resistencia N22002<\/strong><\/a>, La mejor opci\u00f3n para profesionales que se niegan a sacrificar estabilidad y portabilidad. Este no es un tr\u00edpode cualquiera; el tr\u00edpode de fibra de carbono de alta resistencia N22002 es una plataforma de topograf\u00eda dise\u00f1ada para los lugares de trabajo m\u00e1s exigentes.<\/p>\n<p>En el centro de su dise\u00f1o se encuentra el robusto sistema de tr\u00edpode de fibra de carbono de doble abrazadera de alta resistencia. Esta innovadora caracter\u00edstica combina una gran abrazadera r\u00e1pida de aluminio para ajustes r\u00e1pidos con un tornillo de mariposa de lat\u00f3n de precisi\u00f3n para un ajuste preciso y un bloqueo total, lo que garantiza una estabilidad inigualable y una larga vida \u00fatil. Junto con patas de fibra de carbono de alta resistencia, este... <a href=\"https:\/\/mountlaser.com\/es\/about-us\/\"><strong>Tr\u00edpode de fibra de carbono de alta resistencia con cabezal redondo<\/strong><\/a> Logra una resistencia notable manteniendo el peso al m\u00ednimo absoluto, lo que lo convierte en su compa\u00f1ero ideal para largas horas en el campo.<img fetchpriority=\"high\" decoding=\"async\" class=\"aligncenter wp-image-3024\" src=\"https:\/\/mountlaser.com\/wp-content\/uploads\/2025\/10\/N220022.webp\" alt=\"Heavy Duty Carbon Fiber Round Head Tripod\" width=\"500\" height=\"500\" srcset=\"https:\/\/mountlaser.com\/wp-content\/uploads\/2025\/10\/N220022.webp 1000w, https:\/\/mountlaser.com\/wp-content\/uploads\/2025\/10\/N220022-300x300.webp 300w, https:\/\/mountlaser.com\/wp-content\/uploads\/2025\/10\/N220022-400x400.webp 400w, https:\/\/mountlaser.com\/wp-content\/uploads\/2025\/10\/N220022-800x800.webp 800w, https:\/\/mountlaser.com\/wp-content\/uploads\/2025\/10\/N220022-600x600.webp 600w, https:\/\/mountlaser.com\/wp-content\/uploads\/2025\/10\/N220022-150x150.webp 150w, https:\/\/mountlaser.com\/wp-content\/uploads\/2025\/10\/N220022-768x768.webp 768w, https:\/\/mountlaser.com\/wp-content\/uploads\/2025\/10\/N220022-12x12.webp 12w\" sizes=\"(max-width: 500px) 100vw, 500px\" \/><\/p>\n<p>La versatilidad de este <a href=\"https:\/\/mountlaser.com\/es\/contact-us\/\">Tr\u00edpode de fibra de carbono de alta resistencia con cabezal redondo<\/a> Est\u00e1 garantizado por su perno roscado de lat\u00f3n est\u00e1ndar de 5\/8\u2033-11, que ofrece un ajuste perfecto y seguro para cualquier instrumento topogr\u00e1fico que utilice. Cada detalle est\u00e1 dise\u00f1ado para durar, desde los tornillos de conexi\u00f3n de acero inoxidable hasta el sistema de retenci\u00f3n de patas, que evita que se salga accidentalmente en superficies resbaladizas. Para mayor seguridad y comodidad, incluye una correa para el hombro con banda reflectante y almohadilla. Se ofrece una bolsa de nailon 1200D resistente (SC85013) para una m\u00e1xima protecci\u00f3n durante el transporte.<\/p>\n<p>Especificaciones del tr\u00edpode de fibra de carbono de alta resistencia<\/p>\n<table style=\"border-collapse: collapse; width: 548.27pt;\" border=\"0\" width=\"731\" cellspacing=\"0\" cellpadding=\"0\">\n<tbody>\n<tr style=\"height: 14.25pt;\">\n<td class=\"et2\" style=\"height: 14.25pt; width: 54.00pt;\" width=\"72\" height=\"19\">N\u00daMERO<\/td>\n<td class=\"et2\" style=\"width: 82.50pt;\" width=\"110\">TIPO DE BLOQUEO<\/td>\n<td class=\"et2\" style=\"width: 87.75pt;\" width=\"117\">PIERNAS<\/td>\n<td class=\"et2\" style=\"width: 93.75pt;\" width=\"125\">PESAS<\/td>\n<td class=\"et2\" style=\"width: 87.00pt;\" width=\"116\">EXTENSI\u00d3N<\/td>\n<td class=\"et2\" style=\"width: 89.25pt;\" width=\"119\">CABEZA<\/td>\n<td class=\"et2\" style=\"width: 54.00pt;\" width=\"72\">HARDWARE<\/td>\n<\/tr>\n<tr style=\"height: 14.25pt;\">\n<td class=\"et2\" style=\"height: 14.25pt;\" height=\"19\">N22002<\/td>\n<td class=\"et2\">Abrazadera doble<\/td>\n<td class=\"et2\">Fibra de carbono<\/td>\n<td class=\"et2\">6,35 kg<\/td>\n<td class=\"et2\">179 cent\u00edmetros<\/td>\n<td class=\"et2\">Redondo<\/td>\n<td class=\"et2\">Flo naranja<\/td>\n<\/tr>\n<\/tbody>\n<\/table>","protected":false},"excerpt":{"rendered":"<ul>\n<li>Sistema de abrazadera doble: cuenta con una abrazadera r\u00e1pida de aluminio grande y un tornillo de mariposa de lat\u00f3n para mayor estabilidad y larga vida \u00fatil.<\/li>\n<li>Compatibilidad universal: el perno prisionero de lat\u00f3n roscado est\u00e1ndar de 5\/8\u2033-11 se adapta a cualquier instrumento de medici\u00f3n.<\/li>\n<li>Seguridad mejorada: el sistema de retenci\u00f3n evita que las piernas se salgan y las ca\u00eddas accidentales.<\/li>\n<\/ul>","protected":false},"featured_media":3025,"comment_status":"open","ping_status":"closed","template":"","meta":[],"product_brand":[],"product_cat":[91,110],"product_tag":[],"class_list":{"0":"post-3031","1":"product","2":"type-product","3":"status-publish","4":"has-post-thumbnail","6":"product_cat-bipod-tripod","7":"product_cat-carbon-fiber-tripod","9":"first","10":"instock","11":"shipping-taxable","12":"product-type-simple"},"_links":{"self":[{"href":"https:\/\/mountlaser.com\/es\/wp-json\/wp\/v2\/product\/3031","targetHints":{"allow":["GET"]}}],"collection":[{"href":"https:\/\/mountlaser.com\/es\/wp-json\/wp\/v2\/product"}],"about":[{"href":"https:\/\/mountlaser.com\/es\/wp-json\/wp\/v2\/types\/product"}],"replies":[{"embeddable":true,"href":"https:\/\/mountlaser.com\/es\/wp-json\/wp\/v2\/comments?post=3031"}],"wp:featuredmedia":[{"embeddable":true,"href":"https:\/\/mountlaser.com\/es\/wp-json\/wp\/v2\/media\/3025"}],"wp:attachment":[{"href":"https:\/\/mountlaser.com\/es\/wp-json\/wp\/v2\/media?parent=3031"}],"wp:term":[{"taxonomy":"product_brand","embeddable":true,"href":"https:\/\/mountlaser.com\/es\/wp-json\/wp\/v2\/product_brand?post=3031"},{"taxonomy":"product_cat","embeddable":true,"href":"https:\/\/mountlaser.com\/es\/wp-json\/wp\/v2\/product_cat?post=3031"},{"taxonomy":"product_tag","embeddable":true,"href":"https:\/\/mountlaser.com\/es\/wp-json\/wp\/v2\/product_tag?post=3031"}],"curies":[{"name":"wp","href":"https:\/\/api.w.org\/{rel}","templated":true}]}}