{"id":3014,"date":"2025-10-29T09:13:37","date_gmt":"2025-10-29T09:13:37","guid":{"rendered":"https:\/\/mountlaser.com\/?post_type=product&#038;p=3014"},"modified":"2025-11-28T04:54:52","modified_gmt":"2025-11-28T04:54:52","slug":"cls33c-carbon-fiber-thumb-release-tripod","status":"publish","type":"product","link":"https:\/\/mountlaser.com\/es\/producto\/cls33c-carbon-fiber-thumb-release-tripod\/","title":{"rendered":"Tr\u00edpode de fibra de carbono con liberaci\u00f3n de pulgar CLS33C"},"content":{"rendered":"<p><a href=\"https:\/\/mountlaser.com\/es\/\"><strong>Tr\u00edpode de fibra de carbono con liberaci\u00f3n de pulgar CLS33C<\/strong><\/a> De Mount Laser. Dise\u00f1ado para el top\u00f3grafo moderno que se desplaza por terrenos exigentes, este avanzado tr\u00edpode de fibra de carbono con liberaci\u00f3n mediante el pulgar redefine la portabilidad sin comprometer la estabilidad. Es la soluci\u00f3n de soporte definitiva para su bast\u00f3n de prisma, ofreciendo una reducci\u00f3n significativa de peso en comparaci\u00f3n con los modelos tradicionales de aluminio, lo que facilita su transporte durante largos turnos sin sacrificar la precisi\u00f3n.<\/p>\n<p>&nbsp;<\/p>\n<p><img fetchpriority=\"high\" decoding=\"async\" class=\"aligncenter wp-image-3019\" src=\"https:\/\/mountlaser.com\/wp-content\/uploads\/2025\/10\/CLS33C-5.webp\" alt=\"Carbon Fiber Tripod with Thumb Release\" width=\"500\" height=\"500\" srcset=\"https:\/\/mountlaser.com\/wp-content\/uploads\/2025\/10\/CLS33C-5.webp 1000w, https:\/\/mountlaser.com\/wp-content\/uploads\/2025\/10\/CLS33C-5-300x300.webp 300w, https:\/\/mountlaser.com\/wp-content\/uploads\/2025\/10\/CLS33C-5-400x400.webp 400w, https:\/\/mountlaser.com\/wp-content\/uploads\/2025\/10\/CLS33C-5-800x800.webp 800w, https:\/\/mountlaser.com\/wp-content\/uploads\/2025\/10\/CLS33C-5-600x600.webp 600w, https:\/\/mountlaser.com\/wp-content\/uploads\/2025\/10\/CLS33C-5-150x150.webp 150w, https:\/\/mountlaser.com\/wp-content\/uploads\/2025\/10\/CLS33C-5-768x768.webp 768w, https:\/\/mountlaser.com\/wp-content\/uploads\/2025\/10\/CLS33C-5-12x12.webp 12w\" sizes=\"(max-width: 500px) 100vw, 500px\" \/><\/p>\n<p>El CLS33C est\u00e1 dise\u00f1ado para la excelencia, con un robusto tubo interior de aluminio negro pulido (18 mm de di\u00e1metro exterior) y un tubo exterior de fibra de carbono de alta resistencia (25 mm de di\u00e1metro exterior). Esta innovadora construcci\u00f3n lo convierte en un modelo excepcionalmente robusto y ligero. <a href=\"https:\/\/mountlaser.com\/es\/products\/\"><strong>Tr\u00edpode de fibra de carbono con liberaci\u00f3n del pulgar<\/strong><\/a>, Minimiza eficazmente las vibraciones para obtener lecturas m\u00e1s precisas. Cuenta con una extensi\u00f3n completa de 180 cm para adaptarse a diversas necesidades en el lugar de trabajo. Su mecanismo de liberaci\u00f3n r\u00e1pida con el pulgar garantiza un despliegue r\u00e1pido con una sola mano, lo que consolida su posici\u00f3n como un tr\u00edpode de fibra de carbono de primera categor\u00eda con liberaci\u00f3n con el pulgar para un trabajo de campo eficiente. Su versatilidad se ve reforzada por sus patas extra\u00edbles, que proporcionan una adaptabilidad superior en superficies irregulares y simplifican su transporte.<\/p>","protected":false},"excerpt":{"rendered":"<ul>\n<li>Patas de goma extra\u00edbles: ofrecen una mayor estabilidad en terrenos irregulares y permiten un f\u00e1cil mantenimiento y un almacenamiento compacto.<\/li>\n<li>Kit port\u00e1til completo: Incluye un estuche de transporte suave y una caja interior para un transporte c\u00f3modo y protegido.<\/li>\n<\/ul>","protected":false},"featured_media":3016,"comment_status":"open","ping_status":"closed","template":"","meta":[],"product_brand":[],"product_cat":[109,110,91],"product_tag":[],"class_list":{"0":"post-3014","1":"product","2":"type-product","3":"status-publish","4":"has-post-thumbnail","6":"product_cat-thumb-release-tripod-for-pole","7":"product_cat-carbon-fiber-tripod","8":"product_cat-bipod-tripod","10":"first","11":"instock","12":"shipping-taxable","13":"product-type-simple"},"_links":{"self":[{"href":"https:\/\/mountlaser.com\/es\/wp-json\/wp\/v2\/product\/3014","targetHints":{"allow":["GET"]}}],"collection":[{"href":"https:\/\/mountlaser.com\/es\/wp-json\/wp\/v2\/product"}],"about":[{"href":"https:\/\/mountlaser.com\/es\/wp-json\/wp\/v2\/types\/product"}],"replies":[{"embeddable":true,"href":"https:\/\/mountlaser.com\/es\/wp-json\/wp\/v2\/comments?post=3014"}],"wp:featuredmedia":[{"embeddable":true,"href":"https:\/\/mountlaser.com\/es\/wp-json\/wp\/v2\/media\/3016"}],"wp:attachment":[{"href":"https:\/\/mountlaser.com\/es\/wp-json\/wp\/v2\/media?parent=3014"}],"wp:term":[{"taxonomy":"product_brand","embeddable":true,"href":"https:\/\/mountlaser.com\/es\/wp-json\/wp\/v2\/product_brand?post=3014"},{"taxonomy":"product_cat","embeddable":true,"href":"https:\/\/mountlaser.com\/es\/wp-json\/wp\/v2\/product_cat?post=3014"},{"taxonomy":"product_tag","embeddable":true,"href":"https:\/\/mountlaser.com\/es\/wp-json\/wp\/v2\/product_tag?post=3014"}],"curies":[{"name":"wp","href":"https:\/\/api.w.org\/{rel}","templated":true}]}}