{"id":3006,"date":"2025-10-29T08:53:57","date_gmt":"2025-10-29T08:53:57","guid":{"rendered":"https:\/\/mountlaser.com\/?post_type=product&#038;p=3006"},"modified":"2025-11-28T04:56:07","modified_gmt":"2025-11-28T04:56:07","slug":"cls33a-thumb-release-tripod-for-pole","status":"publish","type":"product","link":"https:\/\/mountlaser.com\/es\/producto\/cls33a-thumb-release-tripod-for-pole\/","title":{"rendered":"Tr\u00edpode de liberaci\u00f3n de pulgar CLS33A para poste"},"content":{"rendered":"<p>Presentando el <a href=\"https:\/\/mountlaser.com\/es\/\"><strong>Tr\u00edpode de liberaci\u00f3n de pulgar CLS33A para poste<\/strong><\/a>, Dise\u00f1ado para top\u00f3grafos que exigen velocidad y estabilidad inquebrantable en campo. Este tr\u00edpode topogr\u00e1fico de liberaci\u00f3n por pulgar de calidad profesional est\u00e1 dise\u00f1ado para optimizar su flujo de trabajo y est\u00e1 disponible en dos colores distintivos de alta visibilidad: CLS33A-RD (rojo) y CLS33A-GN (verde). El CLS33A representa la nueva generaci\u00f3n de sistemas de soporte port\u00e1tiles, ofreciendo el equilibrio perfecto entre robustez e innovaci\u00f3n centrada en el usuario.<\/p>\n<p><img fetchpriority=\"high\" decoding=\"async\" class=\"aligncenter wp-image-3010\" src=\"https:\/\/mountlaser.com\/wp-content\/uploads\/2025\/10\/\u7eff\u8272-CLS33A-2.webp\" alt=\"Thumb Release Surveying Tripod\" width=\"500\" height=\"500\" srcset=\"https:\/\/mountlaser.com\/wp-content\/uploads\/2025\/10\/\u7eff\u8272-CLS33A-2.webp 1000w, https:\/\/mountlaser.com\/wp-content\/uploads\/2025\/10\/\u7eff\u8272-CLS33A-2-300x300.webp 300w, https:\/\/mountlaser.com\/wp-content\/uploads\/2025\/10\/\u7eff\u8272-CLS33A-2-400x400.webp 400w, https:\/\/mountlaser.com\/wp-content\/uploads\/2025\/10\/\u7eff\u8272-CLS33A-2-800x800.webp 800w, https:\/\/mountlaser.com\/wp-content\/uploads\/2025\/10\/\u7eff\u8272-CLS33A-2-600x600.webp 600w, https:\/\/mountlaser.com\/wp-content\/uploads\/2025\/10\/\u7eff\u8272-CLS33A-2-150x150.webp 150w, https:\/\/mountlaser.com\/wp-content\/uploads\/2025\/10\/\u7eff\u8272-CLS33A-2-768x768.webp 768w, https:\/\/mountlaser.com\/wp-content\/uploads\/2025\/10\/\u7eff\u8272-CLS33A-2-12x12.webp 12w\" sizes=\"(max-width: 500px) 100vw, 500px\" \/><\/p>\n<p>Dise\u00f1ado para una mayor durabilidad, el CLS33A cuenta con un tubo interior de aluminio negro pulido (18 mm de di\u00e1metro exterior) y un tubo exterior de aluminio de color m\u00e1s grueso (25 mm de di\u00e1metro exterior). Este robusto tr\u00edpode topogr\u00e1fico con mecanismo de liberaci\u00f3n con el pulgar ofrece una extensi\u00f3n total de 180 cm, lo que le otorga la altura necesaria para conquistar terrenos dif\u00edciles. Su caracter\u00edstica distintiva es su r\u00e1pido mecanismo de liberaci\u00f3n con el pulgar, que permite ajustes r\u00e1pidos con una sola mano, consolidando su papel como un accesorio esencial. <a href=\"https:\/\/mountlaser.com\/es\/about-us\/\"><strong>Tr\u00edpode topogr\u00e1fico con liberaci\u00f3n del pulgar<\/strong><\/a> Para cualquier lugar de trabajo con un ritmo r\u00e1pido. Una ventaja clave es el dise\u00f1o de base desmontable, que proporciona una mayor adaptabilidad en superficies irregulares y simplifica el mantenimiento y el transporte. Completo con un estuche blando y una caja interior, este tr\u00edpode es su compa\u00f1ero ideal para mediciones eficientes y precisas.<\/p>","protected":false},"excerpt":{"rendered":"<ul>\n<li>Proporciona un rango de altura excepcional para adaptarse a diversas necesidades de topograf\u00eda y entornos desafiantes.<\/li>\n<li>Ofrecen una adaptabilidad superior en terrenos irregulares y permiten una f\u00e1cil limpieza o reemplazo.<\/li>\n<li>Incluye un estuche de transporte suave y una caja interior para un transporte y almacenamiento c\u00f3modo y protegido.<\/li>\n<\/ul>","protected":false},"featured_media":3007,"comment_status":"open","ping_status":"closed","template":"","meta":[],"product_brand":[],"product_cat":[91,109],"product_tag":[],"class_list":{"0":"post-3006","1":"product","2":"type-product","3":"status-publish","4":"has-post-thumbnail","6":"product_cat-bipod-tripod","7":"product_cat-thumb-release-tripod-for-pole","9":"first","10":"instock","11":"shipping-taxable","12":"product-type-simple"},"_links":{"self":[{"href":"https:\/\/mountlaser.com\/es\/wp-json\/wp\/v2\/product\/3006","targetHints":{"allow":["GET"]}}],"collection":[{"href":"https:\/\/mountlaser.com\/es\/wp-json\/wp\/v2\/product"}],"about":[{"href":"https:\/\/mountlaser.com\/es\/wp-json\/wp\/v2\/types\/product"}],"replies":[{"embeddable":true,"href":"https:\/\/mountlaser.com\/es\/wp-json\/wp\/v2\/comments?post=3006"}],"wp:featuredmedia":[{"embeddable":true,"href":"https:\/\/mountlaser.com\/es\/wp-json\/wp\/v2\/media\/3007"}],"wp:attachment":[{"href":"https:\/\/mountlaser.com\/es\/wp-json\/wp\/v2\/media?parent=3006"}],"wp:term":[{"taxonomy":"product_brand","embeddable":true,"href":"https:\/\/mountlaser.com\/es\/wp-json\/wp\/v2\/product_brand?post=3006"},{"taxonomy":"product_cat","embeddable":true,"href":"https:\/\/mountlaser.com\/es\/wp-json\/wp\/v2\/product_cat?post=3006"},{"taxonomy":"product_tag","embeddable":true,"href":"https:\/\/mountlaser.com\/es\/wp-json\/wp\/v2\/product_tag?post=3006"}],"curies":[{"name":"wp","href":"https:\/\/api.w.org\/{rel}","templated":true}]}}