{"id":2997,"date":"2025-10-29T08:41:11","date_gmt":"2025-10-29T08:41:11","guid":{"rendered":"https:\/\/mountlaser.com\/?post_type=product&#038;p=2997"},"modified":"2025-11-28T04:57:27","modified_gmt":"2025-11-28T04:57:27","slug":"dz33a-thumb-release-tripod-for-pole","status":"publish","type":"product","link":"https:\/\/mountlaser.com\/es\/producto\/dz33a-thumb-release-tripod-for-pole\/","title":{"rendered":"Tr\u00edpode de liberaci\u00f3n de pulgar DZ33A para poste"},"content":{"rendered":"<p>Conoce a los <a href=\"https:\/\/mountlaser.com\/es\/\"><strong>Tr\u00edpode de liberaci\u00f3n de pulgar DZ33A para poste<\/strong><\/a>, La soluci\u00f3n definitiva para top\u00f3grafos que buscan estabilidad superior y un despliegue r\u00e1pido. Dise\u00f1ado para profesionales, este vers\u00e1til tr\u00edpode para jal\u00f3n prism\u00e1tico con liberaci\u00f3n manual est\u00e1 disponible en tres colores de alta visibilidad: DZ33A-RW (rojo\/blanco), DZ33A-YL (amarillo) y DZ33A-BK (negro), lo que garantiza estilo y mayor seguridad en la obra. Como robusto tr\u00edpode para jal\u00f3n prism\u00e1tico de aluminio, est\u00e1 dise\u00f1ado para proporcionar una base s\u00f3lida para sus mediciones m\u00e1s cr\u00edticas.<img fetchpriority=\"high\" decoding=\"async\" class=\"aligncenter wp-image-3002\" src=\"https:\/\/mountlaser.com\/wp-content\/uploads\/2025\/10\/DZ33A-\u7ea2\u767d3.webp\" alt=\"Aluminum Prism Pole Tripod\" width=\"500\" height=\"500\" srcset=\"https:\/\/mountlaser.com\/wp-content\/uploads\/2025\/10\/DZ33A-\u7ea2\u767d3.webp 1000w, https:\/\/mountlaser.com\/wp-content\/uploads\/2025\/10\/DZ33A-\u7ea2\u767d3-300x300.webp 300w, https:\/\/mountlaser.com\/wp-content\/uploads\/2025\/10\/DZ33A-\u7ea2\u767d3-400x400.webp 400w, https:\/\/mountlaser.com\/wp-content\/uploads\/2025\/10\/DZ33A-\u7ea2\u767d3-800x800.webp 800w, https:\/\/mountlaser.com\/wp-content\/uploads\/2025\/10\/DZ33A-\u7ea2\u767d3-600x600.webp 600w, https:\/\/mountlaser.com\/wp-content\/uploads\/2025\/10\/DZ33A-\u7ea2\u767d3-150x150.webp 150w, https:\/\/mountlaser.com\/wp-content\/uploads\/2025\/10\/DZ33A-\u7ea2\u767d3-768x768.webp 768w, https:\/\/mountlaser.com\/wp-content\/uploads\/2025\/10\/DZ33A-\u7ea2\u767d3-12x12.webp 12w\" sizes=\"(max-width: 500px) 100vw, 500px\" \/><\/p>\n<p>Fabricado con un resistente tubo interior de aluminio plateado (18 mm de di\u00e1metro exterior) y un tubo exterior m\u00e1s grueso (25 mm de di\u00e1metro exterior) en el color que elija, el DZ33A est\u00e1 dise\u00f1ado para una larga vida \u00fatil y resistencia. Este tr\u00edpode de aluminio con poste prism\u00e1tico cuenta con una impresionante extensi\u00f3n de 180 cm, lo que ofrece un rango de altura excepcional para afrontar terrenos dif\u00edciles y configuraciones complejas. Su innovador mecanismo de liberaci\u00f3n con el pulgar lo define. <a href=\"https:\/\/mountlaser.com\/es\/about-us\/\"><strong>Tr\u00edpode con prisma de liberaci\u00f3n con el pulgar<\/strong><\/a>, Permite ajustes incre\u00edblemente r\u00e1pidos con una sola mano sin sacrificar la estabilidad que necesitas. Las patas fijas y antideslizantes garantizan un agarre seguro en cualquier superficie, garantizando que tu bast\u00f3n de prisma se mantenga perfectamente estable. Cuando llegue el momento de mudarse, todo se guarda perfectamente en el estuche blando y la caja interior incluidos.<\/p>","protected":false},"excerpt":{"rendered":"<ul>\n<li>Opciones de color de alta visibilidad: disponible en rojo\/blanco, amarillo y negro para mejorar la seguridad del sitio y seg\u00fan las preferencias personales.<\/li>\n<li>Kit port\u00e1til completo: incluye un estuche de transporte suave y una caja interior para un transporte y almacenamiento c\u00f3modo y protegido.<\/li>\n<\/ul>","protected":false},"featured_media":2998,"comment_status":"open","ping_status":"closed","template":"","meta":[],"product_brand":[],"product_cat":[91,109],"product_tag":[],"class_list":{"0":"post-2997","1":"product","2":"type-product","3":"status-publish","4":"has-post-thumbnail","6":"product_cat-bipod-tripod","7":"product_cat-thumb-release-tripod-for-pole","9":"first","10":"instock","11":"shipping-taxable","12":"product-type-simple"},"_links":{"self":[{"href":"https:\/\/mountlaser.com\/es\/wp-json\/wp\/v2\/product\/2997","targetHints":{"allow":["GET"]}}],"collection":[{"href":"https:\/\/mountlaser.com\/es\/wp-json\/wp\/v2\/product"}],"about":[{"href":"https:\/\/mountlaser.com\/es\/wp-json\/wp\/v2\/types\/product"}],"replies":[{"embeddable":true,"href":"https:\/\/mountlaser.com\/es\/wp-json\/wp\/v2\/comments?post=2997"}],"wp:featuredmedia":[{"embeddable":true,"href":"https:\/\/mountlaser.com\/es\/wp-json\/wp\/v2\/media\/2998"}],"wp:attachment":[{"href":"https:\/\/mountlaser.com\/es\/wp-json\/wp\/v2\/media?parent=2997"}],"wp:term":[{"taxonomy":"product_brand","embeddable":true,"href":"https:\/\/mountlaser.com\/es\/wp-json\/wp\/v2\/product_brand?post=2997"},{"taxonomy":"product_cat","embeddable":true,"href":"https:\/\/mountlaser.com\/es\/wp-json\/wp\/v2\/product_cat?post=2997"},{"taxonomy":"product_tag","embeddable":true,"href":"https:\/\/mountlaser.com\/es\/wp-json\/wp\/v2\/product_tag?post=2997"}],"curies":[{"name":"wp","href":"https:\/\/api.w.org\/{rel}","templated":true}]}}