{"id":2990,"date":"2025-10-29T08:10:07","date_gmt":"2025-10-29T08:10:07","guid":{"rendered":"https:\/\/mountlaser.com\/?post_type=product&#038;p=2990"},"modified":"2025-11-28T04:58:53","modified_gmt":"2025-11-28T04:58:53","slug":"mnt02a-thumb-release-mini-tripod","status":"publish","type":"product","link":"https:\/\/mountlaser.com\/es\/producto\/mnt02a-thumb-release-mini-tripod\/","title":{"rendered":"Mini tr\u00edpode con liberaci\u00f3n de pulgar MNT02A"},"content":{"rendered":"<p>Mejore la configuraci\u00f3n de su campo con el<a href=\"https:\/\/mountlaser.com\/es\/about-us\/\"><strong> Mini tr\u00edpode con liberaci\u00f3n de pulgar MNT02A<\/strong><\/a> De Mount Laser. Dise\u00f1ado para profesionales que exigen precisi\u00f3n y portabilidad, este potente tr\u00edpode compacto proporciona una base s\u00f3lida para sus bastones, esc\u00e1neres y otros accesorios de medici\u00f3n esenciales. Como mini tr\u00edpode de aluminio de alta calidad, est\u00e1 dise\u00f1ado para soportar las exigencias del campo sin sobrecargarlo.<\/p>\n<p>Fabricado con un elegante acabado negro pulido, el MNT02A cuenta con una robusta c\u00e1mara interior de aluminio (di\u00e1metro exterior de 18 mm), lo que garantiza una durabilidad y estabilidad excepcionales. <a href=\"https:\/\/mountlaser.com\/es\/products\/\">Mini tr\u00edpode de aluminio<\/a> Ofrece una altura extendida de 29 cm, lo que le brinda mayor flexibilidad para una colocaci\u00f3n \u00f3ptima del instrumento. Las patas fijas de goma proporcionan un agarre seguro y antideslizante en diversas superficies, garantizando que sus mediciones comiencen con absoluta precisi\u00f3n.<img fetchpriority=\"high\" decoding=\"async\" class=\"aligncenter wp-image-2992\" src=\"https:\/\/mountlaser.com\/wp-content\/uploads\/2025\/10\/MNT02-3.webp\" alt=\"Aluminum mini tripod\" width=\"500\" height=\"500\" srcset=\"https:\/\/mountlaser.com\/wp-content\/uploads\/2025\/10\/MNT02-3.webp 1000w, https:\/\/mountlaser.com\/wp-content\/uploads\/2025\/10\/MNT02-3-300x300.webp 300w, https:\/\/mountlaser.com\/wp-content\/uploads\/2025\/10\/MNT02-3-400x400.webp 400w, https:\/\/mountlaser.com\/wp-content\/uploads\/2025\/10\/MNT02-3-800x800.webp 800w, https:\/\/mountlaser.com\/wp-content\/uploads\/2025\/10\/MNT02-3-600x600.webp 600w, https:\/\/mountlaser.com\/wp-content\/uploads\/2025\/10\/MNT02-3-150x150.webp 150w, https:\/\/mountlaser.com\/wp-content\/uploads\/2025\/10\/MNT02-3-768x768.webp 768w, https:\/\/mountlaser.com\/wp-content\/uploads\/2025\/10\/MNT02-3-12x12.webp 12w\" sizes=\"(max-width: 500px) 100vw, 500px\" \/><\/p>\n<p>La caracter\u00edstica m\u00e1s destacada es el intuitivo mecanismo de liberaci\u00f3n con el pulgar, que permite un despliegue y ajuste de altura r\u00e1pidos con una sola mano. Olv\u00eddate de las configuraciones que requieren mucho tiempo; con solo presionar y deslizar, tu bast\u00f3n estar\u00e1 asegurado y listo para la acci\u00f3n. Cuando llegue el momento de moverse, este compacto...<a href=\"https:\/\/mountlaser.com\/es\/contact-us\/\"><strong> Mini tr\u00edpode de aluminio<\/strong><\/a> Se desmonta r\u00e1pidamente y se guarda de forma segura en el estuche blando y la caja interior incluidos, lo que lo convierte en perfecto.<\/p>\n<p>&nbsp;<\/p>","protected":false},"excerpt":{"rendered":"<ul>\n<li>Altura extendida: ofrece una extensi\u00f3n de 29 cm, proporcionando una mayor flexibilidad de posicionamiento para su equipo.<\/li>\n<li>Seguro y port\u00e1til: cuenta con patas fijas antideslizantes para mayor estabilidad y viene con un estuche de transporte suave para un transporte f\u00e1cil y protegido.<\/li>\n<\/ul>","protected":false},"featured_media":2991,"comment_status":"open","ping_status":"closed","template":"","meta":[],"product_brand":[],"product_cat":[91,109],"product_tag":[],"class_list":{"0":"post-2990","1":"product","2":"type-product","3":"status-publish","4":"has-post-thumbnail","6":"product_cat-bipod-tripod","7":"product_cat-thumb-release-tripod-for-pole","9":"first","10":"instock","11":"shipping-taxable","12":"product-type-simple"},"_links":{"self":[{"href":"https:\/\/mountlaser.com\/es\/wp-json\/wp\/v2\/product\/2990","targetHints":{"allow":["GET"]}}],"collection":[{"href":"https:\/\/mountlaser.com\/es\/wp-json\/wp\/v2\/product"}],"about":[{"href":"https:\/\/mountlaser.com\/es\/wp-json\/wp\/v2\/types\/product"}],"replies":[{"embeddable":true,"href":"https:\/\/mountlaser.com\/es\/wp-json\/wp\/v2\/comments?post=2990"}],"wp:featuredmedia":[{"embeddable":true,"href":"https:\/\/mountlaser.com\/es\/wp-json\/wp\/v2\/media\/2991"}],"wp:attachment":[{"href":"https:\/\/mountlaser.com\/es\/wp-json\/wp\/v2\/media?parent=2990"}],"wp:term":[{"taxonomy":"product_brand","embeddable":true,"href":"https:\/\/mountlaser.com\/es\/wp-json\/wp\/v2\/product_brand?post=2990"},{"taxonomy":"product_cat","embeddable":true,"href":"https:\/\/mountlaser.com\/es\/wp-json\/wp\/v2\/product_cat?post=2990"},{"taxonomy":"product_tag","embeddable":true,"href":"https:\/\/mountlaser.com\/es\/wp-json\/wp\/v2\/product_tag?post=2990"}],"curies":[{"name":"wp","href":"https:\/\/api.w.org\/{rel}","templated":true}]}}