{"id":2983,"date":"2025-10-29T07:40:17","date_gmt":"2025-10-29T07:40:17","guid":{"rendered":"https:\/\/mountlaser.com\/?post_type=product&#038;p=2983"},"modified":"2025-11-28T05:01:49","modified_gmt":"2025-11-28T05:01:49","slug":"mnt01a-thumb-release-mini-tripod","status":"publish","type":"product","link":"https:\/\/mountlaser.com\/es\/producto\/mnt01a-thumb-release-mini-tripod\/","title":{"rendered":"MNT01A Mini tr\u00edpode con liberaci\u00f3n del pulgar"},"content":{"rendered":"<p>En Mount Laser, entendemos que la precisi\u00f3n en el campo exige confiabilidad en cada equipo. Presentamos... <a href=\"https:\/\/mountlaser.com\/es\/\"><strong>Mini tr\u00edpode con liberaci\u00f3n de pulgar MNT01A<\/strong><\/a>, La soluci\u00f3n de soporte compacta definitiva para sus bastones, esc\u00e1neres e instrumentos peque\u00f1os. Este robusto minitr\u00edpode de aluminio est\u00e1 dise\u00f1ado para el profesional que no sacrifica estabilidad ni portabilidad.<\/p>\n<p>Fabricado en aluminio de alta calidad, el MNT01A combina ligereza y durabilidad con un dise\u00f1o robusto. El n\u00facleo de este... <a href=\"https:\/\/mountlaser.com\/es\/products\/\">Mini tr\u00edpode de aluminio<\/a> Cuenta con un tubo interior de 18 mm de di\u00e1metro, que proporciona una base s\u00f3lida y minimiza el peso total. Con una extensi\u00f3n de 22 cm y patas fijas, ofrece una base segura y estable en diversos terrenos, garantizando una precisi\u00f3n inquebrantable en sus mediciones.<\/p>\n<p>&nbsp;<\/p>\n<p><img fetchpriority=\"high\" decoding=\"async\" class=\"aligncenter wp-image-2986\" src=\"https:\/\/mountlaser.com\/wp-content\/uploads\/2025\/10\/MNT01-6.webp\" alt=\"Aluminum mini tripod\" width=\"500\" height=\"500\" srcset=\"https:\/\/mountlaser.com\/wp-content\/uploads\/2025\/10\/MNT01-6.webp 1000w, https:\/\/mountlaser.com\/wp-content\/uploads\/2025\/10\/MNT01-6-300x300.webp 300w, https:\/\/mountlaser.com\/wp-content\/uploads\/2025\/10\/MNT01-6-400x400.webp 400w, https:\/\/mountlaser.com\/wp-content\/uploads\/2025\/10\/MNT01-6-800x800.webp 800w, https:\/\/mountlaser.com\/wp-content\/uploads\/2025\/10\/MNT01-6-600x600.webp 600w, https:\/\/mountlaser.com\/wp-content\/uploads\/2025\/10\/MNT01-6-150x150.webp 150w, https:\/\/mountlaser.com\/wp-content\/uploads\/2025\/10\/MNT01-6-768x768.webp 768w, https:\/\/mountlaser.com\/wp-content\/uploads\/2025\/10\/MNT01-6-12x12.webp 12w\" sizes=\"(max-width: 500px) 100vw, 500px\" \/><\/p>\n<p>Su caracter\u00edstica m\u00e1s destacada es su mecanismo de liberaci\u00f3n r\u00e1pida con el pulgar, que le permite configurar y ajustar la altura de su equipo montado en poste en segundos. Olv\u00eddese de las complicadas cerraduras: simplemente presione y deslice de forma intuitiva para obtener la m\u00e1xima eficiencia en el campo. Una vez finalizado el trabajo, se compacta en un tama\u00f1o compacto, incluyendo un estuche blando y una caja interior para guardarlo de forma segura y c\u00f3moda en cualquier bolsa de equipo. Elija el MNT01A, el modelo de calidad profesional. <a href=\"https:\/\/mountlaser.com\/es\/about-us\/\"><strong>Mini tr\u00edpode de aluminio<\/strong><\/a> Que representa la precisi\u00f3n.<\/p>","protected":false},"excerpt":{"rendered":"<ul>\n<li>Mecanismo de liberaci\u00f3n del pulgar: permite una configuraci\u00f3n r\u00e1pida con una sola mano y un ajuste de altura para una eficiencia de campo incomparable.<\/li>\n<li>Completo con estuche de transporte: incluye un estuche protector suave y una caja interior para un transporte f\u00e1cil y seguro, lo que lo convierte en un compa\u00f1ero de viaje ideal.<\/li>\n<\/ul>","protected":false},"featured_media":2984,"comment_status":"open","ping_status":"closed","template":"","meta":[],"product_brand":[],"product_cat":[91,109],"product_tag":[],"class_list":{"0":"post-2983","1":"product","2":"type-product","3":"status-publish","4":"has-post-thumbnail","6":"product_cat-bipod-tripod","7":"product_cat-thumb-release-tripod-for-pole","9":"first","10":"instock","11":"shipping-taxable","12":"product-type-simple"},"_links":{"self":[{"href":"https:\/\/mountlaser.com\/es\/wp-json\/wp\/v2\/product\/2983","targetHints":{"allow":["GET"]}}],"collection":[{"href":"https:\/\/mountlaser.com\/es\/wp-json\/wp\/v2\/product"}],"about":[{"href":"https:\/\/mountlaser.com\/es\/wp-json\/wp\/v2\/types\/product"}],"replies":[{"embeddable":true,"href":"https:\/\/mountlaser.com\/es\/wp-json\/wp\/v2\/comments?post=2983"}],"wp:featuredmedia":[{"embeddable":true,"href":"https:\/\/mountlaser.com\/es\/wp-json\/wp\/v2\/media\/2984"}],"wp:attachment":[{"href":"https:\/\/mountlaser.com\/es\/wp-json\/wp\/v2\/media?parent=2983"}],"wp:term":[{"taxonomy":"product_brand","embeddable":true,"href":"https:\/\/mountlaser.com\/es\/wp-json\/wp\/v2\/product_brand?post=2983"},{"taxonomy":"product_cat","embeddable":true,"href":"https:\/\/mountlaser.com\/es\/wp-json\/wp\/v2\/product_cat?post=2983"},{"taxonomy":"product_tag","embeddable":true,"href":"https:\/\/mountlaser.com\/es\/wp-json\/wp\/v2\/product_tag?post=2983"}],"curies":[{"name":"wp","href":"https:\/\/api.w.org\/{rel}","templated":true}]}}