{"id":2972,"date":"2025-10-28T03:23:03","date_gmt":"2025-10-28T03:23:03","guid":{"rendered":"https:\/\/mountlaser.com\/?post_type=product&#038;p=2972"},"modified":"2025-11-28T05:03:37","modified_gmt":"2025-11-28T05:03:37","slug":"cls22c-carbon-fiber-bipod","status":"publish","type":"product","link":"https:\/\/mountlaser.com\/es\/producto\/cls22c-carbon-fiber-bipod\/","title":{"rendered":"B\u00edpode de fibra de carbono CLS22C"},"content":{"rendered":"<p>Aumente la precisi\u00f3n de sus mediciones topogr\u00e1ficas con el <a href=\"https:\/\/mountlaser.com\/es\/\"><strong>B\u00edpode de fibra de carbono CLS22C<\/strong><\/a> De Mount Laser. Dise\u00f1ado para el profesional que exige rendimiento superior y portabilidad, este b\u00edpode ofrece una base estable inigualable para su mira de nivelaci\u00f3n, invar o l\u00e1ser. La clave de su dise\u00f1o intuitivo reside en su eficiente mecanismo de liberaci\u00f3n con el pulgar, que garantiza un r\u00e1pido despliegue y configuraci\u00f3n en campo.<\/p>\n<p>Cuenta con un tubo exterior de fibra de carbono (OD25 mm) para una resistencia liviana y un tubo interior de aluminio (OD18 mm) para una extensi\u00f3n suave.<\/p>\n<p>Proporciona una extensi\u00f3n m\u00e1xima de 180 cm para una altura de trabajo vers\u00e1til.<\/p>\n<p>&nbsp;<\/p>\n<p><img fetchpriority=\"high\" decoding=\"async\" class=\"aligncenter wp-image-2975\" src=\"https:\/\/mountlaser.com\/wp-content\/uploads\/2025\/10\/CLS22C-3.webp\" alt=\"Thumb release bipod\" width=\"500\" height=\"500\" srcset=\"https:\/\/mountlaser.com\/wp-content\/uploads\/2025\/10\/CLS22C-3.webp 1000w, https:\/\/mountlaser.com\/wp-content\/uploads\/2025\/10\/CLS22C-3-300x300.webp 300w, https:\/\/mountlaser.com\/wp-content\/uploads\/2025\/10\/CLS22C-3-400x400.webp 400w, https:\/\/mountlaser.com\/wp-content\/uploads\/2025\/10\/CLS22C-3-800x800.webp 800w, https:\/\/mountlaser.com\/wp-content\/uploads\/2025\/10\/CLS22C-3-600x600.webp 600w, https:\/\/mountlaser.com\/wp-content\/uploads\/2025\/10\/CLS22C-3-150x150.webp 150w, https:\/\/mountlaser.com\/wp-content\/uploads\/2025\/10\/CLS22C-3-768x768.webp 768w, https:\/\/mountlaser.com\/wp-content\/uploads\/2025\/10\/CLS22C-3-12x12.webp 12w\" sizes=\"(max-width: 500px) 100vw, 500px\" \/><\/p>\n<p>Fabricado con un tubo exterior de fibra de carbono, el CLS22C logra una excepcional relaci\u00f3n resistencia-peso, reduciendo la fatiga del usuario durante largas jornadas de trabajo sin comprometer la rigidez ni la estabilidad. El innovador sistema de b\u00edpode con liberaci\u00f3n con el pulgar permite ajustes de altura r\u00e1pidos y seguros con una sola mano. <a href=\"https:\/\/mountlaser.com\/es\/products\/\"><strong>b\u00edpode de liberaci\u00f3n con el pulgar<\/strong><\/a> El dise\u00f1o del poste est\u00e1 pensado para ser simple, permiti\u00e9ndole bloquear las patas firmemente en su lugar al instante, para que pueda concentrarse en la medici\u00f3n, no en el equipo.<\/p>","protected":false},"excerpt":{"rendered":"<ul>\n<li>Pies Desmontables: Equipado con pies desmontables para un f\u00e1cil transporte y adaptabilidad a diversas superficies.<\/li>\n<li>Paquete completo: incluye un estuche de transporte suave y una caja interior para almacenamiento y transporte seguros.<\/li>\n<\/ul>","protected":false},"featured_media":2973,"comment_status":"open","ping_status":"closed","template":"","meta":[],"product_brand":[],"product_cat":[91,108],"product_tag":[],"class_list":{"0":"post-2972","1":"product","2":"type-product","3":"status-publish","4":"has-post-thumbnail","6":"product_cat-bipod-tripod","7":"product_cat-thumb-release-bipod","9":"first","10":"instock","11":"shipping-taxable","12":"product-type-simple"},"_links":{"self":[{"href":"https:\/\/mountlaser.com\/es\/wp-json\/wp\/v2\/product\/2972","targetHints":{"allow":["GET"]}}],"collection":[{"href":"https:\/\/mountlaser.com\/es\/wp-json\/wp\/v2\/product"}],"about":[{"href":"https:\/\/mountlaser.com\/es\/wp-json\/wp\/v2\/types\/product"}],"replies":[{"embeddable":true,"href":"https:\/\/mountlaser.com\/es\/wp-json\/wp\/v2\/comments?post=2972"}],"wp:featuredmedia":[{"embeddable":true,"href":"https:\/\/mountlaser.com\/es\/wp-json\/wp\/v2\/media\/2973"}],"wp:attachment":[{"href":"https:\/\/mountlaser.com\/es\/wp-json\/wp\/v2\/media?parent=2972"}],"wp:term":[{"taxonomy":"product_brand","embeddable":true,"href":"https:\/\/mountlaser.com\/es\/wp-json\/wp\/v2\/product_brand?post=2972"},{"taxonomy":"product_cat","embeddable":true,"href":"https:\/\/mountlaser.com\/es\/wp-json\/wp\/v2\/product_cat?post=2972"},{"taxonomy":"product_tag","embeddable":true,"href":"https:\/\/mountlaser.com\/es\/wp-json\/wp\/v2\/product_tag?post=2972"}],"curies":[{"name":"wp","href":"https:\/\/api.w.org\/{rel}","templated":true}]}}