{"id":2964,"date":"2025-10-28T02:47:43","date_gmt":"2025-10-28T02:47:43","guid":{"rendered":"https:\/\/mountlaser.com\/?post_type=product&#038;p=2964"},"modified":"2025-11-28T05:04:25","modified_gmt":"2025-11-28T05:04:25","slug":"cls22a-aluminum-bipod","status":"publish","type":"product","link":"https:\/\/mountlaser.com\/es\/producto\/cls22a-aluminum-bipod\/","title":{"rendered":"B\u00edpode de aluminio CLS22A"},"content":{"rendered":"<p>En Mount Laser, entendemos que la precisi\u00f3n en la topograf\u00eda depende de un equipo estable y confiable. <a href=\"https:\/\/mountlaser.com\/es\/\"><strong>B\u00edpode de aluminio CLS22A<\/strong><\/a> Dise\u00f1ado para proporcionar la base esencial para su mira de nivelaci\u00f3n, invar o l\u00e1ser. Este robusto b\u00edpode ajustable de aluminio est\u00e1 dise\u00f1ado para profesionales que no sacrifican su rendimiento en el campo.<\/p>\n<p>Fabricado en aluminio de alta calidad, el CLS22A combina ligereza, portabilidad y una durabilidad excepcional. El exclusivo mecanismo de liberaci\u00f3n del pulgar permite ajustar la altura de forma r\u00e1pida y sencilla, lo que le permite configurar su instrumento con rapidez y precisi\u00f3n. Olv\u00eddese de las complicadas cerraduras: basta con presionar el pulgar para fijar las patas en su lugar.<\/p>\n<p><strong><img fetchpriority=\"high\" decoding=\"async\" class=\"aligncenter wp-image-2969\" src=\"https:\/\/mountlaser.com\/wp-content\/uploads\/2025\/10\/CLS22A-\u7eff\u82721.webp\" alt=\"Aluminum Thumb Release Bipod\" width=\"500\" height=\"500\" srcset=\"https:\/\/mountlaser.com\/wp-content\/uploads\/2025\/10\/CLS22A-\u7eff\u82721.webp 1000w, https:\/\/mountlaser.com\/wp-content\/uploads\/2025\/10\/CLS22A-\u7eff\u82721-300x300.webp 300w, https:\/\/mountlaser.com\/wp-content\/uploads\/2025\/10\/CLS22A-\u7eff\u82721-400x400.webp 400w, https:\/\/mountlaser.com\/wp-content\/uploads\/2025\/10\/CLS22A-\u7eff\u82721-800x800.webp 800w, https:\/\/mountlaser.com\/wp-content\/uploads\/2025\/10\/CLS22A-\u7eff\u82721-600x600.webp 600w, https:\/\/mountlaser.com\/wp-content\/uploads\/2025\/10\/CLS22A-\u7eff\u82721-150x150.webp 150w, https:\/\/mountlaser.com\/wp-content\/uploads\/2025\/10\/CLS22A-\u7eff\u82721-768x768.webp 768w, https:\/\/mountlaser.com\/wp-content\/uploads\/2025\/10\/CLS22A-\u7eff\u82721-12x12.webp 12w\" sizes=\"(max-width: 500px) 100vw, 500px\" \/><\/strong><\/p>\n<p><a href=\"https:\/\/mountlaser.com\/es\/products\/\"><strong>B\u00edpode de aluminio con liberaci\u00f3n del pulgar<\/strong><\/a> Cuenta con un tubo interior de aluminio negro pulido (OD18 mm) y un tubo exterior de aluminio de color (OD25 mm), disponible en rojo (CLS22A-RD) o verde (CLS22A-GN) altamente visible.<\/p>\n<p>Ofrece una extensi\u00f3n m\u00e1xima de 180 cm, proporcionando una plataforma estable en diversos terrenos.<\/p>","protected":false},"excerpt":{"rendered":"<ul>\n<li>C\u00f3moda liberaci\u00f3n del pulgar: el mecanismo del b\u00edpode de liberaci\u00f3n del pulgar de aluminio garantiza un funcionamiento r\u00e1pido y sin herramientas.<\/li>\n<li>Pies desmontables: Los pies del b\u00edpode son desmontables, lo que facilita el transporte y el almacenamiento y ofrece versatilidad para diferentes condiciones del terreno.<\/li>\n<li>Paquete: Incluye un estuche de transporte suave y una caja interior para una protecci\u00f3n y portabilidad superiores.<\/li>\n<\/ul>","protected":false},"featured_media":2967,"comment_status":"open","ping_status":"closed","template":"","meta":[],"product_brand":[],"product_cat":[91,108],"product_tag":[],"class_list":{"0":"post-2964","1":"product","2":"type-product","3":"status-publish","4":"has-post-thumbnail","6":"product_cat-bipod-tripod","7":"product_cat-thumb-release-bipod","9":"first","10":"instock","11":"shipping-taxable","12":"product-type-simple"},"_links":{"self":[{"href":"https:\/\/mountlaser.com\/es\/wp-json\/wp\/v2\/product\/2964","targetHints":{"allow":["GET"]}}],"collection":[{"href":"https:\/\/mountlaser.com\/es\/wp-json\/wp\/v2\/product"}],"about":[{"href":"https:\/\/mountlaser.com\/es\/wp-json\/wp\/v2\/types\/product"}],"replies":[{"embeddable":true,"href":"https:\/\/mountlaser.com\/es\/wp-json\/wp\/v2\/comments?post=2964"}],"wp:featuredmedia":[{"embeddable":true,"href":"https:\/\/mountlaser.com\/es\/wp-json\/wp\/v2\/media\/2967"}],"wp:attachment":[{"href":"https:\/\/mountlaser.com\/es\/wp-json\/wp\/v2\/media?parent=2964"}],"wp:term":[{"taxonomy":"product_brand","embeddable":true,"href":"https:\/\/mountlaser.com\/es\/wp-json\/wp\/v2\/product_brand?post=2964"},{"taxonomy":"product_cat","embeddable":true,"href":"https:\/\/mountlaser.com\/es\/wp-json\/wp\/v2\/product_cat?post=2964"},{"taxonomy":"product_tag","embeddable":true,"href":"https:\/\/mountlaser.com\/es\/wp-json\/wp\/v2\/product_tag?post=2964"}],"curies":[{"name":"wp","href":"https:\/\/api.w.org\/{rel}","templated":true}]}}