{"id":2955,"date":"2025-10-27T08:24:55","date_gmt":"2025-10-27T08:24:55","guid":{"rendered":"https:\/\/mountlaser.com\/?post_type=product&#038;p=2955"},"modified":"2025-11-28T05:05:18","modified_gmt":"2025-11-28T05:05:18","slug":"dz22a-aluminum-bipod","status":"publish","type":"product","link":"https:\/\/mountlaser.com\/es\/producto\/dz22a-aluminum-bipod\/","title":{"rendered":"B\u00edpode de aluminio DZ22A"},"content":{"rendered":"<p><a href=\"https:\/\/mountlaser.com\/es\/\"><strong>B\u00edpode de aluminio DZ22A<\/strong><\/a>:Soporte estable para medici\u00f3n de precisi\u00f3n<\/p>\n<p>El b\u00edpode de aluminio DZ22A es un sistema de soporte de calidad profesional dise\u00f1ado para aplicaciones de topograf\u00eda y medici\u00f3n. Dise\u00f1ado para ofrecer durabilidad y estabilidad, este b\u00edpode proporciona una base fiable para diversas herramientas de medici\u00f3n.,<a href=\"https:\/\/mountlaser.com\/es\/products\/\"> <strong>B\u00edpode topogr\u00e1fico DZ22A<\/strong><\/a> asegurando lecturas precisas en diversas condiciones de trabajo.<\/p>\n<p><img fetchpriority=\"high\" decoding=\"async\" class=\"aligncenter wp-image-2963\" src=\"https:\/\/mountlaser.com\/wp-content\/uploads\/2025\/10\/DZ22A-\u9ed1\u82724.webp\" alt=\"DZ22A Surveying Bipod\" width=\"500\" height=\"500\" srcset=\"https:\/\/mountlaser.com\/wp-content\/uploads\/2025\/10\/DZ22A-\u9ed1\u82724.webp 1000w, https:\/\/mountlaser.com\/wp-content\/uploads\/2025\/10\/DZ22A-\u9ed1\u82724-300x300.webp 300w, https:\/\/mountlaser.com\/wp-content\/uploads\/2025\/10\/DZ22A-\u9ed1\u82724-400x400.webp 400w, https:\/\/mountlaser.com\/wp-content\/uploads\/2025\/10\/DZ22A-\u9ed1\u82724-800x800.webp 800w, https:\/\/mountlaser.com\/wp-content\/uploads\/2025\/10\/DZ22A-\u9ed1\u82724-600x600.webp 600w, https:\/\/mountlaser.com\/wp-content\/uploads\/2025\/10\/DZ22A-\u9ed1\u82724-150x150.webp 150w, https:\/\/mountlaser.com\/wp-content\/uploads\/2025\/10\/DZ22A-\u9ed1\u82724-768x768.webp 768w, https:\/\/mountlaser.com\/wp-content\/uploads\/2025\/10\/DZ22A-\u9ed1\u82724-12x12.webp 12w\" sizes=\"(max-width: 500px) 100vw, 500px\" \/><br \/>\nEl b\u00edpode topogr\u00e1fico DZ22A est\u00e1 disponible en varias versiones codificadas por colores, incluido el b\u00edpode de aluminio DZ22A-RW (rojo-blanco), el b\u00edpode de aluminio DZ22A-YL (amarillo) y el b\u00edpode de aluminio DZ22A-BK (negro), lo que permite una f\u00e1cil identificaci\u00f3n del equipo y la coordinaci\u00f3n del equipo en los lugares de trabajo.<img decoding=\"async\" class=\"aligncenter wp-image-2961\" src=\"https:\/\/mountlaser.com\/wp-content\/uploads\/2025\/10\/DZ22A-\u9ec4\u82722.webp\" alt=\"DZ22A Surveying Bipod\" width=\"500\" height=\"500\" srcset=\"https:\/\/mountlaser.com\/wp-content\/uploads\/2025\/10\/DZ22A-\u9ec4\u82722.webp 1000w, https:\/\/mountlaser.com\/wp-content\/uploads\/2025\/10\/DZ22A-\u9ec4\u82722-300x300.webp 300w, https:\/\/mountlaser.com\/wp-content\/uploads\/2025\/10\/DZ22A-\u9ec4\u82722-400x400.webp 400w, https:\/\/mountlaser.com\/wp-content\/uploads\/2025\/10\/DZ22A-\u9ec4\u82722-800x800.webp 800w, https:\/\/mountlaser.com\/wp-content\/uploads\/2025\/10\/DZ22A-\u9ec4\u82722-600x600.webp 600w, https:\/\/mountlaser.com\/wp-content\/uploads\/2025\/10\/DZ22A-\u9ec4\u82722-150x150.webp 150w, https:\/\/mountlaser.com\/wp-content\/uploads\/2025\/10\/DZ22A-\u9ec4\u82722-768x768.webp 768w, https:\/\/mountlaser.com\/wp-content\/uploads\/2025\/10\/DZ22A-\u9ec4\u82722-12x12.webp 12w\" sizes=\"(max-width: 500px) 100vw, 500px\" \/><\/p>\n<p>&nbsp;<\/p>\n<p>&nbsp;<\/p>","protected":false},"excerpt":{"rendered":"<ul>\n<li>Cuenta con un tubo interior resistente (OD18mm, plateado) y un tubo exterior m\u00e1s grueso (OD25mm) para una mayor estabilidad y resistencia a los golpes.<\/li>\n<li>Elija entre el b\u00edpode de aluminio DZ22A-RW de alta visibilidad y el b\u00edpode de aluminio DZ22A-YL<\/li>\n<li>o el b\u00edpode de aluminio est\u00e1ndar DZ22A-BK para adaptarse a las necesidades y preferencias de su proyecto.<\/li>\n<\/ul>","protected":false},"featured_media":2959,"comment_status":"open","ping_status":"closed","template":"","meta":[],"product_brand":[],"product_cat":[91,108],"product_tag":[],"class_list":{"0":"post-2955","1":"product","2":"type-product","3":"status-publish","4":"has-post-thumbnail","6":"product_cat-bipod-tripod","7":"product_cat-thumb-release-bipod","9":"first","10":"instock","11":"shipping-taxable","12":"product-type-simple"},"_links":{"self":[{"href":"https:\/\/mountlaser.com\/es\/wp-json\/wp\/v2\/product\/2955","targetHints":{"allow":["GET"]}}],"collection":[{"href":"https:\/\/mountlaser.com\/es\/wp-json\/wp\/v2\/product"}],"about":[{"href":"https:\/\/mountlaser.com\/es\/wp-json\/wp\/v2\/types\/product"}],"replies":[{"embeddable":true,"href":"https:\/\/mountlaser.com\/es\/wp-json\/wp\/v2\/comments?post=2955"}],"wp:featuredmedia":[{"embeddable":true,"href":"https:\/\/mountlaser.com\/es\/wp-json\/wp\/v2\/media\/2959"}],"wp:attachment":[{"href":"https:\/\/mountlaser.com\/es\/wp-json\/wp\/v2\/media?parent=2955"}],"wp:term":[{"taxonomy":"product_brand","embeddable":true,"href":"https:\/\/mountlaser.com\/es\/wp-json\/wp\/v2\/product_brand?post=2955"},{"taxonomy":"product_cat","embeddable":true,"href":"https:\/\/mountlaser.com\/es\/wp-json\/wp\/v2\/product_cat?post=2955"},{"taxonomy":"product_tag","embeddable":true,"href":"https:\/\/mountlaser.com\/es\/wp-json\/wp\/v2\/product_tag?post=2955"}],"curies":[{"name":"wp","href":"https:\/\/api.w.org\/{rel}","templated":true}]}}