{"id":2947,"date":"2025-10-24T09:11:47","date_gmt":"2025-10-24T09:11:47","guid":{"rendered":"https:\/\/mountlaser.com\/?post_type=product&#038;p=2947"},"modified":"2025-11-28T05:06:17","modified_gmt":"2025-11-28T05:06:17","slug":"mnb02a-aluminum-mini-bipod","status":"publish","type":"product","link":"https:\/\/mountlaser.com\/es\/producto\/mnb02a-aluminum-mini-bipod\/","title":{"rendered":"Mini b\u00edpode de aluminio MNB02A"},"content":{"rendered":"<p>El <a href=\"https:\/\/mountlaser.com\/es\/\"><strong>Mini b\u00edpode de aluminio MNB02A<\/strong><\/a> Ofrece estabilidad profesional en un formato compacto, dise\u00f1ado espec\u00edficamente para aplicaciones de medici\u00f3n de precisi\u00f3n. Este robusto b\u00edpode Mini Prism cuenta con un tubo interior de aluminio negro pulido de 18 mm de di\u00e1metro exterior, lo que le proporciona atractivo est\u00e9tico y durabilidad funcional. Con una extensi\u00f3n de 29 cm, este vers\u00e1til b\u00edpode Mini Prism ofrece un ajuste de altura \u00f3ptimo para aplicaciones con mini prismas, a la vez que mantiene una estabilidad excepcional gracias a su dise\u00f1o de pie fijo.<\/p>\n<p><img fetchpriority=\"high\" decoding=\"async\" class=\"aligncenter wp-image-2949\" src=\"https:\/\/mountlaser.com\/wp-content\/uploads\/2025\/10\/MNB02-2.webp\" alt=\"Mini Prism Bipod\" width=\"500\" height=\"500\" srcset=\"https:\/\/mountlaser.com\/wp-content\/uploads\/2025\/10\/MNB02-2.webp 1000w, https:\/\/mountlaser.com\/wp-content\/uploads\/2025\/10\/MNB02-2-300x300.webp 300w, https:\/\/mountlaser.com\/wp-content\/uploads\/2025\/10\/MNB02-2-400x400.webp 400w, https:\/\/mountlaser.com\/wp-content\/uploads\/2025\/10\/MNB02-2-800x800.webp 800w, https:\/\/mountlaser.com\/wp-content\/uploads\/2025\/10\/MNB02-2-600x600.webp 600w, https:\/\/mountlaser.com\/wp-content\/uploads\/2025\/10\/MNB02-2-150x150.webp 150w, https:\/\/mountlaser.com\/wp-content\/uploads\/2025\/10\/MNB02-2-768x768.webp 768w, https:\/\/mountlaser.com\/wp-content\/uploads\/2025\/10\/MNB02-2-12x12.webp 12w\" sizes=\"(max-width: 500px) 100vw, 500px\" \/><\/p>\n<p>Fabricado con mecanizado de precisi\u00f3n, este confiable <a href=\"https:\/\/mountlaser.com\/es\/products\/\"><strong>B\u00edpode Mini Prism<\/strong><\/a> Garantiza un soporte firme para diversos instrumentos topogr\u00e1ficos. Su construcci\u00f3n de aluminio negro pulido no solo mejora la resistencia a la corrosi\u00f3n, sino que tambi\u00e9n proporciona una apariencia profesional que soporta las rigurosas condiciones de campo. El dise\u00f1o de pie fijo garantiza un contacto constante con el suelo, eliminando los problemas de inestabilidad que suelen asociarse con los pies ajustables de los b\u00edpodes compactos.<\/p>","protected":false},"excerpt":{"rendered":"<ul>\n<li>Tubo interior de aluminio negro pulido de 18 mm de di\u00e1metro exterior para mayor durabilidad<\/li>\n<li>Rango de extensi\u00f3n de 29 cm para un ajuste de altura \u00f3ptimo<\/li>\n<li>Dise\u00f1o de pie fijo para una mayor estabilidad.<\/li>\n<li>Compacto y ligero para f\u00e1cil portabilidad.<\/li>\n<li>Construcci\u00f3n resistente a la corrosi\u00f3n para una larga vida \u00fatil.<\/li>\n<\/ul>","protected":false},"featured_media":2948,"comment_status":"open","ping_status":"closed","template":"","meta":[],"product_brand":[],"product_cat":[91,108],"product_tag":[],"class_list":{"0":"post-2947","1":"product","2":"type-product","3":"status-publish","4":"has-post-thumbnail","6":"product_cat-bipod-tripod","7":"product_cat-thumb-release-bipod","9":"first","10":"instock","11":"shipping-taxable","12":"product-type-simple"},"_links":{"self":[{"href":"https:\/\/mountlaser.com\/es\/wp-json\/wp\/v2\/product\/2947","targetHints":{"allow":["GET"]}}],"collection":[{"href":"https:\/\/mountlaser.com\/es\/wp-json\/wp\/v2\/product"}],"about":[{"href":"https:\/\/mountlaser.com\/es\/wp-json\/wp\/v2\/types\/product"}],"replies":[{"embeddable":true,"href":"https:\/\/mountlaser.com\/es\/wp-json\/wp\/v2\/comments?post=2947"}],"wp:featuredmedia":[{"embeddable":true,"href":"https:\/\/mountlaser.com\/es\/wp-json\/wp\/v2\/media\/2948"}],"wp:attachment":[{"href":"https:\/\/mountlaser.com\/es\/wp-json\/wp\/v2\/media?parent=2947"}],"wp:term":[{"taxonomy":"product_brand","embeddable":true,"href":"https:\/\/mountlaser.com\/es\/wp-json\/wp\/v2\/product_brand?post=2947"},{"taxonomy":"product_cat","embeddable":true,"href":"https:\/\/mountlaser.com\/es\/wp-json\/wp\/v2\/product_cat?post=2947"},{"taxonomy":"product_tag","embeddable":true,"href":"https:\/\/mountlaser.com\/es\/wp-json\/wp\/v2\/product_tag?post=2947"}],"curies":[{"name":"wp","href":"https:\/\/api.w.org\/{rel}","templated":true}]}}