{"id":2939,"date":"2025-10-24T09:03:27","date_gmt":"2025-10-24T09:03:27","guid":{"rendered":"https:\/\/mountlaser.com\/?post_type=product&#038;p=2939"},"modified":"2025-11-28T05:13:21","modified_gmt":"2025-11-28T05:13:21","slug":"mnb01a-aluminum-mini-bipod","status":"publish","type":"product","link":"https:\/\/mountlaser.com\/es\/producto\/mnb01a-aluminum-mini-bipod\/","title":{"rendered":"Mini b\u00edpode de aluminio MNB01A"},"content":{"rendered":"<p>El <a href=\"https:\/\/mountlaser.com\/es\/\"><strong>Mini b\u00edpode de aluminio MNB01A<\/strong> <\/a>Establece un nuevo est\u00e1ndar en soluciones de soporte compactas para aplicaciones de medici\u00f3n de precisi\u00f3n. Este vers\u00e1til b\u00edpode de aluminio Mini Prism est\u00e1 dise\u00f1ado por expertos en aluminio plateado de 18 mm de di\u00e1metro exterior, ofreciendo una durabilidad excepcional a la vez que mantiene una ligereza excepcional. Dise\u00f1ado espec\u00edficamente para jalones de mini prismas, este b\u00edpode profesional de aluminio Mini Prism proporciona una estabilidad fiable con su altura optimizada de 22 cm, lo que lo hace ideal para diversas tareas de medici\u00f3n topogr\u00e1fica y de construcci\u00f3n.<\/p>\n<p>&nbsp;<\/p>\n<p><img fetchpriority=\"high\" decoding=\"async\" class=\"aligncenter wp-image-2941\" src=\"https:\/\/mountlaser.com\/wp-content\/uploads\/2025\/10\/MNB01-2.webp\" alt=\"Mini Prism Aluminum Bipod\" width=\"500\" height=\"500\" srcset=\"https:\/\/mountlaser.com\/wp-content\/uploads\/2025\/10\/MNB01-2.webp 1000w, https:\/\/mountlaser.com\/wp-content\/uploads\/2025\/10\/MNB01-2-300x300.webp 300w, https:\/\/mountlaser.com\/wp-content\/uploads\/2025\/10\/MNB01-2-400x400.webp 400w, https:\/\/mountlaser.com\/wp-content\/uploads\/2025\/10\/MNB01-2-800x800.webp 800w, https:\/\/mountlaser.com\/wp-content\/uploads\/2025\/10\/MNB01-2-600x600.webp 600w, https:\/\/mountlaser.com\/wp-content\/uploads\/2025\/10\/MNB01-2-150x150.webp 150w, https:\/\/mountlaser.com\/wp-content\/uploads\/2025\/10\/MNB01-2-768x768.webp 768w, https:\/\/mountlaser.com\/wp-content\/uploads\/2025\/10\/MNB01-2-12x12.webp 12w\" sizes=\"(max-width: 500px) 100vw, 500px\" \/><\/p>\n<p>Construido con precisi\u00f3n y practicidad en mente, este avanzado <a href=\"https:\/\/mountlaser.com\/es\/products\/\"><strong>B\u00edpode de aluminio Mini Prism<\/strong><\/a> Garantiza un soporte firme para su miniprisma en diversos entornos de trabajo. Su construcci\u00f3n de aluminio con \u00f3xido de plata no solo mejora la resistencia a la corrosi\u00f3n, sino que tambi\u00e9n garantiza un rendimiento duradero en condiciones exigentes. Con su dise\u00f1o compacto y su robusta construcci\u00f3n, este mini b\u00edpode ofrece el equilibrio perfecto entre portabilidad y funcionalidad, garantizando que sus instrumentos de medici\u00f3n permanezcan firmemente posicionados para una toma de datos precisa.<\/p>","protected":false},"excerpt":{"rendered":"<ul>\n<li>Proporciona un soporte estable para postes de mini prismas.<\/li>\n<li>Construcci\u00f3n de aluminio con \u00f3xido de plata para una mayor durabilidad.<\/li>\n<li>Altura compacta de 22 cm para un posicionamiento vers\u00e1til<\/li>\n<li>Dise\u00f1o liviano para f\u00e1cil portabilidad.<\/li>\n<\/ul>","protected":false},"featured_media":2942,"comment_status":"open","ping_status":"closed","template":"","meta":[],"product_brand":[],"product_cat":[91,108],"product_tag":[],"class_list":{"0":"post-2939","1":"product","2":"type-product","3":"status-publish","4":"has-post-thumbnail","6":"product_cat-bipod-tripod","7":"product_cat-thumb-release-bipod","9":"first","10":"instock","11":"shipping-taxable","12":"product-type-simple"},"_links":{"self":[{"href":"https:\/\/mountlaser.com\/es\/wp-json\/wp\/v2\/product\/2939","targetHints":{"allow":["GET"]}}],"collection":[{"href":"https:\/\/mountlaser.com\/es\/wp-json\/wp\/v2\/product"}],"about":[{"href":"https:\/\/mountlaser.com\/es\/wp-json\/wp\/v2\/types\/product"}],"replies":[{"embeddable":true,"href":"https:\/\/mountlaser.com\/es\/wp-json\/wp\/v2\/comments?post=2939"}],"wp:featuredmedia":[{"embeddable":true,"href":"https:\/\/mountlaser.com\/es\/wp-json\/wp\/v2\/media\/2942"}],"wp:attachment":[{"href":"https:\/\/mountlaser.com\/es\/wp-json\/wp\/v2\/media?parent=2939"}],"wp:term":[{"taxonomy":"product_brand","embeddable":true,"href":"https:\/\/mountlaser.com\/es\/wp-json\/wp\/v2\/product_brand?post=2939"},{"taxonomy":"product_cat","embeddable":true,"href":"https:\/\/mountlaser.com\/es\/wp-json\/wp\/v2\/product_cat?post=2939"},{"taxonomy":"product_tag","embeddable":true,"href":"https:\/\/mountlaser.com\/es\/wp-json\/wp\/v2\/product_tag?post=2939"}],"curies":[{"name":"wp","href":"https:\/\/api.w.org\/{rel}","templated":true}]}}