{"id":2929,"date":"2025-10-24T08:48:43","date_gmt":"2025-10-24T08:48:43","guid":{"rendered":"https:\/\/mountlaser.com\/?post_type=product&#038;p=2929"},"modified":"2025-11-28T05:15:52","modified_gmt":"2025-11-28T05:15:52","slug":"fpps-aluminum-pole-tripod","status":"publish","type":"product","link":"https:\/\/mountlaser.com\/es\/producto\/fpps-aluminum-pole-tripod\/","title":{"rendered":"Tr\u00edpode de poste de aluminio FPPS"},"content":{"rendered":"<p>El <a href=\"https:\/\/mountlaser.com\/es\/\"><strong>Tr\u00edpode de poste de aluminio FPPS<\/strong><\/a> Ofrece estabilidad y versatilidad de nivel profesional para aplicaciones topogr\u00e1ficas modernas. Dise\u00f1ado como un tr\u00edpode telesc\u00f3pico de aluminio de alta resistencia, proporciona un soporte excepcional para miniprismas con jalones, jalones para prismas y miras de nivelaci\u00f3n. Fabricado en aluminio de alta resistencia, este duradero tr\u00edpode telesc\u00f3pico de aluminio mantiene el equilibrio perfecto entre portabilidad ligera y gran durabilidad, lo que lo hace ideal para uso prolongado en campo.<\/p>\n<p><img fetchpriority=\"high\" decoding=\"async\" class=\"aligncenter wp-image-2930\" src=\"https:\/\/mountlaser.com\/wp-content\/uploads\/2025\/10\/FPPS2-1.webp\" alt=\"Aluminum Telescoping Pole TriPod\" width=\"500\" height=\"500\" srcset=\"https:\/\/mountlaser.com\/wp-content\/uploads\/2025\/10\/FPPS2-1.webp 1000w, https:\/\/mountlaser.com\/wp-content\/uploads\/2025\/10\/FPPS2-1-300x300.webp 300w, https:\/\/mountlaser.com\/wp-content\/uploads\/2025\/10\/FPPS2-1-400x400.webp 400w, https:\/\/mountlaser.com\/wp-content\/uploads\/2025\/10\/FPPS2-1-800x800.webp 800w, https:\/\/mountlaser.com\/wp-content\/uploads\/2025\/10\/FPPS2-1-600x600.webp 600w, https:\/\/mountlaser.com\/wp-content\/uploads\/2025\/10\/FPPS2-1-150x150.webp 150w, https:\/\/mountlaser.com\/wp-content\/uploads\/2025\/10\/FPPS2-1-768x768.webp 768w, https:\/\/mountlaser.com\/wp-content\/uploads\/2025\/10\/FPPS2-1-12x12.webp 12w\" sizes=\"(max-width: 500px) 100vw, 500px\" \/><\/p>\n<p>Con un control deslizante de cabezal extra largo de 150 mm combinado con un cabezal tipo tijera que se mueve libremente, este avanzado <a href=\"https:\/\/mountlaser.com\/es\/about-us\/\"><strong>Tr\u00edpode telesc\u00f3pico de aluminio<\/strong><\/a> Ofrece una flexibilidad de ajuste superior y un posicionamiento preciso del instrumento. Con una impresionante capacidad de extensi\u00f3n de 128 cm y una robusta construcci\u00f3n de di\u00e1metro exterior de 18\/25 mm, el tr\u00edpode garantiza un rendimiento fiable en diversos terrenos. El sistema de bloqueo por compresi\u00f3n permite una instalaci\u00f3n r\u00e1pida y un bloqueo seguro, mientras que el soporte de rosca universal admite bastones de 25-30 mm y 8-10 mm con facilidad. El paquete completo incluye un estuche protector blando y una caja interior para un transporte c\u00f3modo.<\/p>","protected":false},"excerpt":{"rendered":"<ul>\n<li>Construcci\u00f3n de aluminio ligero con excelente relaci\u00f3n resistencia-peso.<\/li>\n<li>Deslizador de cabezal de 150 mm con cabezal tipo tijera para ajustes precisos<\/li>\n<li>Rango de extensi\u00f3n de 128 cm con mecanismo de bloqueo de compresi\u00f3n<\/li>\n<li>Portahilos universal para postes de \u044425-30 mm o \u04448-10 mm<\/li>\n<\/ul>","protected":false},"featured_media":2932,"comment_status":"open","ping_status":"closed","template":"","meta":[],"product_brand":[],"product_cat":[91,107],"product_tag":[],"class_list":{"0":"post-2929","1":"product","2":"type-product","3":"status-publish","4":"has-post-thumbnail","6":"product_cat-bipod-tripod","7":"product_cat-aluminum-pole-tripod","9":"first","10":"instock","11":"shipping-taxable","12":"product-type-simple"},"_links":{"self":[{"href":"https:\/\/mountlaser.com\/es\/wp-json\/wp\/v2\/product\/2929","targetHints":{"allow":["GET"]}}],"collection":[{"href":"https:\/\/mountlaser.com\/es\/wp-json\/wp\/v2\/product"}],"about":[{"href":"https:\/\/mountlaser.com\/es\/wp-json\/wp\/v2\/types\/product"}],"replies":[{"embeddable":true,"href":"https:\/\/mountlaser.com\/es\/wp-json\/wp\/v2\/comments?post=2929"}],"wp:featuredmedia":[{"embeddable":true,"href":"https:\/\/mountlaser.com\/es\/wp-json\/wp\/v2\/media\/2932"}],"wp:attachment":[{"href":"https:\/\/mountlaser.com\/es\/wp-json\/wp\/v2\/media?parent=2929"}],"wp:term":[{"taxonomy":"product_brand","embeddable":true,"href":"https:\/\/mountlaser.com\/es\/wp-json\/wp\/v2\/product_brand?post=2929"},{"taxonomy":"product_cat","embeddable":true,"href":"https:\/\/mountlaser.com\/es\/wp-json\/wp\/v2\/product_cat?post=2929"},{"taxonomy":"product_tag","embeddable":true,"href":"https:\/\/mountlaser.com\/es\/wp-json\/wp\/v2\/product_tag?post=2929"}],"curies":[{"name":"wp","href":"https:\/\/api.w.org\/{rel}","templated":true}]}}