{"id":2906,"date":"2025-10-24T08:07:11","date_gmt":"2025-10-24T08:07:11","guid":{"rendered":"https:\/\/mountlaser.com\/?post_type=product&#038;p=2906"},"modified":"2025-11-28T05:19:19","modified_gmt":"2025-11-28T05:19:19","slug":"qpps-aluminum-pole-tripod","status":"publish","type":"product","link":"https:\/\/mountlaser.com\/es\/producto\/qpps-aluminum-pole-tripod\/","title":{"rendered":"Tr\u00edpode de poste de aluminio QPPS"},"content":{"rendered":"<p>El <a href=\"https:\/\/mountlaser.com\/es\/\"><strong>Tr\u00edpode de poste de aluminio QPPS<\/strong><\/a> Establece un nuevo est\u00e1ndar de eficiencia en equipos de soporte topogr\u00e1fico. Este avanzado tr\u00edpode de aluminio con p\u00e9rtiga y abrazadera incorpora un innovador mecanismo de liberaci\u00f3n r\u00e1pida que reduce dr\u00e1sticamente el tiempo de montaje, manteniendo una estabilidad excepcional para miniprismas con p\u00e9rtigas, jalones de prisma y miras de nivelaci\u00f3n. Dise\u00f1ado con materiales de aluminio de primera calidad, este tr\u00edpode profesional con p\u00e9rtiga y abrazadera ofrece la combinaci\u00f3n perfecta de manejo ligero y gran durabilidad, garantizando un rendimiento fiable en condiciones de campo exigentes.<\/p>\n<p><img fetchpriority=\"high\" decoding=\"async\" class=\"aligncenter wp-image-2909\" src=\"https:\/\/mountlaser.com\/wp-content\/uploads\/2025\/10\/QPPS-5.webp\" alt=\"Aluminum Pole Tripod with Clamp\" width=\"500\" height=\"500\" srcset=\"https:\/\/mountlaser.com\/wp-content\/uploads\/2025\/10\/QPPS-5.webp 1000w, https:\/\/mountlaser.com\/wp-content\/uploads\/2025\/10\/QPPS-5-300x300.webp 300w, https:\/\/mountlaser.com\/wp-content\/uploads\/2025\/10\/QPPS-5-400x400.webp 400w, https:\/\/mountlaser.com\/wp-content\/uploads\/2025\/10\/QPPS-5-800x800.webp 800w, https:\/\/mountlaser.com\/wp-content\/uploads\/2025\/10\/QPPS-5-600x600.webp 600w, https:\/\/mountlaser.com\/wp-content\/uploads\/2025\/10\/QPPS-5-150x150.webp 150w, https:\/\/mountlaser.com\/wp-content\/uploads\/2025\/10\/QPPS-5-768x768.webp 768w, https:\/\/mountlaser.com\/wp-content\/uploads\/2025\/10\/QPPS-5-12x12.webp 12w\" sizes=\"(max-width: 500px) 100vw, 500px\" \/><\/p>\n<p>La caracter\u00edstica distintiva del tr\u00edpode es su sistema de abrazadera de liberaci\u00f3n r\u00e1pida, que permite un despliegue r\u00e1pido y un bloqueo seguro de las patas telesc\u00f3picas. Combinado con el cabezal de tijera de libre movimiento, este... <a href=\"https:\/\/mountlaser.com\/es\/products\/\"><strong>Tr\u00edpode de aluminio con abrazadera<\/strong><\/a> Ofrece una flexibilidad de ajuste inigualable y un posicionamiento preciso del instrumento. Con un impresionante rango de extensi\u00f3n de 120 cm, se adapta a diversas alturas de trabajo, manteniendo la estabilidad gracias a su robusta construcci\u00f3n de di\u00e1metro exterior de 18\/25 mm. El paquete completo incluye un estuche protector blando y una caja interior, ideal para su transporte y almacenamiento.<\/p>","protected":false},"excerpt":{"rendered":"<ul>\n<li>Mecanismo de abrazadera de liberaci\u00f3n r\u00e1pida para un despliegue r\u00e1pido y un bloqueo seguro<\/li>\n<li>Admite mini prismas con postes, postes de prisma y miras niveladoras.<\/li>\n<li>Construcci\u00f3n de aluminio ligero con alta relaci\u00f3n resistencia-peso.<\/li>\n<li>Rango de extensi\u00f3n de 120 cm con sistema de tope de patas telesc\u00f3picas<\/li>\n<\/ul>","protected":false},"featured_media":2907,"comment_status":"open","ping_status":"closed","template":"","meta":[],"product_brand":[],"product_cat":[91,107],"product_tag":[],"class_list":{"0":"post-2906","1":"product","2":"type-product","3":"status-publish","4":"has-post-thumbnail","6":"product_cat-bipod-tripod","7":"product_cat-aluminum-pole-tripod","9":"first","10":"instock","11":"shipping-taxable","12":"product-type-simple"},"_links":{"self":[{"href":"https:\/\/mountlaser.com\/es\/wp-json\/wp\/v2\/product\/2906","targetHints":{"allow":["GET"]}}],"collection":[{"href":"https:\/\/mountlaser.com\/es\/wp-json\/wp\/v2\/product"}],"about":[{"href":"https:\/\/mountlaser.com\/es\/wp-json\/wp\/v2\/types\/product"}],"replies":[{"embeddable":true,"href":"https:\/\/mountlaser.com\/es\/wp-json\/wp\/v2\/comments?post=2906"}],"wp:featuredmedia":[{"embeddable":true,"href":"https:\/\/mountlaser.com\/es\/wp-json\/wp\/v2\/media\/2907"}],"wp:attachment":[{"href":"https:\/\/mountlaser.com\/es\/wp-json\/wp\/v2\/media?parent=2906"}],"wp:term":[{"taxonomy":"product_brand","embeddable":true,"href":"https:\/\/mountlaser.com\/es\/wp-json\/wp\/v2\/product_brand?post=2906"},{"taxonomy":"product_cat","embeddable":true,"href":"https:\/\/mountlaser.com\/es\/wp-json\/wp\/v2\/product_cat?post=2906"},{"taxonomy":"product_tag","embeddable":true,"href":"https:\/\/mountlaser.com\/es\/wp-json\/wp\/v2\/product_tag?post=2906"}],"curies":[{"name":"wp","href":"https:\/\/api.w.org\/{rel}","templated":true}]}}