{"id":2899,"date":"2025-10-24T07:49:14","date_gmt":"2025-10-24T07:49:14","guid":{"rendered":"https:\/\/mountlaser.com\/?post_type=product&#038;p=2899"},"modified":"2025-11-28T05:20:44","modified_gmt":"2025-11-28T05:20:44","slug":"cpps-aluminum-pole-tripod","status":"publish","type":"product","link":"https:\/\/mountlaser.com\/es\/producto\/cpps-aluminum-pole-tripod\/","title":{"rendered":"Tr\u00edpode de poste de aluminio CPPS"},"content":{"rendered":"<p>El tr\u00edpode de aluminio CPPS es un sistema de soporte de calidad profesional dise\u00f1ado espec\u00edficamente para aplicaciones topogr\u00e1ficas. Este vers\u00e1til... <a href=\"https:\/\/mountlaser.com\/es\/about-us\/\"><strong>Tr\u00edpode de aluminio con prisma<\/strong><\/a> Proporciona una estabilizaci\u00f3n fiable para miniprismas con bastones, bastones de prisma est\u00e1ndar y miras niveladoras. Fabricado en aleaci\u00f3n de aluminio de alta calidad, este tr\u00edpode de aluminio con bastones de prisma mantiene un equilibrio \u00f3ptimo entre ligereza, portabilidad y durabilidad excepcional, garantizando un rendimiento duradero en condiciones de campo exigentes.<\/p>\n<p>El tr\u00edpode cuenta con un cabezal tipo tijera de libre movimiento que permite ajustes suaves y un posicionamiento preciso de los instrumentos de medici\u00f3n. Gracias a su pr\u00e1ctico sistema de topes telesc\u00f3picos, las patas se extienden y se bloquean de forma segura, proporcionando un soporte estable en diversos terrenos. El mecanismo de bloqueo por compresi\u00f3n garantiza un montaje r\u00e1pido y un funcionamiento fiable. Para facilitar su transporte y almacenamiento, el juego completo incluye un estuche protector blando y una caja interior, lo que convierte a este tr\u00edpode de aluminio con jal\u00f3n prism\u00e1tico en el compa\u00f1ero ideal para top\u00f3grafos en movimiento.<\/p>\n<p><strong><a href=\"https:\/\/mountlaser.com\/es\/contact-us\/\">Tr\u00edpode de poste de aluminio CPPS<\/a>:<\/strong><\/p>\n<p>EXTENSI\u00d3N:60cm<\/p>\n<p>DI\u00c1METRO:DE 18\/25mm<\/p>\n<p>BLOQUEO:Compresi\u00f3n<\/p>\n<p>&nbsp;<\/p>\n<p><img fetchpriority=\"high\" decoding=\"async\" class=\"aligncenter wp-image-2901\" src=\"https:\/\/mountlaser.com\/wp-content\/uploads\/2025\/10\/CPPS-2.webp\" alt=\"Aluminum Prism Pole Tripod\" width=\"500\" height=\"500\" srcset=\"https:\/\/mountlaser.com\/wp-content\/uploads\/2025\/10\/CPPS-2.webp 1000w, https:\/\/mountlaser.com\/wp-content\/uploads\/2025\/10\/CPPS-2-300x300.webp 300w, https:\/\/mountlaser.com\/wp-content\/uploads\/2025\/10\/CPPS-2-400x400.webp 400w, https:\/\/mountlaser.com\/wp-content\/uploads\/2025\/10\/CPPS-2-800x800.webp 800w, https:\/\/mountlaser.com\/wp-content\/uploads\/2025\/10\/CPPS-2-600x600.webp 600w, https:\/\/mountlaser.com\/wp-content\/uploads\/2025\/10\/CPPS-2-150x150.webp 150w, https:\/\/mountlaser.com\/wp-content\/uploads\/2025\/10\/CPPS-2-768x768.webp 768w, https:\/\/mountlaser.com\/wp-content\/uploads\/2025\/10\/CPPS-2-12x12.webp 12w\" sizes=\"(max-width: 500px) 100vw, 500px\" \/><\/p>","protected":false},"excerpt":{"rendered":"<ul>\n<li>Proporciona soporte estable para mini prismas con postes, postes de prisma y miras niveladoras.<\/li>\n<li>Construcci\u00f3n de aluminio ligero con alta relaci\u00f3n resistencia-peso.<\/li>\n<li>Patas telesc\u00f3picas con sistema de bloqueo de compresi\u00f3n para un posicionamiento seguro<\/li>\n<\/ul>","protected":false},"featured_media":2902,"comment_status":"open","ping_status":"closed","template":"","meta":[],"product_brand":[],"product_cat":[91,107],"product_tag":[],"class_list":{"0":"post-2899","1":"product","2":"type-product","3":"status-publish","4":"has-post-thumbnail","6":"product_cat-bipod-tripod","7":"product_cat-aluminum-pole-tripod","9":"first","10":"instock","11":"shipping-taxable","12":"product-type-simple"},"_links":{"self":[{"href":"https:\/\/mountlaser.com\/es\/wp-json\/wp\/v2\/product\/2899","targetHints":{"allow":["GET"]}}],"collection":[{"href":"https:\/\/mountlaser.com\/es\/wp-json\/wp\/v2\/product"}],"about":[{"href":"https:\/\/mountlaser.com\/es\/wp-json\/wp\/v2\/types\/product"}],"replies":[{"embeddable":true,"href":"https:\/\/mountlaser.com\/es\/wp-json\/wp\/v2\/comments?post=2899"}],"wp:featuredmedia":[{"embeddable":true,"href":"https:\/\/mountlaser.com\/es\/wp-json\/wp\/v2\/media\/2902"}],"wp:attachment":[{"href":"https:\/\/mountlaser.com\/es\/wp-json\/wp\/v2\/media?parent=2899"}],"wp:term":[{"taxonomy":"product_brand","embeddable":true,"href":"https:\/\/mountlaser.com\/es\/wp-json\/wp\/v2\/product_brand?post=2899"},{"taxonomy":"product_cat","embeddable":true,"href":"https:\/\/mountlaser.com\/es\/wp-json\/wp\/v2\/product_cat?post=2899"},{"taxonomy":"product_tag","embeddable":true,"href":"https:\/\/mountlaser.com\/es\/wp-json\/wp\/v2\/product_tag?post=2899"}],"curies":[{"name":"wp","href":"https:\/\/api.w.org\/{rel}","templated":true}]}}