{"id":2878,"date":"2025-10-23T08:18:04","date_gmt":"2025-10-23T08:18:04","guid":{"rendered":"https:\/\/mountlaser.com\/?post_type=product&#038;p=2878"},"modified":"2025-11-28T05:24:11","modified_gmt":"2025-11-28T05:24:11","slug":"tps02-sl-triangle-prism-support","status":"publish","type":"product","link":"https:\/\/mountlaser.com\/es\/producto\/tps02-sl-triangle-prism-support\/","title":{"rendered":"TPS02-SL Soporte de prisma triangular"},"content":{"rendered":"<p>Garantice una precisi\u00f3n superior en aplicaciones de topograf\u00eda a baja altura con el l\u00e1ser de montaje <a href=\"https:\/\/mountlaser.com\/es\/\"><strong>Soporte de prisma triangular TPS02-SL<\/strong><\/a>. Este accesorio de dise\u00f1o profesional proporciona una estabilidad excepcional para su prisma en situaciones donde las varas est\u00e1ndar resultan poco pr\u00e1cticas. Fabricado \u00edntegramente en acero inoxidable resistente, el TPS02-SL est\u00e1 dise\u00f1ado para soportar las exigentes condiciones del lugar de trabajo y ofrecer un rendimiento fiable.<\/p>\n<p>El <a href=\"https:\/\/mountlaser.com\/es\/about-us\/\"><strong>Soporte para mini prisma triangular<\/strong> <\/a>El soporte con dos burbujas largas cuenta con un avanzado sistema de nivelaci\u00f3n con dos burbujas largas y precisas que permiten una alineaci\u00f3n precisa en m\u00faltiples ejes. Esta caracter\u00edstica crucial, combinada con dos tornillos de base ajustables, permite a los top\u00f3grafos lograr una nivelaci\u00f3n perfecta de forma r\u00e1pida y eficiente en terrenos irregulares. Su robusta construcci\u00f3n de acero inoxidable garantiza una larga durabilidad, lo que convierte a este soporte en un compa\u00f1ero confiable para todas sus tareas de topograf\u00eda a baja altura.<\/p>\n<p><img fetchpriority=\"high\" decoding=\"async\" class=\"aligncenter wp-image-2883\" src=\"https:\/\/mountlaser.com\/wp-content\/uploads\/2025\/10\/TPS02-AL5.webp\" alt=\"TPS02-SL Triangle prism support\" width=\"500\" height=\"500\" srcset=\"https:\/\/mountlaser.com\/wp-content\/uploads\/2025\/10\/TPS02-AL5.webp 1000w, https:\/\/mountlaser.com\/wp-content\/uploads\/2025\/10\/TPS02-AL5-300x300.webp 300w, https:\/\/mountlaser.com\/wp-content\/uploads\/2025\/10\/TPS02-AL5-400x400.webp 400w, https:\/\/mountlaser.com\/wp-content\/uploads\/2025\/10\/TPS02-AL5-800x800.webp 800w, https:\/\/mountlaser.com\/wp-content\/uploads\/2025\/10\/TPS02-AL5-600x600.webp 600w, https:\/\/mountlaser.com\/wp-content\/uploads\/2025\/10\/TPS02-AL5-150x150.webp 150w, https:\/\/mountlaser.com\/wp-content\/uploads\/2025\/10\/TPS02-AL5-768x768.webp 768w, https:\/\/mountlaser.com\/wp-content\/uploads\/2025\/10\/TPS02-AL5-12x12.webp 12w\" sizes=\"(max-width: 500px) 100vw, 500px\" \/><\/p>\n<p>Como vers\u00e1til <a href=\"https:\/\/mountlaser.com\/es\/contact-us\/\">Soporte para mini prisma triangular<\/a> Con dos burbujas largas, el soporte de prisma triangular TPS02-SL destaca en diversas aplicaciones, como topograf\u00eda de detalle, dise\u00f1o de obra y otras mediciones de precisi\u00f3n a nivel del suelo. La rosca suiza garantiza una compatibilidad segura con su equipo topogr\u00e1fico, lo que le brinda tranquilidad durante las mediciones cr\u00edticas. Elija este mini soporte de prisma triangular de calidad profesional con dos burbujas largas para obtener una precisi\u00f3n y fiabilidad inigualables en sus proyectos topogr\u00e1ficos.<\/p>","protected":false},"excerpt":{"rendered":"<p>\u2022 Cuenta con dos tornillos de pie ajustables para una nivelaci\u00f3n f\u00e1cil y precisa<br \/>\n\u2022 Incorpora dos burbujas largas para una alineaci\u00f3n precisa de m\u00faltiples ejes<br \/>\n\u2022 Construido con acero inoxidable duradero para una vida \u00fatil prolongada.<br \/>\n\u2022 Utiliza hilo suizo para una compatibilidad segura con los equipos.<\/p>","protected":false},"featured_media":2882,"comment_status":"open","ping_status":"closed","template":"","meta":[],"product_brand":[],"product_cat":[106,91],"product_tag":[],"class_list":{"0":"post-2878","1":"product","2":"type-product","3":"status-publish","4":"has-post-thumbnail","6":"product_cat-triangle-prism-support","7":"product_cat-bipod-tripod","9":"first","10":"instock","11":"shipping-taxable","12":"product-type-simple"},"_links":{"self":[{"href":"https:\/\/mountlaser.com\/es\/wp-json\/wp\/v2\/product\/2878","targetHints":{"allow":["GET"]}}],"collection":[{"href":"https:\/\/mountlaser.com\/es\/wp-json\/wp\/v2\/product"}],"about":[{"href":"https:\/\/mountlaser.com\/es\/wp-json\/wp\/v2\/types\/product"}],"replies":[{"embeddable":true,"href":"https:\/\/mountlaser.com\/es\/wp-json\/wp\/v2\/comments?post=2878"}],"wp:featuredmedia":[{"embeddable":true,"href":"https:\/\/mountlaser.com\/es\/wp-json\/wp\/v2\/media\/2882"}],"wp:attachment":[{"href":"https:\/\/mountlaser.com\/es\/wp-json\/wp\/v2\/media?parent=2878"}],"wp:term":[{"taxonomy":"product_brand","embeddable":true,"href":"https:\/\/mountlaser.com\/es\/wp-json\/wp\/v2\/product_brand?post=2878"},{"taxonomy":"product_cat","embeddable":true,"href":"https:\/\/mountlaser.com\/es\/wp-json\/wp\/v2\/product_cat?post=2878"},{"taxonomy":"product_tag","embeddable":true,"href":"https:\/\/mountlaser.com\/es\/wp-json\/wp\/v2\/product_tag?post=2878"}],"curies":[{"name":"wp","href":"https:\/\/api.w.org\/{rel}","templated":true}]}}