{"id":2830,"date":"2025-10-21T08:03:40","date_gmt":"2025-10-21T08:03:40","guid":{"rendered":"https:\/\/mountlaser.com\/?post_type=product&#038;p=2830"},"modified":"2025-12-01T09:00:41","modified_gmt":"2025-12-01T09:00:41","slug":"pb640rl-corner-cube-prism-with-canister","status":"publish","type":"product","link":"https:\/\/mountlaser.com\/es\/producto\/pb640rl-corner-cube-prism-with-canister\/","title":{"rendered":"Prisma c\u00fabico de esquina PB640RL con recipiente"},"content":{"rendered":"<p>El Mountlaser <a href=\"https:\/\/mountlaser.com\/es\/categoria-producto\/reflective-target-prism\/\"><strong>Prisma c\u00fabico de esquina PB640RL con recipiente<\/strong><\/a> Es una soluci\u00f3n innovadora para topograf\u00eda con poca luz y alta visibilidad. Este innovador prisma c\u00fabico de esquina PB640RL con cartucho integra una luz brillante y altamente visible en un prisma rojo est\u00e1ndar de 64 mm, creando la herramienta definitiva para una eficiencia operativa 24\/7.<\/p>\n<p>Como reemplazo directo de los prismas est\u00e1ndar, este iluminado <a href=\"https:\/\/mountlaser.com\/es\/\">Prisma c\u00fabico de esquina PB640RL con recipiente<\/a> Garantiza que su objetivo permanezca inequ\u00edvocamente n\u00edtido al amanecer, al anochecer, en operaciones nocturnas o en entornos urbanos con alta densidad de tr\u00e1fico. El robusto cartucho met\u00e1lico protege la \u00f3ptica y la electr\u00f3nica de precisi\u00f3n, ofreciendo una durabilidad inigualable.<\/p>\n<p><img fetchpriority=\"high\" decoding=\"async\" class=\"aligncenter wp-image-2833\" src=\"https:\/\/mountlaser.com\/wp-content\/uploads\/2025\/10\/PB640RL-4.webp\" alt=\"PB640RL Corner Cube Prism With Canister \" width=\"500\" height=\"500\" srcset=\"https:\/\/mountlaser.com\/wp-content\/uploads\/2025\/10\/PB640RL-4.webp 1000w, https:\/\/mountlaser.com\/wp-content\/uploads\/2025\/10\/PB640RL-4-300x300.webp 300w, https:\/\/mountlaser.com\/wp-content\/uploads\/2025\/10\/PB640RL-4-400x400.webp 400w, https:\/\/mountlaser.com\/wp-content\/uploads\/2025\/10\/PB640RL-4-800x800.webp 800w, https:\/\/mountlaser.com\/wp-content\/uploads\/2025\/10\/PB640RL-4-600x600.webp 600w, https:\/\/mountlaser.com\/wp-content\/uploads\/2025\/10\/PB640RL-4-150x150.webp 150w, https:\/\/mountlaser.com\/wp-content\/uploads\/2025\/10\/PB640RL-4-768x768.webp 768w, https:\/\/mountlaser.com\/wp-content\/uploads\/2025\/10\/PB640RL-4-12x12.webp 12w\" sizes=\"(max-width: 500px) 100vw, 500px\" \/><\/p>\n<p>Nunca pierdas de vista <a href=\"https:\/\/mountlaser.com\/es\/contact-us\/\">tu objetivo<\/a> Vuelva a ampliar los l\u00edmites de cu\u00e1ndo y d\u00f3nde puede realizar mediciones con este sistema de prisma iluminado todo en uno.<\/p>","protected":false},"excerpt":{"rendered":"<ul>\n<li>Sistema de iluminaci\u00f3n integrado: cuenta con una luz incorporada de alta intensidad que hace que el prisma sea muy visible en condiciones de poca luz, lo que permite horas de trabajo prolongadas.<\/li>\n<li>Carcasa roja de alta visibilidad: el distintivo color rojo proporciona un excelente contraste y una f\u00e1cil identificaci\u00f3n durante las operaciones diurnas.<\/li>\n<\/ul>","protected":false},"featured_media":2831,"comment_status":"open","ping_status":"closed","template":"","meta":[],"product_brand":[],"product_cat":[105,72],"product_tag":[],"class_list":{"0":"post-2830","1":"product","2":"type-product","3":"status-publish","4":"has-post-thumbnail","6":"product_cat-corner-cube-prisms","7":"product_cat-reflective-target-prism","9":"first","10":"instock","11":"shipping-taxable","12":"product-type-simple"},"_links":{"self":[{"href":"https:\/\/mountlaser.com\/es\/wp-json\/wp\/v2\/product\/2830","targetHints":{"allow":["GET"]}}],"collection":[{"href":"https:\/\/mountlaser.com\/es\/wp-json\/wp\/v2\/product"}],"about":[{"href":"https:\/\/mountlaser.com\/es\/wp-json\/wp\/v2\/types\/product"}],"replies":[{"embeddable":true,"href":"https:\/\/mountlaser.com\/es\/wp-json\/wp\/v2\/comments?post=2830"}],"wp:featuredmedia":[{"embeddable":true,"href":"https:\/\/mountlaser.com\/es\/wp-json\/wp\/v2\/media\/2831"}],"wp:attachment":[{"href":"https:\/\/mountlaser.com\/es\/wp-json\/wp\/v2\/media?parent=2830"}],"wp:term":[{"taxonomy":"product_brand","embeddable":true,"href":"https:\/\/mountlaser.com\/es\/wp-json\/wp\/v2\/product_brand?post=2830"},{"taxonomy":"product_cat","embeddable":true,"href":"https:\/\/mountlaser.com\/es\/wp-json\/wp\/v2\/product_cat?post=2830"},{"taxonomy":"product_tag","embeddable":true,"href":"https:\/\/mountlaser.com\/es\/wp-json\/wp\/v2\/product_tag?post=2830"}],"curies":[{"name":"wp","href":"https:\/\/api.w.org\/{rel}","templated":true}]}}