{"id":2714,"date":"2025-10-17T08:12:34","date_gmt":"2025-10-17T08:12:34","guid":{"rendered":"https:\/\/mountlaser.com\/?post_type=product&#038;p=2714"},"modified":"2025-11-28T06:31:36","modified_gmt":"2025-11-28T06:31:36","slug":"gph3-triple-prism-assembly","status":"publish","type":"product","link":"https:\/\/mountlaser.com\/es\/producto\/gph3-triple-prism-assembly\/","title":{"rendered":"Conjunto de prisma triple GPH3"},"content":{"rendered":"<p>Experimente lo m\u00e1s destacado de la ingenier\u00eda \u00f3ptica con el <a href=\"https:\/\/mountlaser.com\/es\/\"><strong>Conjunto de prisma triple GPH3<\/strong><\/a>, una prima <a href=\"https:\/\/mountlaser.com\/es\/about-us\/\"><strong>Conjunto de prisma triple de estilo suizo<\/strong> <\/a>Reconocido por su excepcional precisi\u00f3n y construcci\u00f3n robusta.<\/p>\n<p><img fetchpriority=\"high\" decoding=\"async\" class=\"aligncenter wp-image-2716\" src=\"https:\/\/mountlaser.com\/wp-content\/uploads\/2025\/10\/GPH3-2.webp\" alt=\"Swiss-Style Triple Prism Assembly\" width=\"500\" height=\"500\" srcset=\"https:\/\/mountlaser.com\/wp-content\/uploads\/2025\/10\/GPH3-2.webp 1000w, https:\/\/mountlaser.com\/wp-content\/uploads\/2025\/10\/GPH3-2-300x300.webp 300w, https:\/\/mountlaser.com\/wp-content\/uploads\/2025\/10\/GPH3-2-400x400.webp 400w, https:\/\/mountlaser.com\/wp-content\/uploads\/2025\/10\/GPH3-2-800x800.webp 800w, https:\/\/mountlaser.com\/wp-content\/uploads\/2025\/10\/GPH3-2-600x600.webp 600w, https:\/\/mountlaser.com\/wp-content\/uploads\/2025\/10\/GPH3-2-150x150.webp 150w, https:\/\/mountlaser.com\/wp-content\/uploads\/2025\/10\/GPH3-2-768x768.webp 768w, https:\/\/mountlaser.com\/wp-content\/uploads\/2025\/10\/GPH3-2-12x12.webp 12w\" sizes=\"(max-width: 500px) 100vw, 500px\" \/><\/p>\n<p>Opciones de precisi\u00f3n superior: equipado con tres prismas de 64 mm de alta precisi\u00f3n, ofrece una flexibilidad incomparable con una opci\u00f3n de 2, 3-4 o 5-8 segundos de precisi\u00f3n para satisfacer los requisitos de cualquier proyecto.<\/p>\n<p>Montaje duradero y estable: los prismas est\u00e1n montados de forma segura en un soporte de nailon resistente, lo que proporciona una excelente resistencia al impacto y estabilidad a largo plazo.<\/p>\n<p>Desplazamiento suizo real: presenta un desplazamiento constante de 0 mm (el desplazamiento suizo caracter\u00edstico), lo que simplifica los c\u00e1lculos y mejora la consistencia de la medici\u00f3n.<\/p>\n<p>Recubrimiento de prisma avanzado: incluye un prisma recubierto de cobre est\u00e1ndar, con la opci\u00f3n de un prisma doble recubierto de cobre de alto rendimiento con un revestimiento azul para un retorno de se\u00f1al \u00f3ptimo en diversas condiciones.<\/p>\n<p>Protecci\u00f3n completa: cada unidad viene con un estuche de transporte duradero, lo que garantiza que su inversi\u00f3n est\u00e9 protegida durante el transporte y el almacenamiento.<\/p>","protected":false},"excerpt":{"rendered":"<ul>\n<li>El GPH3 representa el est\u00e1ndar de oro para un conjunto de prisma triple estilo suizo, que combina una precisi\u00f3n incomparable.<\/li>\n<li>Es la opci\u00f3n definitiva para proyectos de alto riesgo en levantamiento topogr\u00e1fico.<\/li>\n<li>Monitoreo de deformaciones e ingenier\u00eda de precisi\u00f3n donde el m\u00e1s alto nivel de confiabilidad de los datos no es negociable.<\/li>\n<\/ul>","protected":false},"featured_media":2715,"comment_status":"open","ping_status":"closed","template":"","meta":[],"product_brand":[],"product_cat":[72,103],"product_tag":[],"class_list":{"0":"post-2714","1":"product","2":"type-product","3":"status-publish","4":"has-post-thumbnail","6":"product_cat-reflective-target-prism","7":"product_cat-prism-assembly","9":"first","10":"instock","11":"shipping-taxable","12":"product-type-simple"},"_links":{"self":[{"href":"https:\/\/mountlaser.com\/es\/wp-json\/wp\/v2\/product\/2714","targetHints":{"allow":["GET"]}}],"collection":[{"href":"https:\/\/mountlaser.com\/es\/wp-json\/wp\/v2\/product"}],"about":[{"href":"https:\/\/mountlaser.com\/es\/wp-json\/wp\/v2\/types\/product"}],"replies":[{"embeddable":true,"href":"https:\/\/mountlaser.com\/es\/wp-json\/wp\/v2\/comments?post=2714"}],"wp:featuredmedia":[{"embeddable":true,"href":"https:\/\/mountlaser.com\/es\/wp-json\/wp\/v2\/media\/2715"}],"wp:attachment":[{"href":"https:\/\/mountlaser.com\/es\/wp-json\/wp\/v2\/media?parent=2714"}],"wp:term":[{"taxonomy":"product_brand","embeddable":true,"href":"https:\/\/mountlaser.com\/es\/wp-json\/wp\/v2\/product_brand?post=2714"},{"taxonomy":"product_cat","embeddable":true,"href":"https:\/\/mountlaser.com\/es\/wp-json\/wp\/v2\/product_cat?post=2714"},{"taxonomy":"product_tag","embeddable":true,"href":"https:\/\/mountlaser.com\/es\/wp-json\/wp\/v2\/product_tag?post=2714"}],"curies":[{"name":"wp","href":"https:\/\/api.w.org\/{rel}","templated":true}]}}