{"id":2699,"date":"2025-10-17T07:21:28","date_gmt":"2025-10-17T07:21:28","guid":{"rendered":"https:\/\/mountlaser.com\/?post_type=product&#038;p=2699"},"modified":"2025-11-28T06:38:19","modified_gmt":"2025-11-28T06:38:19","slug":"c34b-triple-prism-assembly","status":"publish","type":"product","link":"https:\/\/mountlaser.com\/es\/producto\/c34b-triple-prism-assembly\/","title":{"rendered":"Conjunto de prisma triple C34B"},"content":{"rendered":"<p>Dos modelos distintos codificados por colores para una f\u00e1cil identificaci\u00f3n y gesti\u00f3n del proyecto: el<a href=\"https:\/\/mountlaser.com\/es\/\"><strong> Conjunto de prisma triple C34B-YY<\/strong><\/a> (Amarillo-Amarillo) y el conjunto de prisma triple C34B-RR (Rojo-Rojo), lo que garantiza que tenga la herramienta adecuada para su flujo de trabajo espec\u00edfico y los requisitos de su equipo.<\/p>\n<p><a href=\"https:\/\/mountlaser.com\/es\/products\/\"><strong>Conjunto de prisma triple C34B<\/strong><\/a> Equipado con tres prismas de 64 mm de alta calidad, este conjunto garantiza un retorno de se\u00f1al fiable y una consistencia de medici\u00f3n excepcional. Ofrece una precisi\u00f3n de 2 o 3-4 segundos, lo que permite a los profesionales seleccionar el modelo ideal seg\u00fan las exigencias de precisi\u00f3n de su proyecto.<\/p>\n<p><img fetchpriority=\"high\" decoding=\"async\" class=\"wp-image-2704 aligncenter\" src=\"https:\/\/mountlaser.com\/wp-content\/uploads\/2025\/10\/C34B-RR-2.webp\" alt=\"C34B Triple Prism Assembly\" width=\"500\" height=\"500\" srcset=\"https:\/\/mountlaser.com\/wp-content\/uploads\/2025\/10\/C34B-RR-2.webp 1000w, https:\/\/mountlaser.com\/wp-content\/uploads\/2025\/10\/C34B-RR-2-300x300.webp 300w, https:\/\/mountlaser.com\/wp-content\/uploads\/2025\/10\/C34B-RR-2-400x400.webp 400w, https:\/\/mountlaser.com\/wp-content\/uploads\/2025\/10\/C34B-RR-2-800x800.webp 800w, https:\/\/mountlaser.com\/wp-content\/uploads\/2025\/10\/C34B-RR-2-600x600.webp 600w, https:\/\/mountlaser.com\/wp-content\/uploads\/2025\/10\/C34B-RR-2-150x150.webp 150w, https:\/\/mountlaser.com\/wp-content\/uploads\/2025\/10\/C34B-RR-2-768x768.webp 768w, https:\/\/mountlaser.com\/wp-content\/uploads\/2025\/10\/C34B-RR-2-12x12.webp 12w\" sizes=\"(max-width: 500px) 100vw, 500px\" \/><\/p>\n<p>Compatibilidad universal: El adaptador hembra de acero inoxidable integrado de 5\/8\u2033-11 garantiza un ajuste seguro y universal en cualquier poste o adaptador de prisma est\u00e1ndar de 5\/8\u2033-11, lo que proporciona una integraci\u00f3n perfecta con su equipo de topograf\u00eda existente.<\/p>\n<p>Configuraci\u00f3n flexible: con una altura de eje de inclinaci\u00f3n de 100 mm y la opci\u00f3n de un desplazamiento de 0 mm o -30 mm, el conjunto de prisma triple C34B ofrece la adaptabilidad necesaria para abordar tareas topogr\u00e1ficas complejas, desde dise\u00f1os de construcci\u00f3n intrincados hasta alineaciones a\u00e9reas.<\/p>","protected":false},"excerpt":{"rendered":"<ul>\n<li>Dise\u00f1ado para soportar los rigores del uso diario en los lugares de trabajo, el conjunto viene completo con una bolsa de transporte protectora.<\/li>\n<li>Garantizando un transporte y almacenamiento seguros para su valiosa inversi\u00f3n.<\/li>\n<li>Ya sea que elija el conjunto de prisma triple C34B-YY de alta visibilidad o el conjunto de prisma triple C34B-RR<\/li>\n<\/ul>","protected":false},"featured_media":2700,"comment_status":"open","ping_status":"closed","template":"","meta":[],"product_brand":[],"product_cat":[72,103],"product_tag":[],"class_list":{"0":"post-2699","1":"product","2":"type-product","3":"status-publish","4":"has-post-thumbnail","6":"product_cat-reflective-target-prism","7":"product_cat-prism-assembly","9":"first","10":"instock","11":"shipping-taxable","12":"product-type-simple"},"_links":{"self":[{"href":"https:\/\/mountlaser.com\/es\/wp-json\/wp\/v2\/product\/2699","targetHints":{"allow":["GET"]}}],"collection":[{"href":"https:\/\/mountlaser.com\/es\/wp-json\/wp\/v2\/product"}],"about":[{"href":"https:\/\/mountlaser.com\/es\/wp-json\/wp\/v2\/types\/product"}],"replies":[{"embeddable":true,"href":"https:\/\/mountlaser.com\/es\/wp-json\/wp\/v2\/comments?post=2699"}],"wp:featuredmedia":[{"embeddable":true,"href":"https:\/\/mountlaser.com\/es\/wp-json\/wp\/v2\/media\/2700"}],"wp:attachment":[{"href":"https:\/\/mountlaser.com\/es\/wp-json\/wp\/v2\/media?parent=2699"}],"wp:term":[{"taxonomy":"product_brand","embeddable":true,"href":"https:\/\/mountlaser.com\/es\/wp-json\/wp\/v2\/product_brand?post=2699"},{"taxonomy":"product_cat","embeddable":true,"href":"https:\/\/mountlaser.com\/es\/wp-json\/wp\/v2\/product_cat?post=2699"},{"taxonomy":"product_tag","embeddable":true,"href":"https:\/\/mountlaser.com\/es\/wp-json\/wp\/v2\/product_tag?post=2699"}],"curies":[{"name":"wp","href":"https:\/\/api.w.org\/{rel}","templated":true}]}}