{"id":2684,"date":"2025-10-16T09:19:22","date_gmt":"2025-10-16T09:19:22","guid":{"rendered":"https:\/\/mountlaser.com\/?post_type=product&#038;p=2684"},"modified":"2025-11-28T06:40:43","modified_gmt":"2025-11-28T06:40:43","slug":"z14ue-prism-assembly","status":"publish","type":"product","link":"https:\/\/mountlaser.com\/es\/producto\/z14ue-prism-assembly\/","title":{"rendered":"Conjunto de prisma Z14UE"},"content":{"rendered":"<p>Z14UE <a href=\"https:\/\/mountlaser.com\/es\/\"><strong>Conjunto de prisma ensanchado<\/strong><\/a>:Estabilidad inigualable para topograf\u00eda de precisi\u00f3n<\/p>\n<p>Experimente el siguiente nivel de estabilidad topogr\u00e1fica con el <strong><a href=\"https:\/\/mountlaser.com\/es\/products\/\">Conjunto de prisma Z14UE<\/a>y<\/strong>, un excepcional conjunto de prismas met\u00e1licos de gran ensanchamiento dise\u00f1ado para condiciones de campo exigentes.<\/p>\n<p>&nbsp;<\/p>\n<p><img fetchpriority=\"high\" decoding=\"async\" class=\"aligncenter wp-image-2688\" src=\"https:\/\/mountlaser.com\/wp-content\/uploads\/2025\/10\/Z14UE-BY-4.webp\" alt=\"Widened Prism Assembly \" width=\"500\" height=\"500\" srcset=\"https:\/\/mountlaser.com\/wp-content\/uploads\/2025\/10\/Z14UE-BY-4.webp 1000w, https:\/\/mountlaser.com\/wp-content\/uploads\/2025\/10\/Z14UE-BY-4-300x300.webp 300w, https:\/\/mountlaser.com\/wp-content\/uploads\/2025\/10\/Z14UE-BY-4-400x400.webp 400w, https:\/\/mountlaser.com\/wp-content\/uploads\/2025\/10\/Z14UE-BY-4-800x800.webp 800w, https:\/\/mountlaser.com\/wp-content\/uploads\/2025\/10\/Z14UE-BY-4-600x600.webp 600w, https:\/\/mountlaser.com\/wp-content\/uploads\/2025\/10\/Z14UE-BY-4-150x150.webp 150w, https:\/\/mountlaser.com\/wp-content\/uploads\/2025\/10\/Z14UE-BY-4-768x768.webp 768w, https:\/\/mountlaser.com\/wp-content\/uploads\/2025\/10\/Z14UE-BY-4-12x12.webp 12w\" sizes=\"(max-width: 500px) 100vw, 500px\" \/><\/p>\n<p>Este conjunto de prisma ensanchado de estilo japon\u00e9s est\u00e1 meticulosamente dise\u00f1ado para ofrecer un rendimiento superior gracias a su dise\u00f1o innovador. Est\u00e1 disponible en dos modelos distintivos con c\u00f3digo de color de alta visibilidad: el conjunto de prisma Z14UE-BR (Grande-Rojo) y el conjunto de prisma Z14UE-RY (Grande-Amarillo), lo que garantiza una f\u00e1cil identificaci\u00f3n y una gesti\u00f3n eficiente del flujo de trabajo en cualquier obra.<\/p>","protected":false},"excerpt":{"rendered":"<ul>\n<li>La base de este conjunto de prisma ensanchado es su base ancha de dise\u00f1o \u00fanico.<\/li>\n<li>Este gran conjunto de prisma met\u00e1lico ensanchado reduce dr\u00e1sticamente el balanceo y mejora la rigidez general, lo que genera una adquisici\u00f3n de datos m\u00e1s confiable.<\/li>\n<li>Construcci\u00f3n robusta y configuraci\u00f3n flexible<\/li>\n<\/ul>","protected":false},"featured_media":2686,"comment_status":"open","ping_status":"closed","template":"","meta":[],"product_brand":[],"product_cat":[72,103],"product_tag":[],"class_list":{"0":"post-2684","1":"product","2":"type-product","3":"status-publish","4":"has-post-thumbnail","6":"product_cat-reflective-target-prism","7":"product_cat-prism-assembly","9":"first","10":"instock","11":"shipping-taxable","12":"product-type-simple"},"_links":{"self":[{"href":"https:\/\/mountlaser.com\/es\/wp-json\/wp\/v2\/product\/2684","targetHints":{"allow":["GET"]}}],"collection":[{"href":"https:\/\/mountlaser.com\/es\/wp-json\/wp\/v2\/product"}],"about":[{"href":"https:\/\/mountlaser.com\/es\/wp-json\/wp\/v2\/types\/product"}],"replies":[{"embeddable":true,"href":"https:\/\/mountlaser.com\/es\/wp-json\/wp\/v2\/comments?post=2684"}],"wp:featuredmedia":[{"embeddable":true,"href":"https:\/\/mountlaser.com\/es\/wp-json\/wp\/v2\/media\/2686"}],"wp:attachment":[{"href":"https:\/\/mountlaser.com\/es\/wp-json\/wp\/v2\/media?parent=2684"}],"wp:term":[{"taxonomy":"product_brand","embeddable":true,"href":"https:\/\/mountlaser.com\/es\/wp-json\/wp\/v2\/product_brand?post=2684"},{"taxonomy":"product_cat","embeddable":true,"href":"https:\/\/mountlaser.com\/es\/wp-json\/wp\/v2\/product_cat?post=2684"},{"taxonomy":"product_tag","embeddable":true,"href":"https:\/\/mountlaser.com\/es\/wp-json\/wp\/v2\/product_tag?post=2684"}],"curies":[{"name":"wp","href":"https:\/\/api.w.org\/{rel}","templated":true}]}}