{"id":2676,"date":"2025-10-16T09:09:21","date_gmt":"2025-10-16T09:09:21","guid":{"rendered":"https:\/\/mountlaser.com\/?post_type=product&#038;p=2676"},"modified":"2025-11-28T06:42:40","modified_gmt":"2025-11-28T06:42:40","slug":"z14sk-prism-assembly","status":"publish","type":"product","link":"https:\/\/mountlaser.com\/es\/producto\/z14sk-prism-assembly\/","title":{"rendered":"Conjunto de prisma Z14SK"},"content":{"rendered":"<p><a href=\"https:\/\/mountlaser.com\/es\/about-us\/\"><strong>Nuevo juego de prismas met\u00e1licos Z14SK<\/strong><\/a>:La durabilidad se une a la precisi\u00f3n<\/p>\n<p>Mejore sus capacidades de topograf\u00eda con el<a href=\"https:\/\/mountlaser.com\/es\/\"><strong> Conjunto de prisma Z14SK<\/strong><\/a>, Un robusto conjunto de prismas de metal nuevo de estilo japon\u00e9s, dise\u00f1ado para ofrecer resistencia y precisi\u00f3n en los entornos m\u00e1s exigentes. Este conjunto est\u00e1 dise\u00f1ado para proporcionar a los top\u00f3grafos una herramienta fiable y duradera, disponible en dos opciones de color de alta visibilidad para una f\u00e1cil identificaci\u00f3n: el conjunto de prismas Z14SK-RR (rojo-rojo) y el conjunto de prismas Z14SK-YY (amarillo-amarillo).<\/p>\n<p>&nbsp;<\/p>\n<p><img fetchpriority=\"high\" decoding=\"async\" class=\"wp-image-2681 aligncenter\" src=\"https:\/\/mountlaser.com\/wp-content\/uploads\/2025\/10\/Z14SK-RR-1.webp\" alt=\"New Metal Prism Set \" width=\"500\" height=\"500\" srcset=\"https:\/\/mountlaser.com\/wp-content\/uploads\/2025\/10\/Z14SK-RR-1.webp 1000w, https:\/\/mountlaser.com\/wp-content\/uploads\/2025\/10\/Z14SK-RR-1-300x300.webp 300w, https:\/\/mountlaser.com\/wp-content\/uploads\/2025\/10\/Z14SK-RR-1-400x400.webp 400w, https:\/\/mountlaser.com\/wp-content\/uploads\/2025\/10\/Z14SK-RR-1-800x800.webp 800w, https:\/\/mountlaser.com\/wp-content\/uploads\/2025\/10\/Z14SK-RR-1-600x600.webp 600w, https:\/\/mountlaser.com\/wp-content\/uploads\/2025\/10\/Z14SK-RR-1-150x150.webp 150w, https:\/\/mountlaser.com\/wp-content\/uploads\/2025\/10\/Z14SK-RR-1-768x768.webp 768w, https:\/\/mountlaser.com\/wp-content\/uploads\/2025\/10\/Z14SK-RR-1-12x12.webp 12w\" sizes=\"(max-width: 500px) 100vw, 500px\" \/><\/p>\n<p>Como nuevo juego de prismas met\u00e1licos premium, el Z14SK est\u00e1 equipado con un prisma de precisi\u00f3n de 64 mm, que ofrece m\u00faltiples opciones de precisi\u00f3n (2\u2033, 3-4\u2033 o 5-8\u2033) para satisfacer las diversas necesidades de diversos proyectos, desde redes de control de alta precisi\u00f3n hasta el dise\u00f1o general de la construcci\u00f3n. Su principal ventaja reside en la rosca hembra integrada de acero inoxidable de 5\/8\u2033-11, que garantiza total compatibilidad con los prismas y adaptadores est\u00e1ndar, a la vez que proporciona una resistencia superior a la corrosi\u00f3n y al desgaste.<\/p>","protected":false},"excerpt":{"rendered":"<ul>\n<li>La codificaci\u00f3n de colores distintiva ayuda a evitar confusiones en el sitio, mejorando la eficiencia del equipo.<\/li>\n<li>Entregado con una pr\u00e1ctica bolsa de transporte, este completo juego de prismas de metal nuevo est\u00e1 totalmente equipado para un transporte seguro y un almacenamiento organizado.<\/li>\n<li>Garantizamos que su inversi\u00f3n est\u00e9 protegida y siempre lista para la acci\u00f3n.<\/li>\n<\/ul>","protected":false},"featured_media":2677,"comment_status":"open","ping_status":"closed","template":"","meta":[],"product_brand":[],"product_cat":[72,103],"product_tag":[],"class_list":{"0":"post-2676","1":"product","2":"type-product","3":"status-publish","4":"has-post-thumbnail","6":"product_cat-reflective-target-prism","7":"product_cat-prism-assembly","9":"first","10":"instock","11":"shipping-taxable","12":"product-type-simple"},"_links":{"self":[{"href":"https:\/\/mountlaser.com\/es\/wp-json\/wp\/v2\/product\/2676","targetHints":{"allow":["GET"]}}],"collection":[{"href":"https:\/\/mountlaser.com\/es\/wp-json\/wp\/v2\/product"}],"about":[{"href":"https:\/\/mountlaser.com\/es\/wp-json\/wp\/v2\/types\/product"}],"replies":[{"embeddable":true,"href":"https:\/\/mountlaser.com\/es\/wp-json\/wp\/v2\/comments?post=2676"}],"wp:featuredmedia":[{"embeddable":true,"href":"https:\/\/mountlaser.com\/es\/wp-json\/wp\/v2\/media\/2677"}],"wp:attachment":[{"href":"https:\/\/mountlaser.com\/es\/wp-json\/wp\/v2\/media?parent=2676"}],"wp:term":[{"taxonomy":"product_brand","embeddable":true,"href":"https:\/\/mountlaser.com\/es\/wp-json\/wp\/v2\/product_brand?post=2676"},{"taxonomy":"product_cat","embeddable":true,"href":"https:\/\/mountlaser.com\/es\/wp-json\/wp\/v2\/product_cat?post=2676"},{"taxonomy":"product_tag","embeddable":true,"href":"https:\/\/mountlaser.com\/es\/wp-json\/wp\/v2\/product_tag?post=2676"}],"curies":[{"name":"wp","href":"https:\/\/api.w.org\/{rel}","templated":true}]}}