{"id":2668,"date":"2025-10-16T08:59:36","date_gmt":"2025-10-16T08:59:36","guid":{"rendered":"https:\/\/mountlaser.com\/?post_type=product&#038;p=2668"},"modified":"2025-11-28T06:43:47","modified_gmt":"2025-11-28T06:43:47","slug":"z14pt-prism-assembly","status":"publish","type":"product","link":"https:\/\/mountlaser.com\/es\/producto\/z14pt-prism-assembly\/","title":{"rendered":"Conjunto de prisma Z14PT"},"content":{"rendered":"<p><a href=\"https:\/\/mountlaser.com\/es\/\"><strong>Conjunto de prisma Z14PT<\/strong><\/a>:El conjunto de prismas de alta precisi\u00f3n definitivo<\/p>\n<p>Mejore su trabajo topogr\u00e1fico con el conjunto de prismas Z14PT, un instrumento premium de estilo japon\u00e9s dise\u00f1ado para aplicaciones donde el margen de error m\u00e1s peque\u00f1o es crucial. Este producto est\u00e1 meticulosamente dise\u00f1ado para ser un verdadero... <a href=\"https:\/\/mountlaser.com\/es\/about-us\/\"><strong>Conjunto de prismas de alta precisi\u00f3n<\/strong><\/a>, Ofrece precisi\u00f3n y fiabilidad inigualables para tareas de medici\u00f3n cr\u00edticas. Es la opci\u00f3n ideal para top\u00f3grafos que exigen la m\u00e1xima integridad de datos en sus equipos.<\/p>\n<p><img fetchpriority=\"high\" decoding=\"async\" class=\"aligncenter wp-image-2673\" src=\"https:\/\/mountlaser.com\/wp-content\/uploads\/2025\/10\/Z14PT-5.webp\" alt=\"High Precision Prism Assembly\" width=\"500\" height=\"500\" srcset=\"https:\/\/mountlaser.com\/wp-content\/uploads\/2025\/10\/Z14PT-5.webp 1000w, https:\/\/mountlaser.com\/wp-content\/uploads\/2025\/10\/Z14PT-5-300x300.webp 300w, https:\/\/mountlaser.com\/wp-content\/uploads\/2025\/10\/Z14PT-5-400x400.webp 400w, https:\/\/mountlaser.com\/wp-content\/uploads\/2025\/10\/Z14PT-5-800x800.webp 800w, https:\/\/mountlaser.com\/wp-content\/uploads\/2025\/10\/Z14PT-5-600x600.webp 600w, https:\/\/mountlaser.com\/wp-content\/uploads\/2025\/10\/Z14PT-5-150x150.webp 150w, https:\/\/mountlaser.com\/wp-content\/uploads\/2025\/10\/Z14PT-5-768x768.webp 768w, https:\/\/mountlaser.com\/wp-content\/uploads\/2025\/10\/Z14PT-5-12x12.webp 12w\" sizes=\"(max-width: 500px) 100vw, 500px\" \/><\/p>\n<p>La base de este conjunto es un prisma superior de 64 mm, disponible con niveles de precisi\u00f3n seleccionables de 2\u2033, 3-4\u2033 o 5-8\u2033. Esta flexibilidad le permite especificar el nivel exacto de precisi\u00f3n requerido para su proyecto, desde el establecimiento de redes de control primario hasta dise\u00f1os de ingenier\u00eda precisos. Dise\u00f1ado para un rendimiento duradero, el conjunto de prisma Z14PT cuenta con un robusto adaptador de acero inoxidable con una rosca hembra est\u00e1ndar de 5\/8\u2033-11, lo que garantiza una compatibilidad universal y un ajuste seguro en todos los jalones topogr\u00e1ficos comunes.<\/p>","protected":false},"excerpt":{"rendered":"<ul>\n<li>Con un desplazamiento est\u00e1ndar de 0 mm, el conjunto es perfectamente adecuado para una amplia gama de aplicaciones de topograf\u00eda general y de precisi\u00f3n.<\/li>\n<li>Cada unidad se suministra con una bolsa protectora de transporte.<\/li>\n<li>Garantizamos que el conjunto de prismas Z14PT permanezca a salvo de da\u00f1os durante el transporte y el almacenamiento, listo para su implementaci\u00f3n en cualquier momento.<\/li>\n<\/ul>","protected":false},"featured_media":2672,"comment_status":"open","ping_status":"closed","template":"","meta":[],"product_brand":[],"product_cat":[72,103],"product_tag":[],"class_list":{"0":"post-2668","1":"product","2":"type-product","3":"status-publish","4":"has-post-thumbnail","6":"product_cat-reflective-target-prism","7":"product_cat-prism-assembly","9":"first","10":"instock","11":"shipping-taxable","12":"product-type-simple"},"_links":{"self":[{"href":"https:\/\/mountlaser.com\/es\/wp-json\/wp\/v2\/product\/2668","targetHints":{"allow":["GET"]}}],"collection":[{"href":"https:\/\/mountlaser.com\/es\/wp-json\/wp\/v2\/product"}],"about":[{"href":"https:\/\/mountlaser.com\/es\/wp-json\/wp\/v2\/types\/product"}],"replies":[{"embeddable":true,"href":"https:\/\/mountlaser.com\/es\/wp-json\/wp\/v2\/comments?post=2668"}],"wp:featuredmedia":[{"embeddable":true,"href":"https:\/\/mountlaser.com\/es\/wp-json\/wp\/v2\/media\/2672"}],"wp:attachment":[{"href":"https:\/\/mountlaser.com\/es\/wp-json\/wp\/v2\/media?parent=2668"}],"wp:term":[{"taxonomy":"product_brand","embeddable":true,"href":"https:\/\/mountlaser.com\/es\/wp-json\/wp\/v2\/product_brand?post=2668"},{"taxonomy":"product_cat","embeddable":true,"href":"https:\/\/mountlaser.com\/es\/wp-json\/wp\/v2\/product_cat?post=2668"},{"taxonomy":"product_tag","embeddable":true,"href":"https:\/\/mountlaser.com\/es\/wp-json\/wp\/v2\/product_tag?post=2668"}],"curies":[{"name":"wp","href":"https:\/\/api.w.org\/{rel}","templated":true}]}}