{"id":2661,"date":"2025-10-16T08:52:50","date_gmt":"2025-10-16T08:52:50","guid":{"rendered":"https:\/\/mountlaser.com\/?post_type=product&#038;p=2661"},"modified":"2025-11-28T06:44:48","modified_gmt":"2025-11-28T06:44:48","slug":"z14bs-prism-assembly","status":"publish","type":"product","link":"https:\/\/mountlaser.com\/es\/producto\/z14bs-prism-assembly\/","title":{"rendered":"Conjunto de prisma Z14BS"},"content":{"rendered":"<p><a href=\"https:\/\/mountlaser.com\/es\/\"><strong>Conjunto de prisma Z14BS de 30 mm<\/strong><\/a>:Precisi\u00f3n con compensaci\u00f3n intencionada<\/p>\n<p>Dise\u00f1ado para tareas topogr\u00e1ficas exigentes, el conjunto de prisma Z14BS es un conjunto de prisma de 30 mm de estilo japon\u00e9s de alta calidad que ofrece flexibilidad y precisi\u00f3n inquebrantable. Este conjunto est\u00e1 dise\u00f1ado para afrontar retos de medici\u00f3n donde las compensaciones est\u00e1ndar resultan insuficientes. Est\u00e1 disponible en dos c\u00f3digos de color distintivos de alta visibilidad: el conjunto de prisma Z14BS-RG (rojo-verde) y el<a href=\"https:\/\/mountlaser.com\/es\/products\/\"><strong> Conjunto de prisma Z14BS-RR<\/strong><\/a> (Rojo-Rojo), lo que facilita la identificaci\u00f3n y gesti\u00f3n de herramientas para las tripulaciones en el sitio.<\/p>\n<p><img fetchpriority=\"high\" decoding=\"async\" class=\"aligncenter wp-image-2664\" src=\"https:\/\/mountlaser.com\/wp-content\/uploads\/2025\/10\/Z14BS-RG-5.webp\" alt=\"-30mm Prism Assembly\" width=\"500\" height=\"500\" srcset=\"https:\/\/mountlaser.com\/wp-content\/uploads\/2025\/10\/Z14BS-RG-5.webp 1000w, https:\/\/mountlaser.com\/wp-content\/uploads\/2025\/10\/Z14BS-RG-5-300x300.webp 300w, https:\/\/mountlaser.com\/wp-content\/uploads\/2025\/10\/Z14BS-RG-5-400x400.webp 400w, https:\/\/mountlaser.com\/wp-content\/uploads\/2025\/10\/Z14BS-RG-5-800x800.webp 800w, https:\/\/mountlaser.com\/wp-content\/uploads\/2025\/10\/Z14BS-RG-5-600x600.webp 600w, https:\/\/mountlaser.com\/wp-content\/uploads\/2025\/10\/Z14BS-RG-5-150x150.webp 150w, https:\/\/mountlaser.com\/wp-content\/uploads\/2025\/10\/Z14BS-RG-5-768x768.webp 768w, https:\/\/mountlaser.com\/wp-content\/uploads\/2025\/10\/Z14BS-RG-5-12x12.webp 12w\" sizes=\"(max-width: 500px) 100vw, 500px\" \/><\/p>\n<p>El n\u00facleo de este robusto conjunto es un prisma de precisi\u00f3n de 64 mm, disponible con niveles de precisi\u00f3n opcionales de 2\u2033, 3-4\u2033 o 5-8\u2033. Esto le permite seleccionar el grado de precisi\u00f3n perfecto para todo tipo de aplicaciones, desde redes altamente controladas hasta dise\u00f1os de construcci\u00f3n generales. Dise\u00f1ado para una larga vida \u00fatil y fiabilidad, el conjunto de prisma Z14BS cuenta con un adaptador hembra de acero inoxidable de 5\/8\u2033-11, lo que garantiza una compatibilidad perfecta con todos los jalones y accesorios topogr\u00e1ficos est\u00e1ndar.<\/p>","protected":false},"excerpt":{"rendered":"<ul>\n<li>Fabricado en acero inoxidable resistente a la corrosi\u00f3n, el adaptador de 5\/8\u2033-11 garantiza una conexi\u00f3n segura a cualquier poste est\u00e1ndar.<\/li>\n<li>soportando los rigores del uso diario en el campo.<\/li>\n<li>La altura del eje de inclinaci\u00f3n de 100 mm proporciona una referencia de \u00e1ngulo constante y estable, un factor cr\u00edtico para una recopilaci\u00f3n de datos confiable.<\/li>\n<\/ul>","protected":false},"featured_media":2667,"comment_status":"open","ping_status":"closed","template":"","meta":[],"product_brand":[],"product_cat":[72,103],"product_tag":[],"class_list":{"0":"post-2661","1":"product","2":"type-product","3":"status-publish","4":"has-post-thumbnail","6":"product_cat-reflective-target-prism","7":"product_cat-prism-assembly","9":"first","10":"instock","11":"shipping-taxable","12":"product-type-simple"},"_links":{"self":[{"href":"https:\/\/mountlaser.com\/es\/wp-json\/wp\/v2\/product\/2661","targetHints":{"allow":["GET"]}}],"collection":[{"href":"https:\/\/mountlaser.com\/es\/wp-json\/wp\/v2\/product"}],"about":[{"href":"https:\/\/mountlaser.com\/es\/wp-json\/wp\/v2\/types\/product"}],"replies":[{"embeddable":true,"href":"https:\/\/mountlaser.com\/es\/wp-json\/wp\/v2\/comments?post=2661"}],"wp:featuredmedia":[{"embeddable":true,"href":"https:\/\/mountlaser.com\/es\/wp-json\/wp\/v2\/media\/2667"}],"wp:attachment":[{"href":"https:\/\/mountlaser.com\/es\/wp-json\/wp\/v2\/media?parent=2661"}],"wp:term":[{"taxonomy":"product_brand","embeddable":true,"href":"https:\/\/mountlaser.com\/es\/wp-json\/wp\/v2\/product_brand?post=2661"},{"taxonomy":"product_cat","embeddable":true,"href":"https:\/\/mountlaser.com\/es\/wp-json\/wp\/v2\/product_cat?post=2661"},{"taxonomy":"product_tag","embeddable":true,"href":"https:\/\/mountlaser.com\/es\/wp-json\/wp\/v2\/product_tag?post=2661"}],"curies":[{"name":"wp","href":"https:\/\/api.w.org\/{rel}","templated":true}]}}