{"id":2654,"date":"2025-10-16T08:22:59","date_gmt":"2025-10-16T08:22:59","guid":{"rendered":"https:\/\/mountlaser.com\/?post_type=product&#038;p=2654"},"modified":"2025-11-28T06:46:17","modified_gmt":"2025-11-28T06:46:17","slug":"z14uc-prism-assembly","status":"publish","type":"product","link":"https:\/\/mountlaser.com\/es\/producto\/z14uc-prism-assembly\/","title":{"rendered":"Conjunto de prisma Z14UC"},"content":{"rendered":"<p><a href=\"https:\/\/mountlaser.com\/es\/\"><strong>Conjunto de prisma Z14UC<\/strong><\/a>: De primera calidad <a href=\"https:\/\/mountlaser.com\/es\/products\/\"><strong>Juego de prismas de inclinaci\u00f3n simple<\/strong><\/a> para una precisi\u00f3n superior<\/p>\n<p>Presentamos el conjunto de prismas Z14UC, un conjunto de prismas de una sola inclinaci\u00f3n de estilo japon\u00e9s de alta calidad, dise\u00f1ado para top\u00f3grafos que no sacrifican precisi\u00f3n ni durabilidad. Este conjunto se ofrece en dos variantes de color distintivas y de alta visibilidad: el conjunto de prismas Z14UC-YG (Y). La codificaci\u00f3n de color distintiva del conjunto de prismas Z14UC-YG y el conjunto de prismas Z14UC-YY optimiza el flujo de trabajo para equipos que utilizan m\u00faltiples configuraciones.<\/p>\n<p>Junto con una bolsa de transporte protectora, este juego de prismas de inclinaci\u00f3n simple est\u00e1 perfectamente equipado para un almacenamiento organizado y un f\u00e1cil transporte entre lugares de trabajo.amarillo-verde) y el conjunto de prismas Z14UC-YY (amarillo-amarillo), lo que permite una identificaci\u00f3n y organizaci\u00f3n sin esfuerzo en cualquier lugar de trabajo.<\/p>\n<p><img fetchpriority=\"high\" decoding=\"async\" class=\"aligncenter wp-image-2658\" src=\"https:\/\/mountlaser.com\/wp-content\/uploads\/2025\/10\/Z14UC-YG-1.webp\" alt=\"Single Tilt Prism Set\" width=\"500\" height=\"500\" srcset=\"https:\/\/mountlaser.com\/wp-content\/uploads\/2025\/10\/Z14UC-YG-1.webp 1000w, https:\/\/mountlaser.com\/wp-content\/uploads\/2025\/10\/Z14UC-YG-1-300x300.webp 300w, https:\/\/mountlaser.com\/wp-content\/uploads\/2025\/10\/Z14UC-YG-1-400x400.webp 400w, https:\/\/mountlaser.com\/wp-content\/uploads\/2025\/10\/Z14UC-YG-1-800x800.webp 800w, https:\/\/mountlaser.com\/wp-content\/uploads\/2025\/10\/Z14UC-YG-1-600x600.webp 600w, https:\/\/mountlaser.com\/wp-content\/uploads\/2025\/10\/Z14UC-YG-1-150x150.webp 150w, https:\/\/mountlaser.com\/wp-content\/uploads\/2025\/10\/Z14UC-YG-1-768x768.webp 768w, https:\/\/mountlaser.com\/wp-content\/uploads\/2025\/10\/Z14UC-YG-1-12x12.webp 12w\" sizes=\"(max-width: 500px) 100vw, 500px\" \/><\/p>\n<p>Dise\u00f1ado para la excelencia, el n\u00facleo de este conjunto es un prisma de alta precisi\u00f3n de 64 mm. Ofrece rangos de precisi\u00f3n seleccionables de 2\u2033 o 3-4\u2033, lo que satisface las tareas de medici\u00f3n m\u00e1s exigentes que requieren el m\u00e1ximo nivel de precisi\u00f3n. Su robusta construcci\u00f3n incluye un adaptador de acero inoxidable con rosca hembra est\u00e1ndar de 5\/8\u2033-11, lo que garantiza resistencia a la corrosi\u00f3n y un ajuste perfecto con la mayor\u00eda de los jalones topogr\u00e1ficos comunes.<\/p>","protected":false},"excerpt":{"rendered":"<ul>\n<li>La codificaci\u00f3n de colores distintiva del conjunto de prisma Z14UC-YG y del conjunto de prisma Z14UC-YY agiliza el flujo de trabajo para los equipos que utilizan m\u00faltiples configuraciones.<\/li>\n<li>Se combina con una bolsa de transporte protectora.<\/li>\n<li>Este juego de prismas de inclinaci\u00f3n simple est\u00e1 perfectamente equipado para un almacenamiento organizado y un f\u00e1cil transporte entre lugares de trabajo.<\/li>\n<\/ul>","protected":false},"featured_media":2659,"comment_status":"open","ping_status":"closed","template":"","meta":[],"product_brand":[],"product_cat":[72,103],"product_tag":[],"class_list":{"0":"post-2654","1":"product","2":"type-product","3":"status-publish","4":"has-post-thumbnail","6":"product_cat-reflective-target-prism","7":"product_cat-prism-assembly","9":"first","10":"instock","11":"shipping-taxable","12":"product-type-simple"},"_links":{"self":[{"href":"https:\/\/mountlaser.com\/es\/wp-json\/wp\/v2\/product\/2654","targetHints":{"allow":["GET"]}}],"collection":[{"href":"https:\/\/mountlaser.com\/es\/wp-json\/wp\/v2\/product"}],"about":[{"href":"https:\/\/mountlaser.com\/es\/wp-json\/wp\/v2\/types\/product"}],"replies":[{"embeddable":true,"href":"https:\/\/mountlaser.com\/es\/wp-json\/wp\/v2\/comments?post=2654"}],"wp:featuredmedia":[{"embeddable":true,"href":"https:\/\/mountlaser.com\/es\/wp-json\/wp\/v2\/media\/2659"}],"wp:attachment":[{"href":"https:\/\/mountlaser.com\/es\/wp-json\/wp\/v2\/media?parent=2654"}],"wp:term":[{"taxonomy":"product_brand","embeddable":true,"href":"https:\/\/mountlaser.com\/es\/wp-json\/wp\/v2\/product_brand?post=2654"},{"taxonomy":"product_cat","embeddable":true,"href":"https:\/\/mountlaser.com\/es\/wp-json\/wp\/v2\/product_cat?post=2654"},{"taxonomy":"product_tag","embeddable":true,"href":"https:\/\/mountlaser.com\/es\/wp-json\/wp\/v2\/product_tag?post=2654"}],"curies":[{"name":"wp","href":"https:\/\/api.w.org\/{rel}","templated":true}]}}