{"id":2638,"date":"2025-10-16T08:05:14","date_gmt":"2025-10-16T08:05:14","guid":{"rendered":"https:\/\/mountlaser.com\/?post_type=product&#038;p=2638"},"modified":"2025-11-28T06:47:20","modified_gmt":"2025-11-28T06:47:20","slug":"z34b-prism-assembly","status":"publish","type":"product","link":"https:\/\/mountlaser.com\/es\/producto\/z34b-prism-assembly\/","title":{"rendered":"Conjunto de prisma Z34B"},"content":{"rendered":"<p>Mejore sus proyectos de topograf\u00eda con el<a href=\"https:\/\/mountlaser.com\/es\/\"><strong> Conjunto de prisma Z34B<\/strong><\/a>, Un sistema de triple prisma de estilo japon\u00e9s de alta precisi\u00f3n, dise\u00f1ado para aplicaciones exigentes. Este robusto conjunto ofrece una precisi\u00f3n y versatilidad excepcionales en el campo.<\/p>\n<p><a href=\"https:\/\/mountlaser.com\/es\/products\/\"><strong>Conjunto de prisma triple inclinable<\/strong><\/a> Su combinaci\u00f3n de \u00f3ptica de alto grado, capacidades vers\u00e1tiles de inclinaci\u00f3n y desplazamiento y una construcci\u00f3n robusta hacen del conjunto de prisma triple inclinable una herramienta indispensable para estudios topogr\u00e1ficos, dise\u00f1o de construcci\u00f3n y otras tareas de medici\u00f3n de precisi\u00f3n.<\/p>\n<p><img fetchpriority=\"high\" decoding=\"async\" class=\"wp-image-2693 aligncenter\" src=\"https:\/\/mountlaser.com\/wp-content\/uploads\/2025\/10\/Z34B-YY-2.webp\" alt=\"Tilting Triple Prism Assembly\" width=\"500\" height=\"500\" srcset=\"https:\/\/mountlaser.com\/wp-content\/uploads\/2025\/10\/Z34B-YY-2.webp 1000w, https:\/\/mountlaser.com\/wp-content\/uploads\/2025\/10\/Z34B-YY-2-300x300.webp 300w, https:\/\/mountlaser.com\/wp-content\/uploads\/2025\/10\/Z34B-YY-2-400x400.webp 400w, https:\/\/mountlaser.com\/wp-content\/uploads\/2025\/10\/Z34B-YY-2-800x800.webp 800w, https:\/\/mountlaser.com\/wp-content\/uploads\/2025\/10\/Z34B-YY-2-600x600.webp 600w, https:\/\/mountlaser.com\/wp-content\/uploads\/2025\/10\/Z34B-YY-2-150x150.webp 150w, https:\/\/mountlaser.com\/wp-content\/uploads\/2025\/10\/Z34B-YY-2-768x768.webp 768w, https:\/\/mountlaser.com\/wp-content\/uploads\/2025\/10\/Z34B-YY-2-12x12.webp 12w\" sizes=\"(max-width: 500px) 100vw, 500px\" \/><\/p>\n<p>Mount Laser ofrece el conjunto de prismas Z34B en dos modelos codificados por colores distintos para una f\u00e1cil identificaci\u00f3n: el <a href=\"https:\/\/mountlaser.com\/es\/contact-us\/\">Conjunto de prisma Z34B-YY<\/a> (Amarillo-Amarillo) y el conjunto de prisma Z34B-YY (Rojo-Amarillo), lo que garantiza que tenga la herramienta adecuada para sus requisitos de flujo de trabajo espec\u00edficos.<\/p>","protected":false},"excerpt":{"rendered":"<ul>\n<li>El adaptador hembra de acero inoxidable integrado de 5\/8\u2033-11 garantiza un ajuste seguro en cualquier poste o adaptador de prisma est\u00e1ndar de 5\/8\u2033-11<\/li>\n<li>garantizando una integraci\u00f3n perfecta con su equipo existente.<\/li>\n<li>El conjunto de prismas Z34B proporciona la adaptabilidad necesaria para abordar tareas de topograf\u00eda complejas, desde alineaciones a\u00e9reas hasta trabajos de dise\u00f1o intrincados.<\/li>\n<\/ul>","protected":false},"featured_media":2698,"comment_status":"open","ping_status":"closed","template":"","meta":[],"product_brand":[],"product_cat":[72,103],"product_tag":[],"class_list":{"0":"post-2638","1":"product","2":"type-product","3":"status-publish","4":"has-post-thumbnail","6":"product_cat-reflective-target-prism","7":"product_cat-prism-assembly","9":"first","10":"instock","11":"shipping-taxable","12":"product-type-simple"},"_links":{"self":[{"href":"https:\/\/mountlaser.com\/es\/wp-json\/wp\/v2\/product\/2638","targetHints":{"allow":["GET"]}}],"collection":[{"href":"https:\/\/mountlaser.com\/es\/wp-json\/wp\/v2\/product"}],"about":[{"href":"https:\/\/mountlaser.com\/es\/wp-json\/wp\/v2\/types\/product"}],"replies":[{"embeddable":true,"href":"https:\/\/mountlaser.com\/es\/wp-json\/wp\/v2\/comments?post=2638"}],"wp:featuredmedia":[{"embeddable":true,"href":"https:\/\/mountlaser.com\/es\/wp-json\/wp\/v2\/media\/2698"}],"wp:attachment":[{"href":"https:\/\/mountlaser.com\/es\/wp-json\/wp\/v2\/media?parent=2638"}],"wp:term":[{"taxonomy":"product_brand","embeddable":true,"href":"https:\/\/mountlaser.com\/es\/wp-json\/wp\/v2\/product_brand?post=2638"},{"taxonomy":"product_cat","embeddable":true,"href":"https:\/\/mountlaser.com\/es\/wp-json\/wp\/v2\/product_cat?post=2638"},{"taxonomy":"product_tag","embeddable":true,"href":"https:\/\/mountlaser.com\/es\/wp-json\/wp\/v2\/product_tag?post=2638"}],"curies":[{"name":"wp","href":"https:\/\/api.w.org\/{rel}","templated":true}]}}