{"id":2629,"date":"2025-10-14T09:27:02","date_gmt":"2025-10-14T09:27:02","guid":{"rendered":"https:\/\/mountlaser.com\/?post_type=product&#038;p=2629"},"modified":"2025-11-28T06:48:18","modified_gmt":"2025-11-28T06:48:18","slug":"z14ub-prism-assembly","status":"publish","type":"product","link":"https:\/\/mountlaser.com\/es\/producto\/z14ub-prism-assembly\/","title":{"rendered":"Conjunto de prisma Z14UB"},"content":{"rendered":"<p><a href=\"https:\/\/mountlaser.com\/es\/\">Z14UB <strong>Prisma de inclinaci\u00f3n simple totalmente met\u00e1lico<\/strong> <\/a>| Conjunto duradero de 64 mm para topograf\u00eda de precisi\u00f3n<\/p>\n<p>El <a href=\"https:\/\/mountlaser.com\/es\/products\/\"><strong>Conjunto de prisma Z14UB<\/strong><\/a> Se destaca como una soluci\u00f3n robusta y totalmente met\u00e1lica en el mundo de la topograf\u00eda de precisi\u00f3n. Este prisma de inclinaci\u00f3n simple, totalmente met\u00e1lico y de alta calidad, est\u00e1 dise\u00f1ado para ofrecer durabilidad y precisi\u00f3n, con un dise\u00f1o de estilo japon\u00e9s para soportar un uso intensivo en campo. Est\u00e1 disponible en dos modelos con c\u00f3digos de color distintos para una \u00f3ptima coordinaci\u00f3n del equipo y una f\u00e1cil identificaci\u00f3n: el conjunto de prisma Z14UB-YY (amarillo-amarillo) y el conjunto de prisma Z14UB-RO (rojo-naranja). Tanto si su equipo est\u00e1 equipado con el conjunto de prisma Z14UB-YY de alta visibilidad como con el Z14UB-RO, le garantizamos un rendimiento consistente y fiable.<\/p>\n<p><img fetchpriority=\"high\" decoding=\"async\" class=\"aligncenter wp-image-2633\" src=\"https:\/\/mountlaser.com\/wp-content\/uploads\/2025\/10\/Z14UB-RO-2.webp\" alt=\"All-Metal Single Tilt Prism \" width=\"500\" height=\"500\" srcset=\"https:\/\/mountlaser.com\/wp-content\/uploads\/2025\/10\/Z14UB-RO-2.webp 1000w, https:\/\/mountlaser.com\/wp-content\/uploads\/2025\/10\/Z14UB-RO-2-300x300.webp 300w, https:\/\/mountlaser.com\/wp-content\/uploads\/2025\/10\/Z14UB-RO-2-400x400.webp 400w, https:\/\/mountlaser.com\/wp-content\/uploads\/2025\/10\/Z14UB-RO-2-800x800.webp 800w, https:\/\/mountlaser.com\/wp-content\/uploads\/2025\/10\/Z14UB-RO-2-600x600.webp 600w, https:\/\/mountlaser.com\/wp-content\/uploads\/2025\/10\/Z14UB-RO-2-150x150.webp 150w, https:\/\/mountlaser.com\/wp-content\/uploads\/2025\/10\/Z14UB-RO-2-768x768.webp 768w, https:\/\/mountlaser.com\/wp-content\/uploads\/2025\/10\/Z14UB-RO-2-12x12.webp 12w\" sizes=\"(max-width: 500px) 100vw, 500px\" \/><\/p>\n<p>Dise\u00f1ado en torno a un <a href=\"https:\/\/mountlaser.com\/es\/contact-us\/\">prisma de precisi\u00f3n de 64 mm<\/a>, Este conjunto ofrece el rendimiento \u00f3ptico excepcional necesario para tareas de medici\u00f3n cr\u00edticas, lo que lo convierte en una herramienta indispensable para la construcci\u00f3n, la ingenier\u00eda y los estudios topogr\u00e1ficos.<\/p>","protected":false},"excerpt":{"rendered":"<ul>\n<li>Posicionamiento vers\u00e1til: admite desplazamientos de 0 mm y -30 mm y se suministra con una altura de eje de inclinaci\u00f3n de 100 mm para una configuraci\u00f3n flexible y precisa en diversos escenarios.<\/li>\n<li>Listo para usar en campo: viene con un pr\u00e1ctico estuche de transporte para una implementaci\u00f3n inmediata y protecci\u00f3n confiable durante el transporte y el almacenamiento.<\/li>\n<\/ul>","protected":false},"featured_media":2630,"comment_status":"open","ping_status":"closed","template":"","meta":[],"product_brand":[],"product_cat":[103,72],"product_tag":[],"class_list":{"0":"post-2629","1":"product","2":"type-product","3":"status-publish","4":"has-post-thumbnail","6":"product_cat-prism-assembly","7":"product_cat-reflective-target-prism","9":"first","10":"instock","11":"shipping-taxable","12":"product-type-simple"},"_links":{"self":[{"href":"https:\/\/mountlaser.com\/es\/wp-json\/wp\/v2\/product\/2629","targetHints":{"allow":["GET"]}}],"collection":[{"href":"https:\/\/mountlaser.com\/es\/wp-json\/wp\/v2\/product"}],"about":[{"href":"https:\/\/mountlaser.com\/es\/wp-json\/wp\/v2\/types\/product"}],"replies":[{"embeddable":true,"href":"https:\/\/mountlaser.com\/es\/wp-json\/wp\/v2\/comments?post=2629"}],"wp:featuredmedia":[{"embeddable":true,"href":"https:\/\/mountlaser.com\/es\/wp-json\/wp\/v2\/media\/2630"}],"wp:attachment":[{"href":"https:\/\/mountlaser.com\/es\/wp-json\/wp\/v2\/media?parent=2629"}],"wp:term":[{"taxonomy":"product_brand","embeddable":true,"href":"https:\/\/mountlaser.com\/es\/wp-json\/wp\/v2\/product_brand?post=2629"},{"taxonomy":"product_cat","embeddable":true,"href":"https:\/\/mountlaser.com\/es\/wp-json\/wp\/v2\/product_cat?post=2629"},{"taxonomy":"product_tag","embeddable":true,"href":"https:\/\/mountlaser.com\/es\/wp-json\/wp\/v2\/product_tag?post=2629"}],"curies":[{"name":"wp","href":"https:\/\/api.w.org\/{rel}","templated":true}]}}