{"id":2622,"date":"2025-10-14T09:14:49","date_gmt":"2025-10-14T09:14:49","guid":{"rendered":"https:\/\/mountlaser.com\/?post_type=product&#038;p=2622"},"modified":"2025-11-28T06:49:44","modified_gmt":"2025-11-28T06:49:44","slug":"z14u-prism-assembly","status":"publish","type":"product","link":"https:\/\/mountlaser.com\/es\/producto\/z14u-prism-assembly\/","title":{"rendered":"Conjunto de prisma Z14U"},"content":{"rendered":"<p><a href=\"https:\/\/mountlaser.com\/es\/\"><strong>Conjunto de prisma Z14U<\/strong><\/a> Prisma de 64 mm de alta precisi\u00f3n para topograf\u00eda profesional<\/p>\n<p>El conjunto de prisma Z14U es un accesorio topogr\u00e1fico de alto rendimiento dise\u00f1ado para profesionales que requieren precisi\u00f3n inquebrantable y una construcci\u00f3n robusta. Este conjunto se ofrece en dos modelos con c\u00f3digos de color distintos para optimizar la identificaci\u00f3n en campo y el flujo de trabajo: el conjunto de prisma Z14U-RO (rojo-naranja) y el conjunto de prisma Z14U-YY (amarillo-amarillo). Ya sea que elija el modelo de alta visibilidad <a href=\"https:\/\/mountlaser.com\/es\/products\/\"><strong>Conjunto de prisma Z14U-RO<\/strong> <\/a>o el conjunto de prisma Z14U-YY, tiene la garant\u00eda de una herramienta construida seg\u00fan los m\u00e1s altos est\u00e1ndares.<\/p>\n<p><img fetchpriority=\"high\" decoding=\"async\" class=\"aligncenter wp-image-2623\" src=\"https:\/\/mountlaser.com\/wp-content\/uploads\/2025\/10\/Z14U-YY-1.webp\" alt=\"Z14U Prism Assmbly\" width=\"500\" height=\"500\" srcset=\"https:\/\/mountlaser.com\/wp-content\/uploads\/2025\/10\/Z14U-YY-1.webp 1000w, https:\/\/mountlaser.com\/wp-content\/uploads\/2025\/10\/Z14U-YY-1-300x300.webp 300w, https:\/\/mountlaser.com\/wp-content\/uploads\/2025\/10\/Z14U-YY-1-400x400.webp 400w, https:\/\/mountlaser.com\/wp-content\/uploads\/2025\/10\/Z14U-YY-1-800x800.webp 800w, https:\/\/mountlaser.com\/wp-content\/uploads\/2025\/10\/Z14U-YY-1-600x600.webp 600w, https:\/\/mountlaser.com\/wp-content\/uploads\/2025\/10\/Z14U-YY-1-150x150.webp 150w, https:\/\/mountlaser.com\/wp-content\/uploads\/2025\/10\/Z14U-YY-1-768x768.webp 768w, https:\/\/mountlaser.com\/wp-content\/uploads\/2025\/10\/Z14U-YY-1-12x12.webp 12w\" sizes=\"(max-width: 500px) 100vw, 500px\" \/><\/p>\n<p>Dise\u00f1ado con un prisma de precisi\u00f3n de 64 mm, este conjunto es capaz de realizar las tareas de medici\u00f3n m\u00e1s exigentes, proporcionando datos fiables en diversas obras topogr\u00e1ficas y de construcci\u00f3n. Su dise\u00f1o duradero garantiza un rendimiento duradero, lo que lo convierte en una opci\u00f3n fiable para el uso diario.<\/p>\n<p><img decoding=\"async\" class=\"aligncenter wp-image-2627\" src=\"https:\/\/mountlaser.com\/wp-content\/uploads\/2025\/10\/Z14U-RO-2.webp\" alt=\"Z14U Prism Assmbly\" width=\"500\" height=\"500\" srcset=\"https:\/\/mountlaser.com\/wp-content\/uploads\/2025\/10\/Z14U-RO-2.webp 800w, https:\/\/mountlaser.com\/wp-content\/uploads\/2025\/10\/Z14U-RO-2-300x300.webp 300w, https:\/\/mountlaser.com\/wp-content\/uploads\/2025\/10\/Z14U-RO-2-400x400.webp 400w, https:\/\/mountlaser.com\/wp-content\/uploads\/2025\/10\/Z14U-RO-2-600x600.webp 600w, https:\/\/mountlaser.com\/wp-content\/uploads\/2025\/10\/Z14U-RO-2-150x150.webp 150w, https:\/\/mountlaser.com\/wp-content\/uploads\/2025\/10\/Z14U-RO-2-768x768.webp 768w, https:\/\/mountlaser.com\/wp-content\/uploads\/2025\/10\/Z14U-RO-2-12x12.webp 12w\" sizes=\"(max-width: 500px) 100vw, 500px\" \/><\/p>","protected":false},"excerpt":{"rendered":"<ul>\n<li>Cuenta con un desplazamiento de prisma seleccionable de 0 mm o -30 mm y una altura de eje de inclinaci\u00f3n de 100 mm para una configuraci\u00f3n vers\u00e1til y una orientaci\u00f3n precisa.<\/li>\n<li>Portabilidad completa: incluye una bolsa de transporte duradera para una protecci\u00f3n superior y un f\u00e1cil transporte de la unidad entre lugares de trabajo.<\/li>\n<\/ul>","protected":false},"featured_media":2625,"comment_status":"open","ping_status":"closed","template":"","meta":[],"product_brand":[],"product_cat":[103,72],"product_tag":[],"class_list":{"0":"post-2622","1":"product","2":"type-product","3":"status-publish","4":"has-post-thumbnail","6":"product_cat-prism-assembly","7":"product_cat-reflective-target-prism","9":"first","10":"instock","11":"shipping-taxable","12":"product-type-simple"},"_links":{"self":[{"href":"https:\/\/mountlaser.com\/es\/wp-json\/wp\/v2\/product\/2622","targetHints":{"allow":["GET"]}}],"collection":[{"href":"https:\/\/mountlaser.com\/es\/wp-json\/wp\/v2\/product"}],"about":[{"href":"https:\/\/mountlaser.com\/es\/wp-json\/wp\/v2\/types\/product"}],"replies":[{"embeddable":true,"href":"https:\/\/mountlaser.com\/es\/wp-json\/wp\/v2\/comments?post=2622"}],"wp:featuredmedia":[{"embeddable":true,"href":"https:\/\/mountlaser.com\/es\/wp-json\/wp\/v2\/media\/2625"}],"wp:attachment":[{"href":"https:\/\/mountlaser.com\/es\/wp-json\/wp\/v2\/media?parent=2622"}],"wp:term":[{"taxonomy":"product_brand","embeddable":true,"href":"https:\/\/mountlaser.com\/es\/wp-json\/wp\/v2\/product_brand?post=2622"},{"taxonomy":"product_cat","embeddable":true,"href":"https:\/\/mountlaser.com\/es\/wp-json\/wp\/v2\/product_cat?post=2622"},{"taxonomy":"product_tag","embeddable":true,"href":"https:\/\/mountlaser.com\/es\/wp-json\/wp\/v2\/product_tag?post=2622"}],"curies":[{"name":"wp","href":"https:\/\/api.w.org\/{rel}","templated":true}]}}