{"id":2615,"date":"2025-10-14T08:56:06","date_gmt":"2025-10-14T08:56:06","guid":{"rendered":"https:\/\/mountlaser.com\/?post_type=product&#038;p=2615"},"modified":"2025-11-28T06:50:47","modified_gmt":"2025-11-28T06:50:47","slug":"z14b-prism-assembly","status":"publish","type":"product","link":"https:\/\/mountlaser.com\/es\/producto\/z14b-prism-assembly\/","title":{"rendered":"Conjunto de prisma Z14B"},"content":{"rendered":"<p>El <a href=\"https:\/\/mountlaser.com\/es\/about-us\/\"><strong>Conjunto de prisma Z14B<\/strong><\/a> Es un conjunto de prisma reflector de precisi\u00f3n, dise\u00f1ado para top\u00f3grafos que buscan precisi\u00f3n y durabilidad. Este conjunto de prisma reflector de alta calidad est\u00e1 construido sobre un prisma superior de 64 mm y est\u00e1 disponible en dos modelos distintos con c\u00f3digo de colores para facilitar su identificaci\u00f3n en campo: el conjunto de prisma Z14B-YY (amarillo-amarillo) y el conjunto de prisma Z14B-YW (amarillo-blanco). Una caracter\u00edstica clave es su dise\u00f1o f\u00e1cil de usar, que permite su f\u00e1cil reemplazo por el prisma C14B-YY, lo que prolonga la vida \u00fatil del producto y reduce los costos a largo plazo.<\/p>\n<p><img fetchpriority=\"high\" decoding=\"async\" class=\"aligncenter wp-image-2619\" src=\"https:\/\/mountlaser.com\/wp-content\/uploads\/2025\/10\/Z15UB-YY-2-1.webp\" alt=\"Reflector Prism Assembly\" width=\"500\" height=\"500\" srcset=\"https:\/\/mountlaser.com\/wp-content\/uploads\/2025\/10\/Z15UB-YY-2-1.webp 1000w, https:\/\/mountlaser.com\/wp-content\/uploads\/2025\/10\/Z15UB-YY-2-1-300x300.webp 300w, https:\/\/mountlaser.com\/wp-content\/uploads\/2025\/10\/Z15UB-YY-2-1-400x400.webp 400w, https:\/\/mountlaser.com\/wp-content\/uploads\/2025\/10\/Z15UB-YY-2-1-800x800.webp 800w, https:\/\/mountlaser.com\/wp-content\/uploads\/2025\/10\/Z15UB-YY-2-1-600x600.webp 600w, https:\/\/mountlaser.com\/wp-content\/uploads\/2025\/10\/Z15UB-YY-2-1-150x150.webp 150w, https:\/\/mountlaser.com\/wp-content\/uploads\/2025\/10\/Z15UB-YY-2-1-768x768.webp 768w, https:\/\/mountlaser.com\/wp-content\/uploads\/2025\/10\/Z15UB-YY-2-1-12x12.webp 12w\" sizes=\"(max-width: 500px) 100vw, 500px\" \/><\/p>\n<p>Construido con un robusto soporte de estilo japon\u00e9s, este profesional <a href=\"https:\/\/mountlaser.com\/es\/products\/\"><strong>Conjunto de prisma reflector<\/strong><\/a> Est\u00e1 dise\u00f1ado para ofrecer un rendimiento confiable en los entornos m\u00e1s desafiantes, garantizando la integridad de sus datos desde la configuraci\u00f3n hasta el final.<\/p>","protected":false},"excerpt":{"rendered":"<ul>\n<li>Ofrece opciones de desplazamiento de 0 mm o -30 mm y una altura de eje de inclinaci\u00f3n de 100 mm para un posicionamiento vers\u00e1til y una referencia de \u00e1ngulo precisa.<\/li>\n<li>Disponible con una opci\u00f3n de prisma recubierto de cobre o de plata para optimizar el rendimiento para su longitud de onda de medici\u00f3n espec\u00edfica y las condiciones ambientales.<\/li>\n<\/ul>","protected":false},"featured_media":2618,"comment_status":"open","ping_status":"closed","template":"","meta":[],"product_brand":[],"product_cat":[72,103],"product_tag":[],"class_list":{"0":"post-2615","1":"product","2":"type-product","3":"status-publish","4":"has-post-thumbnail","6":"product_cat-reflective-target-prism","7":"product_cat-prism-assembly","9":"first","10":"instock","11":"shipping-taxable","12":"product-type-simple"},"_links":{"self":[{"href":"https:\/\/mountlaser.com\/es\/wp-json\/wp\/v2\/product\/2615","targetHints":{"allow":["GET"]}}],"collection":[{"href":"https:\/\/mountlaser.com\/es\/wp-json\/wp\/v2\/product"}],"about":[{"href":"https:\/\/mountlaser.com\/es\/wp-json\/wp\/v2\/types\/product"}],"replies":[{"embeddable":true,"href":"https:\/\/mountlaser.com\/es\/wp-json\/wp\/v2\/comments?post=2615"}],"wp:featuredmedia":[{"embeddable":true,"href":"https:\/\/mountlaser.com\/es\/wp-json\/wp\/v2\/media\/2618"}],"wp:attachment":[{"href":"https:\/\/mountlaser.com\/es\/wp-json\/wp\/v2\/media?parent=2615"}],"wp:term":[{"taxonomy":"product_brand","embeddable":true,"href":"https:\/\/mountlaser.com\/es\/wp-json\/wp\/v2\/product_brand?post=2615"},{"taxonomy":"product_cat","embeddable":true,"href":"https:\/\/mountlaser.com\/es\/wp-json\/wp\/v2\/product_cat?post=2615"},{"taxonomy":"product_tag","embeddable":true,"href":"https:\/\/mountlaser.com\/es\/wp-json\/wp\/v2\/product_tag?post=2615"}],"curies":[{"name":"wp","href":"https:\/\/api.w.org\/{rel}","templated":true}]}}